{"id":996,"date":"2020-08-14T09:45:06","date_gmt":"2020-08-14T09:45:06","guid":{"rendered":"http:\/\/spim.ubfc.fr\/hdr\/"},"modified":"2020-08-14T09:45:09","modified_gmt":"2020-08-14T09:45:09","slug":"hdr","status":"publish","type":"page","link":"https:\/\/spim.ubfc.fr\/en\/hdr\/","title":{"rendered":"HDR"},"content":{"rendered":"\t\t<div data-elementor-type=\"wp-page\" data-elementor-id=\"996\" class=\"elementor elementor-996 elementor-363\" data-elementor-post-type=\"page\">\n\t\t\t\t\t\t<section class=\"elementor-section elementor-top-section elementor-element elementor-element-d6a07a1 elementor-section-boxed elementor-section-height-default elementor-section-height-default\" data-id=\"d6a07a1\" data-element_type=\"section\" data-e-type=\"section\">\n\t\t\t\t\t\t<div class=\"elementor-container elementor-column-gap-default\">\n\t\t\t\t\t<div class=\"elementor-column elementor-col-100 elementor-top-column elementor-element elementor-element-ae553ef\" data-id=\"ae553ef\" data-element_type=\"column\" data-e-type=\"column\">\n\t\t\t<div class=\"elementor-widget-wrap elementor-element-populated\">\n\t\t\t\t\t\t<div class=\"elementor-element elementor-element-286e88a elementor-widget elementor-widget-breadcrumbs\" data-id=\"286e88a\" data-element_type=\"widget\" data-e-type=\"widget\" data-widget_type=\"breadcrumbs.default\">\n\t\t\t\t<div class=\"elementor-widget-container\">\n\t\t\t\t\t<p id=\"breadcrumbs\"><span><span><a href=\"https:\/\/spim.ubfc.fr\/en\/\">Accueil<\/a><\/span><\/span><\/p>\t\t\t\t<\/div>\n\t\t\t\t<\/div>\n\t\t\t\t<div class=\"elementor-element elementor-element-36a2316 elementor-widget elementor-widget-heading\" data-id=\"36a2316\" data-element_type=\"widget\" data-e-type=\"widget\" data-widget_type=\"heading.default\">\n\t\t\t\t<div class=\"elementor-widget-container\">\n\t\t\t\t\t<h2 class=\"elementor-heading-title elementor-size-default\">The Diploma of \"Habilitation to Conduct Research\"<\/h2>\t\t\t\t<\/div>\n\t\t\t\t<\/div>\n\t\t\t\t<div class=\"elementor-element elementor-element-3d9e2e4 elementor-widget elementor-widget-heading\" data-id=\"3d9e2e4\" data-element_type=\"widget\" data-e-type=\"widget\" data-widget_type=\"heading.default\">\n\t\t\t\t<div class=\"elementor-widget-container\">\n\t\t\t\t\t<h2 class=\"elementor-heading-title elementor-size-default\">What is H.D.R.?<\/h2>\t\t\t\t<\/div>\n\t\t\t\t<\/div>\n\t\t\t\t<div class=\"elementor-element elementor-element-0f532e0 elementor-widget elementor-widget-text-editor\" data-id=\"0f532e0\" data-element_type=\"widget\" data-e-type=\"widget\" data-widget_type=\"text-editor.default\">\n\t\t\t\t<div class=\"elementor-widget-container\">\n\t\t\t\t\t\t\t\t\t<div class=\"divcontenu\">\n<p class=\"p1\"><span class=\"s1\">The H.D.R. is a diploma for experienced researchers of a high scientific level, suitable for conducting and supervising original research.<\/span><\/p>\n<p class=\"p1\"><span class=\"s1\">The HDR is governed by the decrees of 23\/11\/1988 and 13\/02\/1992.<\/span><\/p>\n<p class=\"p1\"><span class=\"s1\">For the HDR UBFC procedures, please consult the UBFC website:<\/span><\/p>\n<p class=\"p3\"><span class=\"s2\"><span class=\"Apple-converted-space\">\u00a0\u00a0 \u00a0 <\/span><a href=\"http:\/\/collegedoctoral.ubfc.fr\/ressources-faq-2\/documents\/\"><span class=\"s3\">http:\/\/collegedoctoral.ubfc.fr\/ressources-faq-2\/documents\/<\/span><\/a><\/span><\/p>\n<p class=\"p1\"><span class=\"s1\">Registration form to validate your application to the UBFC academic council :<\/span><\/p>\n<p class=\"p1\"><a href=\"http:\/\/ed-spim.univ-fcomte.fr\/download\/ed-spim\/document\/hdr\/fo_ed_ddehdr_03-demande-dautorisation-dinscription-hdr-2.docx\"><span class=\"s1\">Download the document<\/span><\/a><\/p>\n<p class=\"p1\"><span style=\"font-size: 1rem;\">Administrative registration form after agreement of the UBFC academic council for the defense :<\/span><\/p>\n<\/div>\n<div class=\"divcontenu\">\n<p class=\"p1\"><span class=\"s1\"><a href=\"http:\/\/ed-spim.univ-fcomte.fr\/download\/ed-spim\/document\/hdr\/fo_ed_insc_hdr_02-dossier-dinscription-hdr-1.doc\">Download the document word<\/a><\/span><\/p>\n<\/div>\n<div class=\"divcontenu\">\n<p class=\"p1\"><span class=\"s1\">Defense committee proposal form for the HDR defense :<\/span><\/p>\n<p class=\"p1\"><a href=\"http:\/\/ed-spim.univ-fcomte.fr\/download\/ed-spim\/document\/hdr\/fo_ed_sout_hdr_03-hdr-designation-rapporteurs-jury-1.doc\"><span class=\"s1\">Download the document word<\/span><\/a><\/p>\n<\/div>\n\t\t\t\t\t\t\t\t<\/div>\n\t\t\t\t<\/div>\n\t\t\t\t\t<\/div>\n\t\t<\/div>\n\t\t\t\t\t<\/div>\n\t\t<\/section>\n\t\t\t\t<\/div>\n\t\t","protected":false},"excerpt":{"rendered":"<p>The Diploma of &#8220;Habilitation to Conduct Research&#8221; What is H.D.R.? The H.D.R. is a diploma for experienced researchers of a high scientific level, suitable for conducting and supervising original research. The HDR is governed by the decrees of 23\/11\/1988 and 13\/02\/1992. For the HDR UBFC procedures, please consult the UBFC website: \u00a0\u00a0 \u00a0 http:\/\/collegedoctoral.ubfc.fr\/ressources-faq-2\/documents\/ Registration &hellip; <a href=\"https:\/\/spim.ubfc.fr\/en\/hdr\/\">Continued<\/a><\/p>\n","protected":false},"author":1,"featured_media":0,"parent":0,"menu_order":0,"comment_status":"closed","ping_status":"closed","template":"","meta":{"_acf_changed":false,"footnotes":""},"class_list":["post-996","page","type-page","status-publish","hentry"],"acf":[],"yoast_head":"<!-- This site is optimized with the Yoast SEO plugin v27.4 - https:\/\/yoast.com\/product\/yoast-seo-wordpress\/ -->\n<title>HDR - \u00c9COLE DOCTORALE SPIM<\/title>\n<meta name=\"robots\" content=\"index, follow, max-snippet:-1, max-image-preview:large, max-video-preview:-1\" \/>\n<link rel=\"canonical\" href=\"https:\/\/spim.ubfc.fr\/en\/hdr\/\" \/>\n<meta property=\"og:locale\" content=\"en_US\" \/>\n<meta property=\"og:type\" content=\"article\" \/>\n<meta property=\"og:title\" content=\"HDR - \u00c9COLE DOCTORALE SPIM\" \/>\n<meta property=\"og:description\" content=\"The Diploma of &#8220;Habilitation to Conduct Research&#8221; What is H.D.R.? The H.D.R. is a diploma for experienced researchers of a high scientific level, suitable for conducting and supervising original research. The HDR is governed by the decrees of 23\/11\/1988 and 13\/02\/1992. For the HDR UBFC procedures, please consult the UBFC website: \u00a0\u00a0 \u00a0 http:\/\/collegedoctoral.ubfc.fr\/ressources-faq-2\/documents\/ Registration &hellip; Continued\" \/>\n<meta property=\"og:url\" content=\"https:\/\/spim.ubfc.fr\/en\/hdr\/\" \/>\n<meta property=\"og:site_name\" content=\"\u00c9COLE DOCTORALE SPIM\" \/>\n<meta property=\"article:modified_time\" content=\"2020-08-14T09:45:09+00:00\" \/>\n<meta name=\"twitter:card\" content=\"summary_large_image\" \/>\n<meta name=\"twitter:label1\" content=\"Est. reading time\" \/>\n\t<meta name=\"twitter:data1\" content=\"1 minute\" \/>\n<script type=\"application\/ld+json\" class=\"yoast-schema-graph\">{\"@context\":\"https:\\\/\\\/schema.org\",\"@graph\":[{\"@type\":\"WebPage\",\"@id\":\"https:\\\/\\\/spim.ubfc.fr\\\/en\\\/hdr\\\/\",\"url\":\"https:\\\/\\\/spim.ubfc.fr\\\/en\\\/hdr\\\/\",\"name\":\"HDR - \u00c9COLE DOCTORALE SPIM\",\"isPartOf\":{\"@id\":\"https:\\\/\\\/spim.ubfc.fr\\\/en\\\/#website\"},\"datePublished\":\"2020-08-14T09:45:06+00:00\",\"dateModified\":\"2020-08-14T09:45:09+00:00\",\"breadcrumb\":{\"@id\":\"https:\\\/\\\/spim.ubfc.fr\\\/en\\\/hdr\\\/#breadcrumb\"},\"inLanguage\":\"en-US\",\"potentialAction\":[{\"@type\":\"ReadAction\",\"target\":[\"https:\\\/\\\/spim.ubfc.fr\\\/en\\\/hdr\\\/\"]}]},{\"@type\":\"BreadcrumbList\",\"@id\":\"https:\\\/\\\/spim.ubfc.fr\\\/en\\\/hdr\\\/#breadcrumb\",\"itemListElement\":[{\"@type\":\"ListItem\",\"position\":1,\"name\":\"Accueil\",\"item\":\"https:\\\/\\\/spim.ubfc.fr\\\/en\\\/\"},{\"@type\":\"ListItem\",\"position\":2,\"name\":\"HDR\"}]},{\"@type\":\"WebSite\",\"@id\":\"https:\\\/\\\/spim.ubfc.fr\\\/en\\\/#website\",\"url\":\"https:\\\/\\\/spim.ubfc.fr\\\/en\\\/\",\"name\":\"\u00c9cole Doctorale SPIM\",\"description\":\"Ecole Doctorale de Sciences Physiques pour l\u2019Ing\u00e9nieur et Microtechniques - Universit\u00e9 de Bourgogne Franche-Comt\u00e9\",\"publisher\":{\"@id\":\"https:\\\/\\\/spim.ubfc.fr\\\/en\\\/#organization\"},\"potentialAction\":[{\"@type\":\"SearchAction\",\"target\":{\"@type\":\"EntryPoint\",\"urlTemplate\":\"https:\\\/\\\/spim.ubfc.fr\\\/en\\\/?s={search_term_string}\"},\"query-input\":{\"@type\":\"PropertyValueSpecification\",\"valueRequired\":true,\"valueName\":\"search_term_string\"}}],\"inLanguage\":\"en-US\"},{\"@type\":\"Organization\",\"@id\":\"https:\\\/\\\/spim.ubfc.fr\\\/en\\\/#organization\",\"name\":\"\u00c9cole Doctorale SPIM\",\"url\":\"https:\\\/\\\/spim.ubfc.fr\\\/en\\\/\",\"logo\":{\"@type\":\"ImageObject\",\"inLanguage\":\"en-US\",\"@id\":\"https:\\\/\\\/spim.ubfc.fr\\\/en\\\/#\\\/schema\\\/logo\\\/image\\\/\",\"url\":\"https:\\\/\\\/spim.ubfc.fr\\\/wp-content\\\/uploads\\\/sites\\\/17\\\/2020\\\/08\\\/logospim.jpeg\",\"contentUrl\":\"https:\\\/\\\/spim.ubfc.fr\\\/wp-content\\\/uploads\\\/sites\\\/17\\\/2020\\\/08\\\/logospim.jpeg\",\"width\":434,\"height\":144,\"caption\":\"\u00c9cole Doctorale SPIM\"},\"image\":{\"@id\":\"https:\\\/\\\/spim.ubfc.fr\\\/en\\\/#\\\/schema\\\/logo\\\/image\\\/\"}}]}<\/script>\n<!-- \/ Yoast SEO plugin. -->","yoast_head_json":{"title":"HDR - \u00c9COLE DOCTORALE SPIM","robots":{"index":"index","follow":"follow","max-snippet":"max-snippet:-1","max-image-preview":"max-image-preview:large","max-video-preview":"max-video-preview:-1"},"canonical":"https:\/\/spim.ubfc.fr\/en\/hdr\/","og_locale":"en_US","og_type":"article","og_title":"HDR - \u00c9COLE DOCTORALE SPIM","og_description":"The Diploma of &#8220;Habilitation to Conduct Research&#8221; What is H.D.R.? The H.D.R. is a diploma for experienced researchers of a high scientific level, suitable for conducting and supervising original research. The HDR is governed by the decrees of 23\/11\/1988 and 13\/02\/1992. For the HDR UBFC procedures, please consult the UBFC website: \u00a0\u00a0 \u00a0 http:\/\/collegedoctoral.ubfc.fr\/ressources-faq-2\/documents\/ Registration &hellip; Continued","og_url":"https:\/\/spim.ubfc.fr\/en\/hdr\/","og_site_name":"\u00c9COLE DOCTORALE SPIM","article_modified_time":"2020-08-14T09:45:09+00:00","twitter_card":"summary_large_image","twitter_misc":{"Est. reading time":"1 minute"},"schema":{"@context":"https:\/\/schema.org","@graph":[{"@type":"WebPage","@id":"https:\/\/spim.ubfc.fr\/en\/hdr\/","url":"https:\/\/spim.ubfc.fr\/en\/hdr\/","name":"HDR - \u00c9COLE DOCTORALE SPIM","isPartOf":{"@id":"https:\/\/spim.ubfc.fr\/en\/#website"},"datePublished":"2020-08-14T09:45:06+00:00","dateModified":"2020-08-14T09:45:09+00:00","breadcrumb":{"@id":"https:\/\/spim.ubfc.fr\/en\/hdr\/#breadcrumb"},"inLanguage":"en-US","potentialAction":[{"@type":"ReadAction","target":["https:\/\/spim.ubfc.fr\/en\/hdr\/"]}]},{"@type":"BreadcrumbList","@id":"https:\/\/spim.ubfc.fr\/en\/hdr\/#breadcrumb","itemListElement":[{"@type":"ListItem","position":1,"name":"Accueil","item":"https:\/\/spim.ubfc.fr\/en\/"},{"@type":"ListItem","position":2,"name":"HDR"}]},{"@type":"WebSite","@id":"https:\/\/spim.ubfc.fr\/en\/#website","url":"https:\/\/spim.ubfc.fr\/en\/","name":"\u00c9cole Doctorale SPIM","description":"Ecole Doctorale de Sciences Physiques pour l\u2019Ing\u00e9nieur et Microtechniques - Universit\u00e9 de Bourgogne Franche-Comt\u00e9","publisher":{"@id":"https:\/\/spim.ubfc.fr\/en\/#organization"},"potentialAction":[{"@type":"SearchAction","target":{"@type":"EntryPoint","urlTemplate":"https:\/\/spim.ubfc.fr\/en\/?s={search_term_string}"},"query-input":{"@type":"PropertyValueSpecification","valueRequired":true,"valueName":"search_term_string"}}],"inLanguage":"en-US"},{"@type":"Organization","@id":"https:\/\/spim.ubfc.fr\/en\/#organization","name":"\u00c9cole Doctorale SPIM","url":"https:\/\/spim.ubfc.fr\/en\/","logo":{"@type":"ImageObject","inLanguage":"en-US","@id":"https:\/\/spim.ubfc.fr\/en\/#\/schema\/logo\/image\/","url":"https:\/\/spim.ubfc.fr\/wp-content\/uploads\/sites\/17\/2020\/08\/logospim.jpeg","contentUrl":"https:\/\/spim.ubfc.fr\/wp-content\/uploads\/sites\/17\/2020\/08\/logospim.jpeg","width":434,"height":144,"caption":"\u00c9cole Doctorale SPIM"},"image":{"@id":"https:\/\/spim.ubfc.fr\/en\/#\/schema\/logo\/image\/"}}]}},"_links":{"self":[{"href":"https:\/\/spim.ubfc.fr\/en\/wp-json\/wp\/v2\/pages\/996","targetHints":{"allow":["GET"]}}],"collection":[{"href":"https:\/\/spim.ubfc.fr\/en\/wp-json\/wp\/v2\/pages"}],"about":[{"href":"https:\/\/spim.ubfc.fr\/en\/wp-json\/wp\/v2\/types\/page"}],"author":[{"embeddable":true,"href":"https:\/\/spim.ubfc.fr\/en\/wp-json\/wp\/v2\/users\/1"}],"replies":[{"embeddable":true,"href":"https:\/\/spim.ubfc.fr\/en\/wp-json\/wp\/v2\/comments?post=996"}],"version-history":[{"count":0,"href":"https:\/\/spim.ubfc.fr\/en\/wp-json\/wp\/v2\/pages\/996\/revisions"}],"wp:attachment":[{"href":"https:\/\/spim.ubfc.fr\/en\/wp-json\/wp\/v2\/media?parent=996"}],"curies":[{"name":"wp","href":"https:\/\/api.w.org\/{rel}","templated":true}]}}