{"id":990,"date":"2020-08-14T09:37:54","date_gmt":"2020-08-14T09:37:54","guid":{"rendered":"http:\/\/spim.ubfc.fr\/hdr-regulatory-texts\/"},"modified":"2023-11-16T15:47:25","modified_gmt":"2023-11-16T15:47:25","slug":"hdr-regulatory-texts","status":"publish","type":"page","link":"https:\/\/spim.ubfc.fr\/en\/hdr-regulatory-texts\/","title":{"rendered":"HDR Regulatory texts"},"content":{"rendered":"\t\t<div data-elementor-type=\"wp-page\" data-elementor-id=\"990\" class=\"elementor elementor-990 elementor-742\" data-elementor-post-type=\"page\">\n\t\t\t\t\t\t<section class=\"elementor-section elementor-top-section elementor-element elementor-element-ff339f9 elementor-section-boxed elementor-section-height-default elementor-section-height-default\" data-id=\"ff339f9\" data-element_type=\"section\" data-e-type=\"section\">\n\t\t\t\t\t\t<div class=\"elementor-container elementor-column-gap-default\">\n\t\t\t\t\t<div class=\"elementor-column elementor-col-100 elementor-top-column elementor-element elementor-element-0784c60\" data-id=\"0784c60\" data-element_type=\"column\" data-e-type=\"column\">\n\t\t\t<div class=\"elementor-widget-wrap elementor-element-populated\">\n\t\t\t\t\t\t<div class=\"elementor-element elementor-element-35aa26d elementor-widget elementor-widget-heading\" data-id=\"35aa26d\" data-element_type=\"widget\" data-e-type=\"widget\" data-widget_type=\"heading.default\">\n\t\t\t\t<div class=\"elementor-widget-container\">\n\t\t\t\t\t<h2 class=\"elementor-heading-title elementor-size-default\"><a href=\"https:\/\/collegedoctoral.ubfc.fr\/hdr\/enrollment-and-defense\/?lang=en\" target=\"_blank\">All the informations are available on the Doctoral College website : https:\/\/collegedoctoral.ubfc.fr\/hdr\/enrollment-and-defense\/?lang=en<\/a><\/h2>\t\t\t\t<\/div>\n\t\t\t\t<\/div>\n\t\t\t\t<div class=\"elementor-element elementor-element-fabde60 elementor-widget elementor-widget-breadcrumbs\" data-id=\"fabde60\" data-element_type=\"widget\" data-e-type=\"widget\" data-widget_type=\"breadcrumbs.default\">\n\t\t\t\t<div class=\"elementor-widget-container\">\n\t\t\t\t\t<p id=\"breadcrumbs\"><span><span><a href=\"https:\/\/spim.ubfc.fr\/en\/\">Accueil<\/a><\/span><\/span><\/p>\t\t\t\t<\/div>\n\t\t\t\t<\/div>\n\t\t\t\t<div class=\"elementor-element elementor-element-a2c8a0b elementor-widget elementor-widget-heading\" data-id=\"a2c8a0b\" data-element_type=\"widget\" data-e-type=\"widget\" data-widget_type=\"heading.default\">\n\t\t\t\t<div class=\"elementor-widget-container\">\n\t\t\t\t\t<h2 class=\"elementor-heading-title elementor-size-default\">Arr\u00eat\u00e9 interminist\u00e9riel du 23 novembre 1988<\/h2>\t\t\t\t<\/div>\n\t\t\t\t<\/div>\n\t\t\t\t<div class=\"elementor-element elementor-element-d622e91 elementor-widget elementor-widget-heading\" data-id=\"d622e91\" data-element_type=\"widget\" data-e-type=\"widget\" data-widget_type=\"heading.default\">\n\t\t\t\t<div class=\"elementor-widget-container\">\n\t\t\t\t\t<h2 class=\"elementor-heading-title elementor-size-default\">Relatif \u00e0 l'habilitation \u00e0 diriger des recherches<\/h2>\t\t\t\t<\/div>\n\t\t\t\t<\/div>\n\t\t\t\t<div class=\"elementor-element elementor-element-be7c2b9 elementor-widget elementor-widget-text-editor\" data-id=\"be7c2b9\" data-element_type=\"widget\" data-e-type=\"widget\" data-widget_type=\"text-editor.default\">\n\t\t\t\t<div class=\"elementor-widget-container\">\n\t\t\t\t\t\t\t\t\t<p>Le ministre de l\u2019\u00e9ducation nationale, de la jeunesse etdes sports, et de l\u2019enseignement sup\u00e9rieur, le ministre de la solidarit\u00e9, de la sant\u00e9 et de la protection sociale, porte-parole du Gouvernement, et le ministre de la recherche et de la technologie,<\/p>\n<p>VU la loi n\u00b0 84-52 du janvier 1984 sur l\u2019enseignement sup\u00e9rieur ;<br \/>VU le d\u00e9cret n\u00b0 84-573 du juillet 1984 relatif aux dipl\u00f4mes nationaux de l\u2019enseignement sup\u00e9rieur ;<br \/>VU l\u2019arr\u00eat\u00e9 du 19 f\u00e9vrier 1987 fixant la liste des corps de fonctionnaires assimil\u00e9s aux professeur des universit\u00e9s et aux ma\u00eetres de conf\u00e9rences, ma\u00eetres-assistants et chef de travaux pour la d\u00e9signation des membres du Conseil national des universit\u00e9s ;<br \/>VU l\u2019arr\u00eat\u00e9 du 23 novembre 1988 relatif aux \u00e9tudes doctorales ;<br \/>VU l\u2019arr\u00eat\u00e9 du 13 f\u00e9vrier 1992 ;<br \/>VU l\u2019avis du Conseil national de l\u2019enseignement sup\u00e9rieur et de la recherche,<\/p>\n<p>Arr\u00eatent<br \/><strong><br \/>Article 1 :<\/strong>\u00a0L\u2019habilitation \u00e0 diriger des recherches sanctionne la reconnaissance du haut niveau scientifique du candidat, du caract\u00e8re original de sa d\u00e9marche dans un domaine de la science, de son aptitude \u00e0 ma\u00eetriser une activit\u00e9 de recherche dans un domaine scientifique ou technologique suffisamment large et de sa capacit\u00e9 \u00e0 encadrer de jeunes chercheurs.<br \/>Elle permet notamment d\u2019\u00eatre candidat \u00e0 l\u2019acc\u00e8s au corps des professeurs des universit\u00e9s.<\/p>\n<p><strong>Article 2 :\u00a0<\/strong>Ce dipl\u00f4me est d\u00e9livr\u00e9, d\u2019une part, par les universit\u00e9s et, d\u2019autre part, par les \u00e9tablissements d\u2019enseignement sup\u00e9rieur public figurant sur une liste \u00e9tablie par le ministre charg\u00e9 de l\u2019enseignement sup\u00e9rieur, apr\u00e8s avis du Conseil national de l\u2019enseignement sup\u00e9rieur et de la recherche.<\/p>\n<p><strong>Article 3 :\u00a0<\/strong>(modifi\u00e9 par l\u2019arr\u00eat\u00e9 du 13.07.95 et 25.04.2002) : Les candidats doivent \u00eatre titulaires :<br \/>\u2022 d\u2019un dipl\u00f4me de doctorat ou<br \/>\u2022 d\u2019un dipl\u00f4me de docteur permettant l\u2019exercice de la m\u00e9decine, de l\u2019odontologie, de la pharmacie et\u00a0de la m\u00e9decine v\u00e9t\u00e9rinaire et d\u2019un dipl\u00f4me d\u2019\u00e9tudes approfondies ou d\u2019un master recherche.<br \/>\u2022 justifier d\u2019un dipl\u00f4me, de travaux ou d\u2019une exp\u00e9rience d\u2019un niveau \u00e9quivalent au doctorat.<\/p>\n<p>Les demandes d\u2019inscription ne peuvent \u00eatre d\u00e9pos\u00e9es au cours d\u2019une m\u00eame ann\u00e9e universitaire qu\u2019aupr\u00e8s d\u2019un seul \u00e9tablissement. Les candidats ayant d\u00e9j\u00e0 \u00e9t\u00e9 inscrits en vue de ce dipl\u00f4me dans un autre \u00e9tablissement sont tenus de le signaler.<br \/>Les demandes d\u2019inscription sont examin\u00e9es par le pr\u00e9sident ou le directeur de l\u2019\u00e9tablissemenrt, qui statue sur proposition du conseil scientifique si\u00e9geant en formation restreinte aux personnalit\u00e9s habilit\u00e9es \u00e0 diriger des recherches et apr\u00e8s avis du directeur de recherche si le candidat en a un.<\/p>\n<p><strong>Article 4 :\u00a0<\/strong>Le dossier de candidature comprend soit un ou plusieurs ouvrages publi\u00e9s ou dactylographi\u00e9s, soit un dossier de travaux, accompagn\u00e9s d\u2019une synth\u00e8se de l\u2019activit\u00e9s scientifique du candidat permettant de faire appara\u00eetre son exp\u00e9rience dans l\u2019animation d\u2019une recherche.<\/p>\n<p><strong>Article 5 :\u00a0<\/strong>L\u2019autorisation de se pr\u00e9senter devant le jury est accord\u00e9e par le pr\u00e9sident ou le directeur de l\u2019\u00e9tablissement suivant la proc\u00e9dure ci-apr\u00e8s.<br \/>Le pr\u00e9sident ou le directeur de l\u2019\u00e9tablissement confie le soin d\u2019examiner les travaux du candidats \u00e0 au moins trois rapporteur choisis en raison de leur comp\u00e9tence, dont au moins deux doivent \u00eatre habilit\u00e9s \u00e0 diriger des recherches.<br \/>Deux de ces rapporteurs doivent ne pas appartenir au corps enseignant de l\u2019\u00e9tablissement dans lequel le candidat a d\u00e9pos\u00e9 sa demande.<br \/>Les personnalit\u00e9s consult\u00e9es font conna\u00eetre leur avis par des rapports \u00e9crits et motiv\u00e9s, sur la base desquels peut \u00eatre autoris\u00e9e la pr\u00e9sentation orale des travaux du candidat devant le jury. Ces rapports sont communiqu\u00e9s au candidats et peuvent \u00eatre consult\u00e9s par toute personne habilit\u00e9e \u00e0 diriger des recherches.<br \/>Avant cette pr\u00e9sentation, un r\u00e9sum\u00e9 des ouvrages ou des travaux est diffus\u00e9 \u00e0 l\u2019int\u00e9rieur de l\u2019\u00e9tablissement.<br \/>L\u2019avis de pr\u00e9sentation des travaux est affich\u00e9 dans l\u2019enceinte de l\u2019\u00e9tablissement.<br \/>Le pr\u00e9sident ou le directeur de l\u2019\u00e9tablissement prend les mesures appropri\u00e9es pour assurer hors de l\u2019\u00e9tablissement la diffusion de l\u2019information relative \u00e0 la pr\u00e9sentation des travaux, notamment aupr\u00e8s des autres universit\u00e9s et \u00e9tablissement d\u00e9livrant l\u2019habilitation \u00e0 diriger des recherches et apr\u00e8s avis du Conseil national des universit\u00e9s.<\/p>\n<p><strong>Article 6 :\u00a0<\/strong>(modifi\u00e9 par arr\u00eat\u00e9 du 13.02.92) : Le jury est nomm\u00e9 par le pr\u00e9sident ou le directeur de l\u2019\u00e9tablissement.<br \/>Il est compos\u00e9 d\u2019au moins cinq membres choisis parmi les personnels enseignants habilit\u00e9s \u00e0 diriger des recherches des \u00e9tablissements d\u2019enseignements sup\u00e9rieur public, les directeurs et ma\u00eetres de recherches des \u00e9tablissement publics \u00e0 caract\u00e8re scientifique et technologique et, pour au moins de la moiti\u00e9, de personnalit\u00e9s fran\u00e7aises ou \u00e9trang\u00e8res ext\u00e9rieur \u00e0 l\u2019\u00e9tablissement et reconnues en raison de leur comp\u00e9tence scientifique.<br \/>La moiti\u00e9 du jury, au moins, doit \u00eatre compos\u00e9e de professeur ou assimil\u00e9s au sens de l\u2019article 1er de l\u2019arr\u00eat\u00e9 du 19 f\u00e9vrier 1987 susvis\u00e9.<br \/>Le jury d\u00e9signe en son sein un pr\u00e9sident et deux rapporteurs ; ces derniers doivent \u00eatre ext\u00e9rieurs \u00e0 l\u2019\u00e9tablissement.<\/p>\n<p><strong>Article 7 :\u00a0<\/strong>(modifi\u00e9 par l\u2019arr\u00eat\u00e9 du 13.07.95) : La pr\u00e9sentation des travaux est publique.<br \/>Toutefois si l\u2019objet des travaux l\u2019exige, le pr\u00e9sident ou le directeur de l\u2019\u00e9tablissement peut prendre toute disposition utile pour en prot\u00e9ger le caract\u00e8re confidentiel.<br \/>Le candidat fait devant le jury un expos\u00e9 sur l\u2019ensemble de ses travaux et, \u00e9ventuellement, pour une partie d\u2019entre eux, une d\u00e9monstration. Cet expos\u00e9 donne lieu \u00e0 une discussion avec le jury.<br \/>Le jury proc\u00e8de \u00e0 un examen de la valeur du candidat, \u00e9value sa capacit\u00e9 \u00e0 concevoir, diriger, animer et coordonner des activit\u00e9s de recherche et de valorisation et statue sur la d\u00e9livrance de l\u2019habilitation.<br \/>Le pr\u00e9sident du jury, apr\u00e8s avoir recueilli l\u2019avis des membres du jury, \u00e9tablit un rapport. Ce rapport est contresign\u00e9 par l\u2019ensemble des membres du jury et communiqu\u00e9 au candidat. Il peut \u00eatre consult\u00e9 par toute personne habilit\u00e9e \u00e0 diriger des recherches.<\/p>\n<p><strong>Article 8 :\u00a0<\/strong>Les universit\u00e9s et les \u00e9tablissemnts pr\u00e9vus \u00e0 l\u2019articles 2 ci -dessus sont tenus de communiquer chaque ann\u00e9e au ministre charg\u00e9 de l\u2019enseignement sup\u00e9rieur la liste des nouveaux habilit\u00e9s dans chaque discipline.<\/p>\n<p><strong>Article 9 :\u00a0<\/strong>Les professeurs des universit\u00e9s pr\u00e9vues et assimil\u00e9s au sens de l\u2019article 1er de l\u2019arr\u00eat\u00e9 du 19 f\u00e9vrier 1987 susvis\u00e9 ainsi que les docteurs d\u2019Etat, les docteurs d\u2019Etat en biologie humaine, les docteur d\u2019Etat en science pharmaceutique et les docteurs d\u2019Etat en odontologie sont habilit\u00e9s \u00e0 diriger des recherches.<\/p>\n<p><strong>Article 10 :<\/strong>\u00a0Les candidats inscrits \u00e0 la date de publication du pr\u00e9sent arr\u00eat\u00e9 en vue de l\u2019habilitation \u00e0 diriger des recherches et en conformit\u00e9 avec les dispositions r\u00e9glementaires ant\u00e9rieurs relatives \u00e0 ce dipl\u00f4me sont de plein droit inscrits en vue de l\u2019habilitation \u00e0 diriger des recherches telle que pr\u00e9vue par le pr\u00e9sent arr\u00eat\u00e9.<\/p>\n<p><strong>Article 11 :\u00a0<\/strong>L\u2019arr\u00eat\u00e9 du 21 mars 1988 relatif \u00e0 l\u2019habilitation \u00e0 diriger des recherches en droit, en sciences politique, en science \u00e9conomique ou en gestion, l\u2019arr\u00eat\u00e9 du 5 avril 1988 relatif \u00e0 l\u2019habilitation \u00e0 diriger des recherches en lettres et en sciences humaines et l\u2019arr\u00eat\u00e9 du 5 avril 1988, modifi\u00e9 par l\u2019arr\u00eat\u00e9 du 22 avril 1988, relatif \u00e0 l\u2019habilitation \u00e0 diriger des recherches en sciences sont abrog\u00e9s.<\/p>\n<p><strong>Article 12<\/strong>\u00a0:\u00a0Le pr\u00e9sent arr\u00eat\u00e9 sera publi\u00e9 au Journal officiel de la R\u00e9publique fran\u00e7aise.<\/p>\n<p><strong>(J.O. du 29 novembre 1988 et du 13 juillet 1995)<\/strong><\/p>\n\t\t\t\t\t\t\t\t<\/div>\n\t\t\t\t<\/div>\n\t\t\t\t\t<\/div>\n\t\t<\/div>\n\t\t\t\t\t<\/div>\n\t\t<\/section>\n\t\t\t\t<\/div>\n\t\t","protected":false},"excerpt":{"rendered":"<p>All the informations are available on the Doctoral College website : https:\/\/collegedoctoral.ubfc.fr\/hdr\/enrollment-and-defense\/?lang=en Arr\u00eat\u00e9 interminist\u00e9riel du 23 novembre 1988 Relatif \u00e0 l&#8217;habilitation \u00e0 diriger des recherches Le ministre de l\u2019\u00e9ducation nationale, de la jeunesse etdes sports, et de l\u2019enseignement sup\u00e9rieur, le ministre de la solidarit\u00e9, de la sant\u00e9 et de la protection sociale, porte-parole du Gouvernement, &hellip; <a href=\"https:\/\/spim.ubfc.fr\/en\/hdr-regulatory-texts\/\">Continued<\/a><\/p>\n","protected":false},"author":22,"featured_media":0,"parent":0,"menu_order":0,"comment_status":"closed","ping_status":"closed","template":"","meta":{"_acf_changed":false,"footnotes":""},"class_list":["post-990","page","type-page","status-publish","hentry"],"acf":[],"yoast_head":"<!-- This site is optimized with the Yoast SEO plugin v27.4 - https:\/\/yoast.com\/product\/yoast-seo-wordpress\/ -->\n<title>HDR Regulatory texts - \u00c9COLE DOCTORALE SPIM<\/title>\n<meta name=\"robots\" content=\"index, follow, max-snippet:-1, max-image-preview:large, max-video-preview:-1\" \/>\n<link rel=\"canonical\" href=\"https:\/\/spim.ubfc.fr\/en\/hdr-regulatory-texts\/\" \/>\n<meta property=\"og:locale\" content=\"en_US\" \/>\n<meta property=\"og:type\" content=\"article\" \/>\n<meta property=\"og:title\" content=\"HDR Regulatory texts - \u00c9COLE DOCTORALE SPIM\" \/>\n<meta property=\"og:description\" content=\"All the informations are available on the Doctoral College website : https:\/\/collegedoctoral.ubfc.fr\/hdr\/enrollment-and-defense\/?lang=en Arr\u00eat\u00e9 interminist\u00e9riel du 23 novembre 1988 Relatif \u00e0 l&#8217;habilitation \u00e0 diriger des recherches Le ministre de l\u2019\u00e9ducation nationale, de la jeunesse etdes sports, et de l\u2019enseignement sup\u00e9rieur, le ministre de la solidarit\u00e9, de la sant\u00e9 et de la protection sociale, porte-parole du Gouvernement, &hellip; Continued\" \/>\n<meta property=\"og:url\" content=\"https:\/\/spim.ubfc.fr\/en\/hdr-regulatory-texts\/\" \/>\n<meta property=\"og:site_name\" content=\"\u00c9COLE DOCTORALE SPIM\" \/>\n<meta property=\"article:modified_time\" content=\"2023-11-16T15:47:25+00:00\" \/>\n<meta name=\"twitter:card\" content=\"summary_large_image\" \/>\n<meta name=\"twitter:label1\" content=\"Est. reading time\" \/>\n\t<meta name=\"twitter:data1\" content=\"6 minutes\" \/>\n<script type=\"application\/ld+json\" class=\"yoast-schema-graph\">{\"@context\":\"https:\\\/\\\/schema.org\",\"@graph\":[{\"@type\":\"WebPage\",\"@id\":\"https:\\\/\\\/spim.ubfc.fr\\\/en\\\/hdr-regulatory-texts\\\/\",\"url\":\"https:\\\/\\\/spim.ubfc.fr\\\/en\\\/hdr-regulatory-texts\\\/\",\"name\":\"HDR Regulatory texts - \u00c9COLE DOCTORALE SPIM\",\"isPartOf\":{\"@id\":\"https:\\\/\\\/spim.ubfc.fr\\\/en\\\/#website\"},\"datePublished\":\"2020-08-14T09:37:54+00:00\",\"dateModified\":\"2023-11-16T15:47:25+00:00\",\"breadcrumb\":{\"@id\":\"https:\\\/\\\/spim.ubfc.fr\\\/en\\\/hdr-regulatory-texts\\\/#breadcrumb\"},\"inLanguage\":\"en-US\",\"potentialAction\":[{\"@type\":\"ReadAction\",\"target\":[\"https:\\\/\\\/spim.ubfc.fr\\\/en\\\/hdr-regulatory-texts\\\/\"]}]},{\"@type\":\"BreadcrumbList\",\"@id\":\"https:\\\/\\\/spim.ubfc.fr\\\/en\\\/hdr-regulatory-texts\\\/#breadcrumb\",\"itemListElement\":[{\"@type\":\"ListItem\",\"position\":1,\"name\":\"Accueil\",\"item\":\"https:\\\/\\\/spim.ubfc.fr\\\/en\\\/\"},{\"@type\":\"ListItem\",\"position\":2,\"name\":\"HDR Regulatory texts\"}]},{\"@type\":\"WebSite\",\"@id\":\"https:\\\/\\\/spim.ubfc.fr\\\/en\\\/#website\",\"url\":\"https:\\\/\\\/spim.ubfc.fr\\\/en\\\/\",\"name\":\"\u00c9cole Doctorale SPIM\",\"description\":\"Ecole Doctorale de Sciences Physiques pour l\u2019Ing\u00e9nieur et Microtechniques - Universit\u00e9 de Bourgogne Franche-Comt\u00e9\",\"publisher\":{\"@id\":\"https:\\\/\\\/spim.ubfc.fr\\\/en\\\/#organization\"},\"potentialAction\":[{\"@type\":\"SearchAction\",\"target\":{\"@type\":\"EntryPoint\",\"urlTemplate\":\"https:\\\/\\\/spim.ubfc.fr\\\/en\\\/?s={search_term_string}\"},\"query-input\":{\"@type\":\"PropertyValueSpecification\",\"valueRequired\":true,\"valueName\":\"search_term_string\"}}],\"inLanguage\":\"en-US\"},{\"@type\":\"Organization\",\"@id\":\"https:\\\/\\\/spim.ubfc.fr\\\/en\\\/#organization\",\"name\":\"\u00c9cole Doctorale SPIM\",\"url\":\"https:\\\/\\\/spim.ubfc.fr\\\/en\\\/\",\"logo\":{\"@type\":\"ImageObject\",\"inLanguage\":\"en-US\",\"@id\":\"https:\\\/\\\/spim.ubfc.fr\\\/en\\\/#\\\/schema\\\/logo\\\/image\\\/\",\"url\":\"https:\\\/\\\/spim.ubfc.fr\\\/wp-content\\\/uploads\\\/sites\\\/17\\\/2020\\\/08\\\/logospim.jpeg\",\"contentUrl\":\"https:\\\/\\\/spim.ubfc.fr\\\/wp-content\\\/uploads\\\/sites\\\/17\\\/2020\\\/08\\\/logospim.jpeg\",\"width\":434,\"height\":144,\"caption\":\"\u00c9cole Doctorale SPIM\"},\"image\":{\"@id\":\"https:\\\/\\\/spim.ubfc.fr\\\/en\\\/#\\\/schema\\\/logo\\\/image\\\/\"}}]}<\/script>\n<!-- \/ Yoast SEO plugin. -->","yoast_head_json":{"title":"HDR Regulatory texts - \u00c9COLE DOCTORALE SPIM","robots":{"index":"index","follow":"follow","max-snippet":"max-snippet:-1","max-image-preview":"max-image-preview:large","max-video-preview":"max-video-preview:-1"},"canonical":"https:\/\/spim.ubfc.fr\/en\/hdr-regulatory-texts\/","og_locale":"en_US","og_type":"article","og_title":"HDR Regulatory texts - \u00c9COLE DOCTORALE SPIM","og_description":"All the informations are available on the Doctoral College website : https:\/\/collegedoctoral.ubfc.fr\/hdr\/enrollment-and-defense\/?lang=en Arr\u00eat\u00e9 interminist\u00e9riel du 23 novembre 1988 Relatif \u00e0 l&#8217;habilitation \u00e0 diriger des recherches Le ministre de l\u2019\u00e9ducation nationale, de la jeunesse etdes sports, et de l\u2019enseignement sup\u00e9rieur, le ministre de la solidarit\u00e9, de la sant\u00e9 et de la protection sociale, porte-parole du Gouvernement, &hellip; Continued","og_url":"https:\/\/spim.ubfc.fr\/en\/hdr-regulatory-texts\/","og_site_name":"\u00c9COLE DOCTORALE SPIM","article_modified_time":"2023-11-16T15:47:25+00:00","twitter_card":"summary_large_image","twitter_misc":{"Est. reading time":"6 minutes"},"schema":{"@context":"https:\/\/schema.org","@graph":[{"@type":"WebPage","@id":"https:\/\/spim.ubfc.fr\/en\/hdr-regulatory-texts\/","url":"https:\/\/spim.ubfc.fr\/en\/hdr-regulatory-texts\/","name":"HDR Regulatory texts - \u00c9COLE DOCTORALE SPIM","isPartOf":{"@id":"https:\/\/spim.ubfc.fr\/en\/#website"},"datePublished":"2020-08-14T09:37:54+00:00","dateModified":"2023-11-16T15:47:25+00:00","breadcrumb":{"@id":"https:\/\/spim.ubfc.fr\/en\/hdr-regulatory-texts\/#breadcrumb"},"inLanguage":"en-US","potentialAction":[{"@type":"ReadAction","target":["https:\/\/spim.ubfc.fr\/en\/hdr-regulatory-texts\/"]}]},{"@type":"BreadcrumbList","@id":"https:\/\/spim.ubfc.fr\/en\/hdr-regulatory-texts\/#breadcrumb","itemListElement":[{"@type":"ListItem","position":1,"name":"Accueil","item":"https:\/\/spim.ubfc.fr\/en\/"},{"@type":"ListItem","position":2,"name":"HDR Regulatory texts"}]},{"@type":"WebSite","@id":"https:\/\/spim.ubfc.fr\/en\/#website","url":"https:\/\/spim.ubfc.fr\/en\/","name":"\u00c9cole Doctorale SPIM","description":"Ecole Doctorale de Sciences Physiques pour l\u2019Ing\u00e9nieur et Microtechniques - Universit\u00e9 de Bourgogne Franche-Comt\u00e9","publisher":{"@id":"https:\/\/spim.ubfc.fr\/en\/#organization"},"potentialAction":[{"@type":"SearchAction","target":{"@type":"EntryPoint","urlTemplate":"https:\/\/spim.ubfc.fr\/en\/?s={search_term_string}"},"query-input":{"@type":"PropertyValueSpecification","valueRequired":true,"valueName":"search_term_string"}}],"inLanguage":"en-US"},{"@type":"Organization","@id":"https:\/\/spim.ubfc.fr\/en\/#organization","name":"\u00c9cole Doctorale SPIM","url":"https:\/\/spim.ubfc.fr\/en\/","logo":{"@type":"ImageObject","inLanguage":"en-US","@id":"https:\/\/spim.ubfc.fr\/en\/#\/schema\/logo\/image\/","url":"https:\/\/spim.ubfc.fr\/wp-content\/uploads\/sites\/17\/2020\/08\/logospim.jpeg","contentUrl":"https:\/\/spim.ubfc.fr\/wp-content\/uploads\/sites\/17\/2020\/08\/logospim.jpeg","width":434,"height":144,"caption":"\u00c9cole Doctorale SPIM"},"image":{"@id":"https:\/\/spim.ubfc.fr\/en\/#\/schema\/logo\/image\/"}}]}},"_links":{"self":[{"href":"https:\/\/spim.ubfc.fr\/en\/wp-json\/wp\/v2\/pages\/990","targetHints":{"allow":["GET"]}}],"collection":[{"href":"https:\/\/spim.ubfc.fr\/en\/wp-json\/wp\/v2\/pages"}],"about":[{"href":"https:\/\/spim.ubfc.fr\/en\/wp-json\/wp\/v2\/types\/page"}],"author":[{"embeddable":true,"href":"https:\/\/spim.ubfc.fr\/en\/wp-json\/wp\/v2\/users\/22"}],"replies":[{"embeddable":true,"href":"https:\/\/spim.ubfc.fr\/en\/wp-json\/wp\/v2\/comments?post=990"}],"version-history":[{"count":3,"href":"https:\/\/spim.ubfc.fr\/en\/wp-json\/wp\/v2\/pages\/990\/revisions"}],"predecessor-version":[{"id":3556,"href":"https:\/\/spim.ubfc.fr\/en\/wp-json\/wp\/v2\/pages\/990\/revisions\/3556"}],"wp:attachment":[{"href":"https:\/\/spim.ubfc.fr\/en\/wp-json\/wp\/v2\/media?parent=990"}],"curies":[{"name":"wp","href":"https:\/\/api.w.org\/{rel}","templated":true}]}}