{"id":950,"date":"2020-08-14T08:52:32","date_gmt":"2020-08-14T08:52:32","guid":{"rendered":"http:\/\/spim.ubfc.fr\/post-doctoral-position\/"},"modified":"2020-08-14T08:52:33","modified_gmt":"2020-08-14T08:52:33","slug":"post-doctoral-position","status":"publish","type":"page","link":"https:\/\/spim.ubfc.fr\/en\/doctoral-school\/post-doctoral-position\/","title":{"rendered":"Post-doctoral position"},"content":{"rendered":"\t\t<div data-elementor-type=\"wp-page\" data-elementor-id=\"950\" class=\"elementor elementor-950 elementor-323\" data-elementor-post-type=\"page\">\n\t\t\t\t\t\t<section class=\"elementor-section elementor-top-section elementor-element elementor-element-cc95356 elementor-section-boxed elementor-section-height-default elementor-section-height-default\" data-id=\"cc95356\" data-element_type=\"section\" data-e-type=\"section\">\n\t\t\t\t\t\t<div class=\"elementor-container elementor-column-gap-default\">\n\t\t\t\t\t<div class=\"elementor-column elementor-col-100 elementor-top-column elementor-element elementor-element-8622b7d\" data-id=\"8622b7d\" data-element_type=\"column\" data-e-type=\"column\">\n\t\t\t<div class=\"elementor-widget-wrap elementor-element-populated\">\n\t\t\t\t\t\t<div class=\"elementor-element elementor-element-4b7be80 elementor-widget elementor-widget-breadcrumbs\" data-id=\"4b7be80\" data-element_type=\"widget\" data-e-type=\"widget\" data-widget_type=\"breadcrumbs.default\">\n\t\t\t\t<div class=\"elementor-widget-container\">\n\t\t\t\t\t<p id=\"breadcrumbs\"><span><span><a href=\"https:\/\/spim.ubfc.fr\/en\/\">Accueil<\/a><\/span><\/span><\/p>\t\t\t\t<\/div>\n\t\t\t\t<\/div>\n\t\t\t\t<div class=\"elementor-element elementor-element-181807a elementor-widget elementor-widget-heading\" data-id=\"181807a\" data-element_type=\"widget\" data-e-type=\"widget\" data-widget_type=\"heading.default\">\n\t\t\t\t<div class=\"elementor-widget-container\">\n\t\t\t\t\t<h2 class=\"elementor-heading-title elementor-size-default\">Post-doctoral position<\/h2>\t\t\t\t<\/div>\n\t\t\t\t<\/div>\n\t\t\t\t\t<\/div>\n\t\t<\/div>\n\t\t\t\t\t<\/div>\n\t\t<\/section>\n\t\t\t\t<\/div>\n\t\t","protected":false},"excerpt":{"rendered":"<p>Post-doctoral position<\/p>\n","protected":false},"author":1,"featured_media":0,"parent":2060,"menu_order":0,"comment_status":"closed","ping_status":"closed","template":"","meta":{"_acf_changed":false,"footnotes":""},"class_list":["post-950","page","type-page","status-publish","hentry"],"acf":[],"yoast_head":"<!-- This site is optimized with the Yoast SEO plugin v27.3 - https:\/\/yoast.com\/product\/yoast-seo-wordpress\/ -->\n<title>Post-doctoral position - \u00c9COLE DOCTORALE SPIM<\/title>\n<meta name=\"robots\" content=\"index, follow, max-snippet:-1, max-image-preview:large, max-video-preview:-1\" \/>\n<link rel=\"canonical\" href=\"https:\/\/spim.ubfc.fr\/en\/doctoral-school\/post-doctoral-position\/\" \/>\n<meta property=\"og:locale\" content=\"en_US\" \/>\n<meta property=\"og:type\" content=\"article\" \/>\n<meta property=\"og:title\" content=\"Post-doctoral position - \u00c9COLE DOCTORALE SPIM\" \/>\n<meta property=\"og:description\" content=\"Post-doctoral position\" \/>\n<meta property=\"og:url\" content=\"https:\/\/spim.ubfc.fr\/en\/doctoral-school\/post-doctoral-position\/\" \/>\n<meta property=\"og:site_name\" content=\"\u00c9COLE DOCTORALE SPIM\" \/>\n<meta property=\"article:modified_time\" content=\"2020-08-14T08:52:33+00:00\" \/>\n<meta name=\"twitter:card\" content=\"summary_large_image\" \/>\n<script type=\"application\/ld+json\" class=\"yoast-schema-graph\">{\"@context\":\"https:\\\/\\\/schema.org\",\"@graph\":[{\"@type\":\"WebPage\",\"@id\":\"https:\\\/\\\/spim.ubfc.fr\\\/en\\\/doctoral-school\\\/post-doctoral-position\\\/\",\"url\":\"https:\\\/\\\/spim.ubfc.fr\\\/en\\\/doctoral-school\\\/post-doctoral-position\\\/\",\"name\":\"Post-doctoral position - \u00c9COLE DOCTORALE SPIM\",\"isPartOf\":{\"@id\":\"https:\\\/\\\/spim.ubfc.fr\\\/en\\\/#website\"},\"datePublished\":\"2020-08-14T08:52:32+00:00\",\"dateModified\":\"2020-08-14T08:52:33+00:00\",\"breadcrumb\":{\"@id\":\"https:\\\/\\\/spim.ubfc.fr\\\/en\\\/doctoral-school\\\/post-doctoral-position\\\/#breadcrumb\"},\"inLanguage\":\"en-US\",\"potentialAction\":[{\"@type\":\"ReadAction\",\"target\":[\"https:\\\/\\\/spim.ubfc.fr\\\/en\\\/doctoral-school\\\/post-doctoral-position\\\/\"]}]},{\"@type\":\"BreadcrumbList\",\"@id\":\"https:\\\/\\\/spim.ubfc.fr\\\/en\\\/doctoral-school\\\/post-doctoral-position\\\/#breadcrumb\",\"itemListElement\":[{\"@type\":\"ListItem\",\"position\":1,\"name\":\"Accueil\",\"item\":\"https:\\\/\\\/spim.ubfc.fr\\\/en\\\/\"},{\"@type\":\"ListItem\",\"position\":2,\"name\":\"Doctoral School\",\"item\":\"https:\\\/\\\/spim.ubfc.fr\\\/en\\\/doctoral-school\\\/\"},{\"@type\":\"ListItem\",\"position\":3,\"name\":\"Post-doctoral position\"}]},{\"@type\":\"WebSite\",\"@id\":\"https:\\\/\\\/spim.ubfc.fr\\\/en\\\/#website\",\"url\":\"https:\\\/\\\/spim.ubfc.fr\\\/en\\\/\",\"name\":\"\u00c9cole Doctorale SPIM\",\"description\":\"Ecole Doctorale de Sciences Physiques pour l\u2019Ing\u00e9nieur et Microtechniques - Universit\u00e9 de Bourgogne Franche-Comt\u00e9\",\"publisher\":{\"@id\":\"https:\\\/\\\/spim.ubfc.fr\\\/en\\\/#organization\"},\"potentialAction\":[{\"@type\":\"SearchAction\",\"target\":{\"@type\":\"EntryPoint\",\"urlTemplate\":\"https:\\\/\\\/spim.ubfc.fr\\\/en\\\/?s={search_term_string}\"},\"query-input\":{\"@type\":\"PropertyValueSpecification\",\"valueRequired\":true,\"valueName\":\"search_term_string\"}}],\"inLanguage\":\"en-US\"},{\"@type\":\"Organization\",\"@id\":\"https:\\\/\\\/spim.ubfc.fr\\\/en\\\/#organization\",\"name\":\"\u00c9cole Doctorale SPIM\",\"url\":\"https:\\\/\\\/spim.ubfc.fr\\\/en\\\/\",\"logo\":{\"@type\":\"ImageObject\",\"inLanguage\":\"en-US\",\"@id\":\"https:\\\/\\\/spim.ubfc.fr\\\/en\\\/#\\\/schema\\\/logo\\\/image\\\/\",\"url\":\"https:\\\/\\\/spim.ubfc.fr\\\/wp-content\\\/uploads\\\/sites\\\/17\\\/2020\\\/08\\\/logospim.jpeg\",\"contentUrl\":\"https:\\\/\\\/spim.ubfc.fr\\\/wp-content\\\/uploads\\\/sites\\\/17\\\/2020\\\/08\\\/logospim.jpeg\",\"width\":434,\"height\":144,\"caption\":\"\u00c9cole Doctorale SPIM\"},\"image\":{\"@id\":\"https:\\\/\\\/spim.ubfc.fr\\\/en\\\/#\\\/schema\\\/logo\\\/image\\\/\"}}]}<\/script>\n<!-- \/ Yoast SEO plugin. -->","yoast_head_json":{"title":"Post-doctoral position - \u00c9COLE DOCTORALE SPIM","robots":{"index":"index","follow":"follow","max-snippet":"max-snippet:-1","max-image-preview":"max-image-preview:large","max-video-preview":"max-video-preview:-1"},"canonical":"https:\/\/spim.ubfc.fr\/en\/doctoral-school\/post-doctoral-position\/","og_locale":"en_US","og_type":"article","og_title":"Post-doctoral position - \u00c9COLE DOCTORALE SPIM","og_description":"Post-doctoral position","og_url":"https:\/\/spim.ubfc.fr\/en\/doctoral-school\/post-doctoral-position\/","og_site_name":"\u00c9COLE DOCTORALE SPIM","article_modified_time":"2020-08-14T08:52:33+00:00","twitter_card":"summary_large_image","schema":{"@context":"https:\/\/schema.org","@graph":[{"@type":"WebPage","@id":"https:\/\/spim.ubfc.fr\/en\/doctoral-school\/post-doctoral-position\/","url":"https:\/\/spim.ubfc.fr\/en\/doctoral-school\/post-doctoral-position\/","name":"Post-doctoral position - \u00c9COLE DOCTORALE SPIM","isPartOf":{"@id":"https:\/\/spim.ubfc.fr\/en\/#website"},"datePublished":"2020-08-14T08:52:32+00:00","dateModified":"2020-08-14T08:52:33+00:00","breadcrumb":{"@id":"https:\/\/spim.ubfc.fr\/en\/doctoral-school\/post-doctoral-position\/#breadcrumb"},"inLanguage":"en-US","potentialAction":[{"@type":"ReadAction","target":["https:\/\/spim.ubfc.fr\/en\/doctoral-school\/post-doctoral-position\/"]}]},{"@type":"BreadcrumbList","@id":"https:\/\/spim.ubfc.fr\/en\/doctoral-school\/post-doctoral-position\/#breadcrumb","itemListElement":[{"@type":"ListItem","position":1,"name":"Accueil","item":"https:\/\/spim.ubfc.fr\/en\/"},{"@type":"ListItem","position":2,"name":"Doctoral School","item":"https:\/\/spim.ubfc.fr\/en\/doctoral-school\/"},{"@type":"ListItem","position":3,"name":"Post-doctoral position"}]},{"@type":"WebSite","@id":"https:\/\/spim.ubfc.fr\/en\/#website","url":"https:\/\/spim.ubfc.fr\/en\/","name":"\u00c9cole Doctorale SPIM","description":"Ecole Doctorale de Sciences Physiques pour l\u2019Ing\u00e9nieur et Microtechniques - Universit\u00e9 de Bourgogne Franche-Comt\u00e9","publisher":{"@id":"https:\/\/spim.ubfc.fr\/en\/#organization"},"potentialAction":[{"@type":"SearchAction","target":{"@type":"EntryPoint","urlTemplate":"https:\/\/spim.ubfc.fr\/en\/?s={search_term_string}"},"query-input":{"@type":"PropertyValueSpecification","valueRequired":true,"valueName":"search_term_string"}}],"inLanguage":"en-US"},{"@type":"Organization","@id":"https:\/\/spim.ubfc.fr\/en\/#organization","name":"\u00c9cole Doctorale SPIM","url":"https:\/\/spim.ubfc.fr\/en\/","logo":{"@type":"ImageObject","inLanguage":"en-US","@id":"https:\/\/spim.ubfc.fr\/en\/#\/schema\/logo\/image\/","url":"https:\/\/spim.ubfc.fr\/wp-content\/uploads\/sites\/17\/2020\/08\/logospim.jpeg","contentUrl":"https:\/\/spim.ubfc.fr\/wp-content\/uploads\/sites\/17\/2020\/08\/logospim.jpeg","width":434,"height":144,"caption":"\u00c9cole Doctorale SPIM"},"image":{"@id":"https:\/\/spim.ubfc.fr\/en\/#\/schema\/logo\/image\/"}}]}},"_links":{"self":[{"href":"https:\/\/spim.ubfc.fr\/en\/wp-json\/wp\/v2\/pages\/950","targetHints":{"allow":["GET"]}}],"collection":[{"href":"https:\/\/spim.ubfc.fr\/en\/wp-json\/wp\/v2\/pages"}],"about":[{"href":"https:\/\/spim.ubfc.fr\/en\/wp-json\/wp\/v2\/types\/page"}],"author":[{"embeddable":true,"href":"https:\/\/spim.ubfc.fr\/en\/wp-json\/wp\/v2\/users\/1"}],"replies":[{"embeddable":true,"href":"https:\/\/spim.ubfc.fr\/en\/wp-json\/wp\/v2\/comments?post=950"}],"version-history":[{"count":0,"href":"https:\/\/spim.ubfc.fr\/en\/wp-json\/wp\/v2\/pages\/950\/revisions"}],"up":[{"embeddable":true,"href":"https:\/\/spim.ubfc.fr\/en\/wp-json\/wp\/v2\/pages\/2060"}],"wp:attachment":[{"href":"https:\/\/spim.ubfc.fr\/en\/wp-json\/wp\/v2\/media?parent=950"}],"curies":[{"name":"wp","href":"https:\/\/api.w.org\/{rel}","templated":true}]}}