{"id":943,"date":"2020-08-14T08:49:45","date_gmt":"2020-08-14T08:49:45","guid":{"rendered":"http:\/\/spim.ubfc.fr\/mission-orders\/"},"modified":"2025-03-28T14:53:22","modified_gmt":"2025-03-28T14:53:22","slug":"mission-orders","status":"publish","type":"page","link":"https:\/\/spim.ubfc.fr\/en\/doctoral-school\/practical-information\/mission-orders\/","title":{"rendered":"Mission Orders"},"content":{"rendered":"\t\t<div data-elementor-type=\"wp-page\" data-elementor-id=\"943\" class=\"elementor elementor-943 elementor-331\" data-elementor-post-type=\"page\">\n\t\t\t\t\t\t<section class=\"elementor-section elementor-top-section elementor-element elementor-element-187e493 elementor-section-boxed elementor-section-height-default elementor-section-height-default\" data-id=\"187e493\" data-element_type=\"section\" data-e-type=\"section\">\n\t\t\t\t\t\t<div class=\"elementor-container elementor-column-gap-default\">\n\t\t\t\t\t<div class=\"elementor-column elementor-col-100 elementor-top-column elementor-element elementor-element-bd0edd3\" data-id=\"bd0edd3\" data-element_type=\"column\" data-e-type=\"column\">\n\t\t\t<div class=\"elementor-widget-wrap elementor-element-populated\">\n\t\t\t\t\t\t<div class=\"elementor-element elementor-element-90133c6 elementor-widget elementor-widget-breadcrumbs\" data-id=\"90133c6\" data-element_type=\"widget\" data-e-type=\"widget\" data-widget_type=\"breadcrumbs.default\">\n\t\t\t\t<div class=\"elementor-widget-container\">\n\t\t\t\t\t<p id=\"breadcrumbs\"><span><span><a href=\"https:\/\/spim.ubfc.fr\/en\/\">Accueil<\/a><\/span><\/span><\/p>\t\t\t\t<\/div>\n\t\t\t\t<\/div>\n\t\t\t\t<div class=\"elementor-element elementor-element-030ff25 elementor-widget elementor-widget-heading\" data-id=\"030ff25\" data-element_type=\"widget\" data-e-type=\"widget\" data-widget_type=\"heading.default\">\n\t\t\t\t<div class=\"elementor-widget-container\">\n\t\t\t\t\t<h2 class=\"elementor-heading-title elementor-size-default\">Mission Orders<\/h2>\t\t\t\t<\/div>\n\t\t\t\t<\/div>\n\t\t\t\t<div class=\"elementor-element elementor-element-c6090a1 elementor-widget elementor-widget-heading\" data-id=\"c6090a1\" data-element_type=\"widget\" data-e-type=\"widget\" data-widget_type=\"heading.default\">\n\t\t\t\t<div class=\"elementor-widget-container\">\n\t\t\t\t\t<h2 class=\"elementor-heading-title elementor-size-default\">Requests for absence approval <\/h2>\t\t\t\t<\/div>\n\t\t\t\t<\/div>\n\t\t\t\t<div class=\"elementor-element elementor-element-cfabe8b elementor-widget elementor-widget-text-editor\" data-id=\"cfabe8b\" data-element_type=\"widget\" data-e-type=\"widget\" data-widget_type=\"text-editor.default\">\n\t\t\t\t<div class=\"elementor-widget-container\">\n\t\t\t\t\t\t\t\t\t<p class=\"p1\"><span class=\"s1\">At the University Marie &amp; Louis Pasteur, the procedure to follow is below :<br \/><\/span><\/p><p class=\"p1\"><span class=\"s1\">When you are going to travel in the framework of your doctoral research (work on site, participation in a conference, a seminar&#8230;), you must first complete a request for absence approval, whatever your status (employee, student&#8230;).<\/span><\/p><p class=\"p1\"><span class=\"s1\">&#8211; If you are an employee of the University of Marie &amp; Louis Pasteur, and in particular if you have a doctoral contract paid for by the UMLP, you must imperatively complete a &#8220;request for authorisation of absence of higher education staff (valid for mission order)&#8221; and send it within the required time for signature to your research unit director and to the dean of your UFR (or even to the President of the UMLP in certain cases): <a href=\"https:\/\/www.univ-fcomte.fr\/\">see UMLP website<\/a>.<\/span><\/p><p class=\"p1\"><span class=\"s1\">&#8211; If you are not an employee of the Umlp, you must establish a Mission Order free of charge from your establishment (UBE, UTBM, ENSMM or AgroSup), sign it and have it signed by your employeer. This form will enable you to obtain the establishment&#8217;s agreement to the trip you are planning. If you do not fill in this document beforehand, you will not have the permission of the establishment for your trip, which cannot be considered as part of your studies (with the consequences that this may have for possible requests for reimbursement of expenses, especially in terms of liability and insurance).<\/span><\/p><p class=\"p1\"><span class=\"s1\">This administrative procedure does not exempt you, on the contrary, from obtaining the approval of your supervisor for your travel in the framework of your research and informing your doctoral school, but these agreements in principle cannot replace the official procedure that you must follow.<\/span><\/p><p class=\"p1\"><span class=\"s1\">If you have any questions about this procedure, please contact your laboratory or the human resources department of your component (doctoral schools are not involved in the signature circuit of this form).<\/span><\/p>\t\t\t\t\t\t\t\t<\/div>\n\t\t\t\t<\/div>\n\t\t\t\t<div class=\"elementor-element elementor-element-5478105 elementor-view-default elementor-position-block-start elementor-mobile-position-block-start elementor-widget elementor-widget-icon-box\" data-id=\"5478105\" data-element_type=\"widget\" data-e-type=\"widget\" data-widget_type=\"icon-box.default\">\n\t\t\t\t<div class=\"elementor-widget-container\">\n\t\t\t\t\t\t\t<div class=\"elementor-icon-box-wrapper\">\n\n\t\t\t\t\t\t<div class=\"elementor-icon-box-icon\">\n\t\t\t\t<a href=\"https:\/\/spim.ubfc.fr\/wp-content\/uploads\/sites\/17\/2025\/03\/FORMULAIRE-DADP-A-UTILISER-POUR-LES-ED-1.xlsx\" target=\"_blank\" class=\"elementor-icon\" tabindex=\"-1\" aria-label=\"UMLP Request for absence approval\">\n\t\t\t\t<i aria-hidden=\"true\" class=\"fas fa-file-excel\"><\/i>\t\t\t\t<\/a>\n\t\t\t<\/div>\n\t\t\t\n\t\t\t\t\t\t<div class=\"elementor-icon-box-content\">\n\n\t\t\t\t\t\t\t\t\t<h6 class=\"elementor-icon-box-title\">\n\t\t\t\t\t\t<a href=\"https:\/\/spim.ubfc.fr\/wp-content\/uploads\/sites\/17\/2025\/03\/FORMULAIRE-DADP-A-UTILISER-POUR-LES-ED-1.xlsx\" target=\"_blank\" >\n\t\t\t\t\t\t\tUMLP Request for absence approval\t\t\t\t\t\t<\/a>\n\t\t\t\t\t<\/h6>\n\t\t\t\t\n\t\t\t\t\n\t\t\t<\/div>\n\t\t\t\n\t\t<\/div>\n\t\t\t\t\t\t<\/div>\n\t\t\t\t<\/div>\n\t\t\t\t\t<\/div>\n\t\t<\/div>\n\t\t\t\t\t<\/div>\n\t\t<\/section>\n\t\t\t\t<\/div>\n\t\t","protected":false},"excerpt":{"rendered":"<p>Mission Orders Requests for absence approval At the University Marie &amp; Louis Pasteur, the procedure to follow is below : When you are going to travel in the framework of your doctoral research (work on site, participation in a conference, a seminar&#8230;), you must first complete a request for absence approval, whatever your status (employee, &hellip; <a href=\"https:\/\/spim.ubfc.fr\/en\/doctoral-school\/practical-information\/mission-orders\/\">Continued<\/a><\/p>\n","protected":false},"author":1,"featured_media":0,"parent":2061,"menu_order":0,"comment_status":"closed","ping_status":"closed","template":"","meta":{"_acf_changed":false,"footnotes":""},"class_list":["post-943","page","type-page","status-publish","hentry"],"acf":[],"yoast_head":"<!-- This site is optimized with the Yoast SEO plugin v27.3 - https:\/\/yoast.com\/product\/yoast-seo-wordpress\/ -->\n<title>Mission Orders - \u00c9COLE DOCTORALE SPIM<\/title>\n<meta name=\"robots\" content=\"index, follow, max-snippet:-1, max-image-preview:large, max-video-preview:-1\" \/>\n<link rel=\"canonical\" href=\"https:\/\/spim.ubfc.fr\/en\/doctoral-school\/practical-information\/mission-orders\/\" \/>\n<meta property=\"og:locale\" content=\"en_US\" \/>\n<meta property=\"og:type\" content=\"article\" \/>\n<meta property=\"og:title\" content=\"Mission Orders - \u00c9COLE DOCTORALE SPIM\" \/>\n<meta property=\"og:description\" content=\"Mission Orders Requests for absence approval At the University Marie &amp; Louis Pasteur, the procedure to follow is below : When you are going to travel in the framework of your doctoral research (work on site, participation in a conference, a seminar&#8230;), you must first complete a request for absence approval, whatever your status (employee, &hellip; Continued\" \/>\n<meta property=\"og:url\" content=\"https:\/\/spim.ubfc.fr\/en\/doctoral-school\/practical-information\/mission-orders\/\" \/>\n<meta property=\"og:site_name\" content=\"\u00c9COLE DOCTORALE SPIM\" \/>\n<meta property=\"article:modified_time\" content=\"2025-03-28T14:53:22+00:00\" \/>\n<meta name=\"twitter:card\" content=\"summary_large_image\" \/>\n<meta name=\"twitter:label1\" content=\"Est. reading time\" \/>\n\t<meta name=\"twitter:data1\" content=\"2 minutes\" \/>\n<script type=\"application\/ld+json\" class=\"yoast-schema-graph\">{\"@context\":\"https:\\\/\\\/schema.org\",\"@graph\":[{\"@type\":\"WebPage\",\"@id\":\"https:\\\/\\\/spim.ubfc.fr\\\/en\\\/doctoral-school\\\/practical-information\\\/mission-orders\\\/\",\"url\":\"https:\\\/\\\/spim.ubfc.fr\\\/en\\\/doctoral-school\\\/practical-information\\\/mission-orders\\\/\",\"name\":\"Mission Orders - \u00c9COLE DOCTORALE SPIM\",\"isPartOf\":{\"@id\":\"https:\\\/\\\/spim.ubfc.fr\\\/en\\\/#website\"},\"datePublished\":\"2020-08-14T08:49:45+00:00\",\"dateModified\":\"2025-03-28T14:53:22+00:00\",\"breadcrumb\":{\"@id\":\"https:\\\/\\\/spim.ubfc.fr\\\/en\\\/doctoral-school\\\/practical-information\\\/mission-orders\\\/#breadcrumb\"},\"inLanguage\":\"en-US\",\"potentialAction\":[{\"@type\":\"ReadAction\",\"target\":[\"https:\\\/\\\/spim.ubfc.fr\\\/en\\\/doctoral-school\\\/practical-information\\\/mission-orders\\\/\"]}]},{\"@type\":\"BreadcrumbList\",\"@id\":\"https:\\\/\\\/spim.ubfc.fr\\\/en\\\/doctoral-school\\\/practical-information\\\/mission-orders\\\/#breadcrumb\",\"itemListElement\":[{\"@type\":\"ListItem\",\"position\":1,\"name\":\"Accueil\",\"item\":\"https:\\\/\\\/spim.ubfc.fr\\\/en\\\/\"},{\"@type\":\"ListItem\",\"position\":2,\"name\":\"Doctoral School\",\"item\":\"https:\\\/\\\/spim.ubfc.fr\\\/en\\\/doctoral-school\\\/\"},{\"@type\":\"ListItem\",\"position\":3,\"name\":\"Practical information\",\"item\":\"https:\\\/\\\/spim.ubfc.fr\\\/en\\\/doctoral-school\\\/practical-information\\\/\"},{\"@type\":\"ListItem\",\"position\":4,\"name\":\"Mission Orders\"}]},{\"@type\":\"WebSite\",\"@id\":\"https:\\\/\\\/spim.ubfc.fr\\\/en\\\/#website\",\"url\":\"https:\\\/\\\/spim.ubfc.fr\\\/en\\\/\",\"name\":\"\u00c9cole Doctorale SPIM\",\"description\":\"Ecole Doctorale de Sciences Physiques pour l\u2019Ing\u00e9nieur et Microtechniques - Universit\u00e9 de Bourgogne Franche-Comt\u00e9\",\"publisher\":{\"@id\":\"https:\\\/\\\/spim.ubfc.fr\\\/en\\\/#organization\"},\"potentialAction\":[{\"@type\":\"SearchAction\",\"target\":{\"@type\":\"EntryPoint\",\"urlTemplate\":\"https:\\\/\\\/spim.ubfc.fr\\\/en\\\/?s={search_term_string}\"},\"query-input\":{\"@type\":\"PropertyValueSpecification\",\"valueRequired\":true,\"valueName\":\"search_term_string\"}}],\"inLanguage\":\"en-US\"},{\"@type\":\"Organization\",\"@id\":\"https:\\\/\\\/spim.ubfc.fr\\\/en\\\/#organization\",\"name\":\"\u00c9cole Doctorale SPIM\",\"url\":\"https:\\\/\\\/spim.ubfc.fr\\\/en\\\/\",\"logo\":{\"@type\":\"ImageObject\",\"inLanguage\":\"en-US\",\"@id\":\"https:\\\/\\\/spim.ubfc.fr\\\/en\\\/#\\\/schema\\\/logo\\\/image\\\/\",\"url\":\"https:\\\/\\\/spim.ubfc.fr\\\/wp-content\\\/uploads\\\/sites\\\/17\\\/2020\\\/08\\\/logospim.jpeg\",\"contentUrl\":\"https:\\\/\\\/spim.ubfc.fr\\\/wp-content\\\/uploads\\\/sites\\\/17\\\/2020\\\/08\\\/logospim.jpeg\",\"width\":434,\"height\":144,\"caption\":\"\u00c9cole Doctorale SPIM\"},\"image\":{\"@id\":\"https:\\\/\\\/spim.ubfc.fr\\\/en\\\/#\\\/schema\\\/logo\\\/image\\\/\"}}]}<\/script>\n<!-- \/ Yoast SEO plugin. -->","yoast_head_json":{"title":"Mission Orders - \u00c9COLE DOCTORALE SPIM","robots":{"index":"index","follow":"follow","max-snippet":"max-snippet:-1","max-image-preview":"max-image-preview:large","max-video-preview":"max-video-preview:-1"},"canonical":"https:\/\/spim.ubfc.fr\/en\/doctoral-school\/practical-information\/mission-orders\/","og_locale":"en_US","og_type":"article","og_title":"Mission Orders - \u00c9COLE DOCTORALE SPIM","og_description":"Mission Orders Requests for absence approval At the University Marie &amp; Louis Pasteur, the procedure to follow is below : When you are going to travel in the framework of your doctoral research (work on site, participation in a conference, a seminar&#8230;), you must first complete a request for absence approval, whatever your status (employee, &hellip; Continued","og_url":"https:\/\/spim.ubfc.fr\/en\/doctoral-school\/practical-information\/mission-orders\/","og_site_name":"\u00c9COLE DOCTORALE SPIM","article_modified_time":"2025-03-28T14:53:22+00:00","twitter_card":"summary_large_image","twitter_misc":{"Est. reading time":"2 minutes"},"schema":{"@context":"https:\/\/schema.org","@graph":[{"@type":"WebPage","@id":"https:\/\/spim.ubfc.fr\/en\/doctoral-school\/practical-information\/mission-orders\/","url":"https:\/\/spim.ubfc.fr\/en\/doctoral-school\/practical-information\/mission-orders\/","name":"Mission Orders - \u00c9COLE DOCTORALE SPIM","isPartOf":{"@id":"https:\/\/spim.ubfc.fr\/en\/#website"},"datePublished":"2020-08-14T08:49:45+00:00","dateModified":"2025-03-28T14:53:22+00:00","breadcrumb":{"@id":"https:\/\/spim.ubfc.fr\/en\/doctoral-school\/practical-information\/mission-orders\/#breadcrumb"},"inLanguage":"en-US","potentialAction":[{"@type":"ReadAction","target":["https:\/\/spim.ubfc.fr\/en\/doctoral-school\/practical-information\/mission-orders\/"]}]},{"@type":"BreadcrumbList","@id":"https:\/\/spim.ubfc.fr\/en\/doctoral-school\/practical-information\/mission-orders\/#breadcrumb","itemListElement":[{"@type":"ListItem","position":1,"name":"Accueil","item":"https:\/\/spim.ubfc.fr\/en\/"},{"@type":"ListItem","position":2,"name":"Doctoral School","item":"https:\/\/spim.ubfc.fr\/en\/doctoral-school\/"},{"@type":"ListItem","position":3,"name":"Practical information","item":"https:\/\/spim.ubfc.fr\/en\/doctoral-school\/practical-information\/"},{"@type":"ListItem","position":4,"name":"Mission Orders"}]},{"@type":"WebSite","@id":"https:\/\/spim.ubfc.fr\/en\/#website","url":"https:\/\/spim.ubfc.fr\/en\/","name":"\u00c9cole Doctorale SPIM","description":"Ecole Doctorale de Sciences Physiques pour l\u2019Ing\u00e9nieur et Microtechniques - Universit\u00e9 de Bourgogne Franche-Comt\u00e9","publisher":{"@id":"https:\/\/spim.ubfc.fr\/en\/#organization"},"potentialAction":[{"@type":"SearchAction","target":{"@type":"EntryPoint","urlTemplate":"https:\/\/spim.ubfc.fr\/en\/?s={search_term_string}"},"query-input":{"@type":"PropertyValueSpecification","valueRequired":true,"valueName":"search_term_string"}}],"inLanguage":"en-US"},{"@type":"Organization","@id":"https:\/\/spim.ubfc.fr\/en\/#organization","name":"\u00c9cole Doctorale SPIM","url":"https:\/\/spim.ubfc.fr\/en\/","logo":{"@type":"ImageObject","inLanguage":"en-US","@id":"https:\/\/spim.ubfc.fr\/en\/#\/schema\/logo\/image\/","url":"https:\/\/spim.ubfc.fr\/wp-content\/uploads\/sites\/17\/2020\/08\/logospim.jpeg","contentUrl":"https:\/\/spim.ubfc.fr\/wp-content\/uploads\/sites\/17\/2020\/08\/logospim.jpeg","width":434,"height":144,"caption":"\u00c9cole Doctorale SPIM"},"image":{"@id":"https:\/\/spim.ubfc.fr\/en\/#\/schema\/logo\/image\/"}}]}},"_links":{"self":[{"href":"https:\/\/spim.ubfc.fr\/en\/wp-json\/wp\/v2\/pages\/943","targetHints":{"allow":["GET"]}}],"collection":[{"href":"https:\/\/spim.ubfc.fr\/en\/wp-json\/wp\/v2\/pages"}],"about":[{"href":"https:\/\/spim.ubfc.fr\/en\/wp-json\/wp\/v2\/types\/page"}],"author":[{"embeddable":true,"href":"https:\/\/spim.ubfc.fr\/en\/wp-json\/wp\/v2\/users\/1"}],"replies":[{"embeddable":true,"href":"https:\/\/spim.ubfc.fr\/en\/wp-json\/wp\/v2\/comments?post=943"}],"version-history":[{"count":3,"href":"https:\/\/spim.ubfc.fr\/en\/wp-json\/wp\/v2\/pages\/943\/revisions"}],"predecessor-version":[{"id":4439,"href":"https:\/\/spim.ubfc.fr\/en\/wp-json\/wp\/v2\/pages\/943\/revisions\/4439"}],"up":[{"embeddable":true,"href":"https:\/\/spim.ubfc.fr\/en\/wp-json\/wp\/v2\/pages\/2061"}],"wp:attachment":[{"href":"https:\/\/spim.ubfc.fr\/en\/wp-json\/wp\/v2\/media?parent=943"}],"curies":[{"name":"wp","href":"https:\/\/api.w.org\/{rel}","templated":true}]}}