{"id":923,"date":"2020-08-14T08:15:26","date_gmt":"2020-08-14T08:15:26","guid":{"rendered":"http:\/\/spim.ubfc.fr\/thesis\/"},"modified":"2020-08-14T08:15:28","modified_gmt":"2020-08-14T08:15:28","slug":"thesis","status":"publish","type":"page","link":"https:\/\/spim.ubfc.fr\/en\/thesis\/","title":{"rendered":"Thesis"},"content":{"rendered":"\t\t<div data-elementor-type=\"wp-page\" data-elementor-id=\"923\" class=\"elementor elementor-923 elementor-335\" data-elementor-post-type=\"page\">\n\t\t\t\t\t\t<section class=\"elementor-section elementor-top-section elementor-element elementor-element-179c80c elementor-section-boxed elementor-section-height-default elementor-section-height-default\" data-id=\"179c80c\" data-element_type=\"section\" data-e-type=\"section\">\n\t\t\t\t\t\t<div class=\"elementor-container elementor-column-gap-default\">\n\t\t\t\t\t<div class=\"elementor-column elementor-col-100 elementor-top-column elementor-element elementor-element-7e0d1bd\" data-id=\"7e0d1bd\" data-element_type=\"column\" data-e-type=\"column\">\n\t\t\t<div class=\"elementor-widget-wrap elementor-element-populated\">\n\t\t\t\t\t\t<div class=\"elementor-element elementor-element-b7c9f1b elementor-widget elementor-widget-breadcrumbs\" data-id=\"b7c9f1b\" data-element_type=\"widget\" data-e-type=\"widget\" data-widget_type=\"breadcrumbs.default\">\n\t\t\t\t<div class=\"elementor-widget-container\">\n\t\t\t\t\t<p id=\"breadcrumbs\"><span><span><a href=\"https:\/\/spim.ubfc.fr\/en\/\">Accueil<\/a><\/span><\/span><\/p>\t\t\t\t<\/div>\n\t\t\t\t<\/div>\n\t\t\t\t<div class=\"elementor-element elementor-element-d724363 elementor-widget elementor-widget-heading\" data-id=\"d724363\" data-element_type=\"widget\" data-e-type=\"widget\" data-widget_type=\"heading.default\">\n\t\t\t\t<div class=\"elementor-widget-container\">\n\t\t\t\t\t<h2 class=\"elementor-heading-title elementor-size-default\">The PhD Thesis<\/h2>\t\t\t\t<\/div>\n\t\t\t\t<\/div>\n\t\t\t\t<div class=\"elementor-element elementor-element-86a3b11 elementor-widget elementor-widget-heading\" data-id=\"86a3b11\" data-element_type=\"widget\" data-e-type=\"widget\" data-widget_type=\"heading.default\">\n\t\t\t\t<div class=\"elementor-widget-container\">\n\t\t\t\t\t<h2 class=\"elementor-heading-title elementor-size-default\">1 - PERSONAL AND PROFESSIONAL PROJECT<\/h2>\t\t\t\t<\/div>\n\t\t\t\t<\/div>\n\t\t\t\t<div class=\"elementor-element elementor-element-d809a77 elementor-widget elementor-widget-text-editor\" data-id=\"d809a77\" data-element_type=\"widget\" data-e-type=\"widget\" data-widget_type=\"text-editor.default\">\n\t\t\t\t<div class=\"elementor-widget-container\">\n\t\t\t\t\t\t\t\t\t<p class=\"p1\"><span class=\"s1\">Preparing a doctoral thesis is part of a personal and professional project clearly defined in its goals as in its requirements.<\/span><\/p>\n<p class=\"p1\"><span class=\"s1\">First, the\u00a0goal of a supervisor is to obtain financial grant. The supervisor informs the candidate (potential doctoral student) of the availability of the resources for the preparation of his thesis (ministerial scholarship, regional doctoral research grant, industry funding like <a href=\"http:\/\/www.anrt.asso.fr\/\"><span class=\"s2\">CIFRE<\/span><\/a>, and grant from other associations). <b>Acquiring an effective financing is mandatory for thesis registration.<\/b><\/span><\/p>\n<p class=\"p1\"><span class=\"s1\">The various steps taken by the actors are listed on the\u00a0registration form. The means to facilitate the professional integration are based on clear commitments from the doctoral student. Doctoral student will comply with the rules of Doctoral School, and <b>will follow trainings, conferences, and seminars<\/b>. In connection with the professional integration of the doctoral student, additional training is proposed by supervisor and director of the hosting research department, to broaden the scientific knowledge in the subject area. These training, which are the subject of a certificate from the director of the doctoral school, broaden the doctoral student\u2019s scientific horizon and facilitate the future employability. Meanwhile, the doctoral student must be concerned about his\/her integration by contacting potential future employers (research teams, universities, companies, in France or abroad).<\/span><\/p>\n<p class=\"p1\"><span class=\"s1\">The director of the host team and the supervisor\u00a0shall make every effort to facilitate and encourage the participation in doctoral courses offered by Doctoral School. This strategy may include participation in research days. Depending on disciplines and research teams, this range of additional training may usefully include a business trip (industrial tour) of a few weeks.<\/span><\/p>\n<p class=\"p1\"><span class=\"s1\">The participation of doctoral students in seminars, national and international scientific meetings, regardless of their location, and the submission by the work from their research, are encouraged and facilitated; therefore, they can apply for a\u00a0financial support.<\/span><\/p>\n<p class=\"p1\"><span class=\"s1\">PhD students who are considering a professional integration in higher education are offered special training, participation in the tasks of teaching and support in the preparation of applications for teaching positions (Temporary Teaching and Research Associates).<\/span><\/p>\n\t\t\t\t\t\t\t\t<\/div>\n\t\t\t\t<\/div>\n\t\t\t\t<div class=\"elementor-element elementor-element-ab7fd7c elementor-widget elementor-widget-heading\" data-id=\"ab7fd7c\" data-element_type=\"widget\" data-e-type=\"widget\" data-widget_type=\"heading.default\">\n\t\t\t\t<div class=\"elementor-widget-container\">\n\t\t\t\t\t<h2 class=\"elementor-heading-title elementor-size-default\">2 - SUBJECT AND FEASIBILITY OF THE DOCTORAL THESIS<\/h2>\t\t\t\t<\/div>\n\t\t\t\t<\/div>\n\t\t\t\t<div class=\"elementor-element elementor-element-a6dbe76 elementor-widget elementor-widget-text-editor\" data-id=\"a6dbe76\" data-element_type=\"widget\" data-e-type=\"widget\" data-widget_type=\"text-editor.default\">\n\t\t\t\t<div class=\"elementor-widget-container\">\n\t\t\t\t\t\t\t\t\t<p class=\"p1\"><span class=\"s1\">The thesis registration specifies the subject, the context of the thesis and the host research department (laboratory). The thesis leads to the realization of a work that is both original and innovative, whose feasibility is clearly defined in terms of duration.<\/span><\/p>\n<p class=\"p1\"><span class=\"s1\">The choice of thesis topic is based on the agreement between the student, the supervisor, in consultation with the director of the host team, formalized at the time of registration. The thesis director (supervisor), who is called upon because of a recognized mastery of the concerned research field, helps the doctoral student to identify the innovative character in the scientific context and ensures that it is up to date; it also ensures that the doctoral student shows an innovative spirit.<\/span><\/p>\n<p class=\"p1\"><span class=\"s1\">The supervisor defines and brings together the means to implement to enable the completion of work. To this end, the student is fully integrated into research unit or the host laboratory, where s\/he has access to the same facilities that researchers hold to complete his research (equipment, including computer resources, documentation, technical support).<\/span><\/p>\n<p class=\"p1\"><span class=\"s1\">The director and members of the host team require the doctoral student to respect a certain number of rules, related to scientific and research ethics that they themselves share as a community. The director of the host team, if necessary, may have the doctoral student sign a confidentiality agreement and\/or medical confidentiality agreement. We cannot impose on the doctoral student activities harmful to the advancement of his\/her thesis.<\/span><\/p>\n<p class=\"p1\"><span class=\"s1\">If the student wishes to invest in research activities having no connection with his thesis, or research in a field different from the one previously defined by his supervisor, he has to get permission from the latter and the head of the host team. The PhD student, meanwhile, commits to a time and a pace of work. He has a duty to notify his supervisor and to provide information on difficulties encountered on the advance of his thesis. He must show initiative in the conduct of his research.<\/span><\/p>\n\t\t\t\t\t\t\t\t<\/div>\n\t\t\t\t<\/div>\n\t\t\t\t<div class=\"elementor-element elementor-element-af4f4b2 elementor-widget elementor-widget-heading\" data-id=\"af4f4b2\" data-element_type=\"widget\" data-e-type=\"widget\" data-widget_type=\"heading.default\">\n\t\t\t\t<div class=\"elementor-widget-container\">\n\t\t\t\t\t<h2 class=\"elementor-heading-title elementor-size-default\">\u00a03 - FRAMEWORK AND MONITORING OF THE PhD THESIS<\/h2>\t\t\t\t<\/div>\n\t\t\t\t<\/div>\n\t\t\t\t<div class=\"elementor-element elementor-element-9723c14 elementor-widget elementor-widget-text-editor\" data-id=\"9723c14\" data-element_type=\"widget\" data-e-type=\"widget\" data-widget_type=\"text-editor.default\">\n\t\t\t\t<div class=\"elementor-widget-container\">\n\t\t\t\t\t\t\t\t\t<p class=\"p1\"><span class=\"s1\">The PhD student is entitled to a personal coaching from his supervisor, who undertakes to allocate a substantial portion of his time. It is necessary that the principle of regular and frequent meetings must be defined during the initial agreement.<\/span><\/p>\n<p class=\"p1\"><span class=\"s1\">The PhD student presents to his supervisor as many notes that progress requires its subject and presents his work in the laboratory seminars. The thesis supervisor regularly monitors the progression of work and debate new directions it might take considering past achievements. He informs the student of positive comments or objections and criticism that his work might lead to, especially during the defense.<\/span><\/p>\n\t\t\t\t\t\t\t\t<\/div>\n\t\t\t\t<\/div>\n\t\t\t\t<div class=\"elementor-element elementor-element-28e6674 elementor-widget elementor-widget-heading\" data-id=\"28e6674\" data-element_type=\"widget\" data-e-type=\"widget\" data-widget_type=\"heading.default\">\n\t\t\t\t<div class=\"elementor-widget-container\">\n\t\t\t\t\t<h2 class=\"elementor-heading-title elementor-size-default\">4 - DURATION OF THE THESIS<\/h2>\t\t\t\t<\/div>\n\t\t\t\t<\/div>\n\t\t\t\t<div class=\"elementor-element elementor-element-f1f3178 elementor-widget elementor-widget-text-editor\" data-id=\"f1f3178\" data-element_type=\"widget\" data-e-type=\"widget\" data-widget_type=\"text-editor.default\">\n\t\t\t\t<div class=\"elementor-widget-container\">\n\t\t\t\t\t\t\t\t\t<p class=\"p1\"><span class=\"s1\">A thesis is a step in a research process. It must respect the deadlines, in the spirit of doctoral studies and the interest of the candidate. The reference time of preparation of a thesis is\u00a0<b>three years<\/b>. At the end of the second year the foreseeable future of defense is discussed considering the progress of research work.<\/span><\/p>\n<p class=\"p1\"><span class=\"s1\">Extensions may be granted, exceptionally justified by request, after consultation with the supervisor and the director of the host team. This agreement does not mean automatic renewal of funding which the PhD student would have benefited from. The possibility of aid can be explored, especially for doctoral students with social problems.\u00a0<b>Extensions remain exceptional<\/b>.<\/span><\/p>\n<p class=\"p1\"><span class=\"s1\">They are proposed to the head of the establishment on the advice of the director of the doctoral school, after an interview between the doctoral student and the thesis director. They intervene situations, salaried work, full-time or part-time teaching, specificity of research inherent in certain disciplines, taking of particular risk. They do not in any case substantially modify the nature and intensity of research work as they were initially defined by mutual agreement.<\/span><\/p>\n\t\t\t\t\t\t\t\t<\/div>\n\t\t\t\t<\/div>\n\t\t\t\t<div class=\"elementor-element elementor-element-9ebbec1 elementor-widget elementor-widget-heading\" data-id=\"9ebbec1\" data-element_type=\"widget\" data-e-type=\"widget\" data-widget_type=\"heading.default\">\n\t\t\t\t<div class=\"elementor-widget-container\">\n\t\t\t\t\t<h2 class=\"elementor-heading-title elementor-size-default\">5 - PUBLICATION AND PROMOTION OF THE PhD THESIS<\/h2>\t\t\t\t<\/div>\n\t\t\t\t<\/div>\n\t\t\t\t<div class=\"elementor-element elementor-element-c49f4bd elementor-widget elementor-widget-text-editor\" data-id=\"c49f4bd\" data-element_type=\"widget\" data-e-type=\"widget\" data-widget_type=\"text-editor.default\">\n\t\t\t\t<div class=\"elementor-widget-container\">\n\t\t\t\t\t\t\t\t\t<p class=\"p1\"><span class=\"s1\">The quality and impact of the thesis are measured through publications or patents and industrial reports which will be from work, whether the theory itself or of the products during or after the preparation of manuscript. Writing publications is an integral part of the research. The student must appear as co-author. The order of co-authors of a paper at a conference or seminar and publications should reflect the work done by each author.<\/span><\/p>\n\t\t\t\t\t\t\t\t<\/div>\n\t\t\t\t<\/div>\n\t\t\t\t<div class=\"elementor-element elementor-element-3019976 elementor-widget elementor-widget-heading\" data-id=\"3019976\" data-element_type=\"widget\" data-e-type=\"widget\" data-widget_type=\"heading.default\">\n\t\t\t\t<div class=\"elementor-widget-container\">\n\t\t\t\t\t<h2 class=\"elementor-heading-title elementor-size-default\">6 -\u00a0DELIVERY OF DIPLOMA<\/h2>\t\t\t\t<\/div>\n\t\t\t\t<\/div>\n\t\t\t\t<div class=\"elementor-element elementor-element-a60f0ea elementor-widget elementor-widget-text-editor\" data-id=\"a60f0ea\" data-element_type=\"widget\" data-e-type=\"widget\" data-widget_type=\"text-editor.default\">\n\t\t\t\t<div class=\"elementor-widget-container\">\n\t\t\t\t\t\t\t\t\t<p class=\"p1\"><span class=\"s1\">At the end of the three years, the student writes a substantial report on this research work called a thesis. The supervisor provides, in consultation with the student and the Doctoral School, the composition of the examining committee in compliance with government regulations and recommendations taken by each graduate school, and the defense date. Admission is granted, after deliberation by the jury. No note is issued. The Jury President shall prepare a report that the entire jury countersigns. <\/span><\/p>\n<p class=\"p1\"><span class=\"s1\">The doctoral thesis is sanctioned by a national diploma. The PhD student hence obtains the degree of doctor.<\/span><\/p>\n\t\t\t\t\t\t\t\t<\/div>\n\t\t\t\t<\/div>\n\t\t\t\t\t<\/div>\n\t\t<\/div>\n\t\t\t\t\t<\/div>\n\t\t<\/section>\n\t\t\t\t<\/div>\n\t\t","protected":false},"excerpt":{"rendered":"<p>The PhD Thesis 1 &#8211; PERSONAL AND PROFESSIONAL PROJECT Preparing a doctoral thesis is part of a personal and professional project clearly defined in its goals as in its requirements. First, the\u00a0goal of a supervisor is to obtain financial grant. The supervisor informs the candidate (potential doctoral student) of the availability of the resources for &hellip; <a href=\"https:\/\/spim.ubfc.fr\/en\/thesis\/\">Continued<\/a><\/p>\n","protected":false},"author":1,"featured_media":0,"parent":0,"menu_order":0,"comment_status":"closed","ping_status":"closed","template":"","meta":{"_acf_changed":false,"footnotes":""},"class_list":["post-923","page","type-page","status-publish","hentry"],"acf":[],"yoast_head":"<!-- This site is optimized with the Yoast SEO plugin v27.5 - https:\/\/yoast.com\/product\/yoast-seo-wordpress\/ -->\n<title>Thesis - \u00c9COLE DOCTORALE SPIM<\/title>\n<meta name=\"robots\" content=\"index, follow, max-snippet:-1, max-image-preview:large, max-video-preview:-1\" \/>\n<link rel=\"canonical\" href=\"https:\/\/spim.ubfc.fr\/en\/thesis\/\" \/>\n<meta property=\"og:locale\" content=\"en_US\" \/>\n<meta property=\"og:type\" content=\"article\" \/>\n<meta property=\"og:title\" content=\"Thesis - \u00c9COLE DOCTORALE SPIM\" \/>\n<meta property=\"og:description\" content=\"The PhD Thesis 1 &#8211; PERSONAL AND PROFESSIONAL PROJECT Preparing a doctoral thesis is part of a personal and professional project clearly defined in its goals as in its requirements. First, the\u00a0goal of a supervisor is to obtain financial grant. The supervisor informs the candidate (potential doctoral student) of the availability of the resources for &hellip; Continued\" \/>\n<meta property=\"og:url\" content=\"https:\/\/spim.ubfc.fr\/en\/thesis\/\" \/>\n<meta property=\"og:site_name\" content=\"\u00c9COLE DOCTORALE SPIM\" \/>\n<meta property=\"article:modified_time\" content=\"2020-08-14T08:15:28+00:00\" \/>\n<meta name=\"twitter:card\" content=\"summary_large_image\" \/>\n<meta name=\"twitter:label1\" content=\"Est. reading time\" \/>\n\t<meta name=\"twitter:data1\" content=\"6 minutes\" \/>\n<script type=\"application\/ld+json\" class=\"yoast-schema-graph\">{\"@context\":\"https:\\\/\\\/schema.org\",\"@graph\":[{\"@type\":\"WebPage\",\"@id\":\"https:\\\/\\\/spim.ubfc.fr\\\/en\\\/thesis\\\/\",\"url\":\"https:\\\/\\\/spim.ubfc.fr\\\/en\\\/thesis\\\/\",\"name\":\"Thesis - \u00c9COLE DOCTORALE SPIM\",\"isPartOf\":{\"@id\":\"https:\\\/\\\/spim.ubfc.fr\\\/en\\\/#website\"},\"datePublished\":\"2020-08-14T08:15:26+00:00\",\"dateModified\":\"2020-08-14T08:15:28+00:00\",\"breadcrumb\":{\"@id\":\"https:\\\/\\\/spim.ubfc.fr\\\/en\\\/thesis\\\/#breadcrumb\"},\"inLanguage\":\"en-US\",\"potentialAction\":[{\"@type\":\"ReadAction\",\"target\":[\"https:\\\/\\\/spim.ubfc.fr\\\/en\\\/thesis\\\/\"]}]},{\"@type\":\"BreadcrumbList\",\"@id\":\"https:\\\/\\\/spim.ubfc.fr\\\/en\\\/thesis\\\/#breadcrumb\",\"itemListElement\":[{\"@type\":\"ListItem\",\"position\":1,\"name\":\"Accueil\",\"item\":\"https:\\\/\\\/spim.ubfc.fr\\\/en\\\/\"},{\"@type\":\"ListItem\",\"position\":2,\"name\":\"Thesis\"}]},{\"@type\":\"WebSite\",\"@id\":\"https:\\\/\\\/spim.ubfc.fr\\\/en\\\/#website\",\"url\":\"https:\\\/\\\/spim.ubfc.fr\\\/en\\\/\",\"name\":\"\u00c9cole Doctorale SPIM\",\"description\":\"Ecole Doctorale de Sciences Physiques pour l\u2019Ing\u00e9nieur et Microtechniques - Universit\u00e9 de Bourgogne Franche-Comt\u00e9\",\"publisher\":{\"@id\":\"https:\\\/\\\/spim.ubfc.fr\\\/en\\\/#organization\"},\"potentialAction\":[{\"@type\":\"SearchAction\",\"target\":{\"@type\":\"EntryPoint\",\"urlTemplate\":\"https:\\\/\\\/spim.ubfc.fr\\\/en\\\/?s={search_term_string}\"},\"query-input\":{\"@type\":\"PropertyValueSpecification\",\"valueRequired\":true,\"valueName\":\"search_term_string\"}}],\"inLanguage\":\"en-US\"},{\"@type\":\"Organization\",\"@id\":\"https:\\\/\\\/spim.ubfc.fr\\\/en\\\/#organization\",\"name\":\"\u00c9cole Doctorale SPIM\",\"url\":\"https:\\\/\\\/spim.ubfc.fr\\\/en\\\/\",\"logo\":{\"@type\":\"ImageObject\",\"inLanguage\":\"en-US\",\"@id\":\"https:\\\/\\\/spim.ubfc.fr\\\/en\\\/#\\\/schema\\\/logo\\\/image\\\/\",\"url\":\"https:\\\/\\\/spim.ubfc.fr\\\/wp-content\\\/uploads\\\/sites\\\/17\\\/2020\\\/08\\\/logospim.jpeg\",\"contentUrl\":\"https:\\\/\\\/spim.ubfc.fr\\\/wp-content\\\/uploads\\\/sites\\\/17\\\/2020\\\/08\\\/logospim.jpeg\",\"width\":434,\"height\":144,\"caption\":\"\u00c9cole Doctorale SPIM\"},\"image\":{\"@id\":\"https:\\\/\\\/spim.ubfc.fr\\\/en\\\/#\\\/schema\\\/logo\\\/image\\\/\"}}]}<\/script>\n<!-- \/ Yoast SEO plugin. -->","yoast_head_json":{"title":"Thesis - \u00c9COLE DOCTORALE SPIM","robots":{"index":"index","follow":"follow","max-snippet":"max-snippet:-1","max-image-preview":"max-image-preview:large","max-video-preview":"max-video-preview:-1"},"canonical":"https:\/\/spim.ubfc.fr\/en\/thesis\/","og_locale":"en_US","og_type":"article","og_title":"Thesis - \u00c9COLE DOCTORALE SPIM","og_description":"The PhD Thesis 1 &#8211; PERSONAL AND PROFESSIONAL PROJECT Preparing a doctoral thesis is part of a personal and professional project clearly defined in its goals as in its requirements. First, the\u00a0goal of a supervisor is to obtain financial grant. The supervisor informs the candidate (potential doctoral student) of the availability of the resources for &hellip; Continued","og_url":"https:\/\/spim.ubfc.fr\/en\/thesis\/","og_site_name":"\u00c9COLE DOCTORALE SPIM","article_modified_time":"2020-08-14T08:15:28+00:00","twitter_card":"summary_large_image","twitter_misc":{"Est. reading time":"6 minutes"},"schema":{"@context":"https:\/\/schema.org","@graph":[{"@type":"WebPage","@id":"https:\/\/spim.ubfc.fr\/en\/thesis\/","url":"https:\/\/spim.ubfc.fr\/en\/thesis\/","name":"Thesis - \u00c9COLE DOCTORALE SPIM","isPartOf":{"@id":"https:\/\/spim.ubfc.fr\/en\/#website"},"datePublished":"2020-08-14T08:15:26+00:00","dateModified":"2020-08-14T08:15:28+00:00","breadcrumb":{"@id":"https:\/\/spim.ubfc.fr\/en\/thesis\/#breadcrumb"},"inLanguage":"en-US","potentialAction":[{"@type":"ReadAction","target":["https:\/\/spim.ubfc.fr\/en\/thesis\/"]}]},{"@type":"BreadcrumbList","@id":"https:\/\/spim.ubfc.fr\/en\/thesis\/#breadcrumb","itemListElement":[{"@type":"ListItem","position":1,"name":"Accueil","item":"https:\/\/spim.ubfc.fr\/en\/"},{"@type":"ListItem","position":2,"name":"Thesis"}]},{"@type":"WebSite","@id":"https:\/\/spim.ubfc.fr\/en\/#website","url":"https:\/\/spim.ubfc.fr\/en\/","name":"\u00c9cole Doctorale SPIM","description":"Ecole Doctorale de Sciences Physiques pour l\u2019Ing\u00e9nieur et Microtechniques - Universit\u00e9 de Bourgogne Franche-Comt\u00e9","publisher":{"@id":"https:\/\/spim.ubfc.fr\/en\/#organization"},"potentialAction":[{"@type":"SearchAction","target":{"@type":"EntryPoint","urlTemplate":"https:\/\/spim.ubfc.fr\/en\/?s={search_term_string}"},"query-input":{"@type":"PropertyValueSpecification","valueRequired":true,"valueName":"search_term_string"}}],"inLanguage":"en-US"},{"@type":"Organization","@id":"https:\/\/spim.ubfc.fr\/en\/#organization","name":"\u00c9cole Doctorale SPIM","url":"https:\/\/spim.ubfc.fr\/en\/","logo":{"@type":"ImageObject","inLanguage":"en-US","@id":"https:\/\/spim.ubfc.fr\/en\/#\/schema\/logo\/image\/","url":"https:\/\/spim.ubfc.fr\/wp-content\/uploads\/sites\/17\/2020\/08\/logospim.jpeg","contentUrl":"https:\/\/spim.ubfc.fr\/wp-content\/uploads\/sites\/17\/2020\/08\/logospim.jpeg","width":434,"height":144,"caption":"\u00c9cole Doctorale SPIM"},"image":{"@id":"https:\/\/spim.ubfc.fr\/en\/#\/schema\/logo\/image\/"}}]}},"_links":{"self":[{"href":"https:\/\/spim.ubfc.fr\/en\/wp-json\/wp\/v2\/pages\/923","targetHints":{"allow":["GET"]}}],"collection":[{"href":"https:\/\/spim.ubfc.fr\/en\/wp-json\/wp\/v2\/pages"}],"about":[{"href":"https:\/\/spim.ubfc.fr\/en\/wp-json\/wp\/v2\/types\/page"}],"author":[{"embeddable":true,"href":"https:\/\/spim.ubfc.fr\/en\/wp-json\/wp\/v2\/users\/1"}],"replies":[{"embeddable":true,"href":"https:\/\/spim.ubfc.fr\/en\/wp-json\/wp\/v2\/comments?post=923"}],"version-history":[{"count":0,"href":"https:\/\/spim.ubfc.fr\/en\/wp-json\/wp\/v2\/pages\/923\/revisions"}],"wp:attachment":[{"href":"https:\/\/spim.ubfc.fr\/en\/wp-json\/wp\/v2\/media?parent=923"}],"curies":[{"name":"wp","href":"https:\/\/api.w.org\/{rel}","templated":true}]}}