{"id":840,"date":"2020-08-13T10:10:57","date_gmt":"2020-08-13T10:10:57","guid":{"rendered":"http:\/\/spim.ubfc.fr\/ubfc-alumni-network\/"},"modified":"2021-09-15T06:31:31","modified_gmt":"2021-09-15T06:31:31","slug":"ubfc-alumni-network","status":"publish","type":"page","link":"https:\/\/spim.ubfc.fr\/en\/ubfc-alumni-network\/","title":{"rendered":"UBFC Alumni Network"},"content":{"rendered":"\t\t<div data-elementor-type=\"wp-page\" data-elementor-id=\"840\" class=\"elementor elementor-840 elementor-582\" data-elementor-post-type=\"page\">\n\t\t\t\t\t\t<section class=\"elementor-section elementor-top-section elementor-element elementor-element-bd7664b elementor-section-boxed elementor-section-height-default elementor-section-height-default\" data-id=\"bd7664b\" data-element_type=\"section\" data-e-type=\"section\">\n\t\t\t\t\t\t<div class=\"elementor-container elementor-column-gap-default\">\n\t\t\t\t\t<div class=\"elementor-column elementor-col-100 elementor-top-column elementor-element elementor-element-cc035b6\" data-id=\"cc035b6\" data-element_type=\"column\" data-e-type=\"column\">\n\t\t\t<div class=\"elementor-widget-wrap elementor-element-populated\">\n\t\t\t\t\t\t<div class=\"elementor-element elementor-element-49f1aa7 elementor-widget elementor-widget-breadcrumbs\" data-id=\"49f1aa7\" data-element_type=\"widget\" data-e-type=\"widget\" data-widget_type=\"breadcrumbs.default\">\n\t\t\t\t<div class=\"elementor-widget-container\">\n\t\t\t\t\t<p id=\"breadcrumbs\"><span><span><a href=\"https:\/\/spim.ubfc.fr\/en\/\">Accueil<\/a><\/span><\/span><\/p>\t\t\t\t<\/div>\n\t\t\t\t<\/div>\n\t\t\t\t<div class=\"elementor-element elementor-element-41ec5d8 elementor-widget elementor-widget-heading\" data-id=\"41ec5d8\" data-element_type=\"widget\" data-e-type=\"widget\" data-widget_type=\"heading.default\">\n\t\t\t\t<div class=\"elementor-widget-container\">\n\t\t\t\t\t<h2 class=\"elementor-heading-title elementor-size-default\">UBFC Alumni Network<\/h2>\t\t\t\t<\/div>\n\t\t\t\t<\/div>\n\t\t\t\t<div class=\"elementor-element elementor-element-f1f5af9 elementor-widget elementor-widget-text-editor\" data-id=\"f1f5af9\" data-element_type=\"widget\" data-e-type=\"widget\" data-widget_type=\"text-editor.default\">\n\t\t\t\t<div class=\"elementor-widget-container\">\n\t\t\t\t\t\t\t\t\t<p class=\"p1\"><span class=\"s1\"><b>The new UBFC Alumni network provides support and direct contact with its community of current and former students, as well as partners such as laboratories and recruiters.<\/b><\/span><b> <\/b><\/p>\n<p class=\"p2\"><span class=\"s3\"><a href=\"https:\/\/www.ubfc.fr\/formations\/insertion-professionnelle\/reseau-ubfc-alumni\/\">https:\/\/www.ubfc.fr\/formations\/insertion-professionnelle\/reseau-ubfc-alumni\/<\/a><\/span><\/p>\n<p class=\"p1\"><span class=\"s1\">The UBFC Alumni network offers access to an intergenerational, multidisciplinary, local and international platform intended for all students, current and former, from UBFC masters and <b>doctorates<\/b>, all fields combined, all over the world. Resulting from a milestone of the ISITE-BFC project, this platform provides its users with many tools allowing them to develop their network and find professional opportunities such as: <\/span><\/p>\n<ul class=\"ul1\">\n<li class=\"li1\"><span class=\"s1\">A <b>directory of members<\/b> and a private messaging system which makes it possible to find the student, graduate or recruiter sought and to exchange in complete security; <\/span><\/li>\n<li class=\"li1\"><span class=\"s1\">A profile sheet to <b>highlight his career and his experiences<\/b> with other members of the network and recruiters through a CV library;<\/span><\/li>\n<li class=\"li1\"><span class=\"s1\">A sponsorship system between members of the community, to support and benefit from their experiences and advice; <\/span><\/li>\n<li class=\"li1\"><span class=\"s1\">The possibility of <b>submitting, applying for or consulting job<\/b> or internship offers and setting up email alerts; <\/span><\/li>\n<li class=\"li1\"><span class=\"s1\">Events organized by the Alumni network (workshops, meetings, afterworks, career events \u2026);<\/span><\/li>\n<li class=\"li1\"><span class=\"s1\"><b>The possibility of integrating or creating communities<\/b> in the form of thematic groups in order to encourage exchanges and sharing of information;<\/span><\/li>\n<li class=\"li1\"><span class=\"s1\">Articles, advice, news from the network.<\/span><\/li>\n<\/ul>\n<p class=\"p1\"><span class=\"s1\">Companies, recruiters, research units, partners joining the network benefit from access to the CV library to prospect new talents within the UBFC Alumni network. These profiles can, by connecting to the platform, submit internship and job offers but also <b>gain visibility and enhance their structure <\/b>with students and graduates. <\/span><\/p>\n<p class=\"p1\"><span class=\"s1\">The \u201cFriend of the Network\u201d profile has been created for those interested and linked to the network (teacher-researchers, staff, associations). This profile gives access to certain tools such as the dissemination of information, the sharing of events, etc. <\/span><\/p>\n<p class=\"p1\"><span class=\"s1\">Registration to the platform is free and is done through the following address: <a href=\"https:\/\/alumni.ubfc.fr\/\"><span class=\"s5\">alumni.ubfc.fr <\/span><\/a><\/span><\/p>\n<p class=\"p1\"><span class=\"s1\">CONTACT : Chlo\u00e9 COMBET <\/span><\/p>\n<p class=\"p1\"><span class=\"s1\">Alumni network manager <\/span><\/p>\n<p class=\"p2\"><span class=\"s3\"><a href=\"mailto:alumni@ubfc.fr\">alumni@ubfc.fr<\/a><\/span><\/p>\n\t\t\t\t\t\t\t\t<\/div>\n\t\t\t\t<\/div>\n\t\t\t\t\t<\/div>\n\t\t<\/div>\n\t\t\t\t\t<\/div>\n\t\t<\/section>\n\t\t\t\t<\/div>\n\t\t","protected":false},"excerpt":{"rendered":"<p>UBFC Alumni Network The new UBFC Alumni network provides support and direct contact with its community of current and former students, as well as partners such as laboratories and recruiters. https:\/\/www.ubfc.fr\/formations\/insertion-professionnelle\/reseau-ubfc-alumni\/ The UBFC Alumni network offers access to an intergenerational, multidisciplinary, local and international platform intended for all students, current and former, from UBFC masters &hellip; <a href=\"https:\/\/spim.ubfc.fr\/en\/ubfc-alumni-network\/\">Continued<\/a><\/p>\n","protected":false},"author":22,"featured_media":0,"parent":0,"menu_order":0,"comment_status":"closed","ping_status":"closed","template":"","meta":{"_acf_changed":false,"footnotes":""},"class_list":["post-840","page","type-page","status-publish","hentry"],"acf":[],"yoast_head":"<!-- This site is optimized with the Yoast SEO plugin v27.4 - https:\/\/yoast.com\/product\/yoast-seo-wordpress\/ -->\n<title>UBFC Alumni Network - \u00c9COLE DOCTORALE SPIM<\/title>\n<meta name=\"robots\" content=\"index, follow, max-snippet:-1, max-image-preview:large, max-video-preview:-1\" \/>\n<link rel=\"canonical\" href=\"https:\/\/spim.ubfc.fr\/en\/ubfc-alumni-network\/\" \/>\n<meta property=\"og:locale\" content=\"en_US\" \/>\n<meta property=\"og:type\" content=\"article\" \/>\n<meta property=\"og:title\" content=\"UBFC Alumni Network - \u00c9COLE DOCTORALE SPIM\" \/>\n<meta property=\"og:description\" content=\"UBFC Alumni Network The new UBFC Alumni network provides support and direct contact with its community of current and former students, as well as partners such as laboratories and recruiters. https:\/\/www.ubfc.fr\/formations\/insertion-professionnelle\/reseau-ubfc-alumni\/ The UBFC Alumni network offers access to an intergenerational, multidisciplinary, local and international platform intended for all students, current and former, from UBFC masters &hellip; Continued\" \/>\n<meta property=\"og:url\" content=\"https:\/\/spim.ubfc.fr\/en\/ubfc-alumni-network\/\" \/>\n<meta property=\"og:site_name\" content=\"\u00c9COLE DOCTORALE SPIM\" \/>\n<meta property=\"article:modified_time\" content=\"2021-09-15T06:31:31+00:00\" \/>\n<meta name=\"twitter:card\" content=\"summary_large_image\" \/>\n<meta name=\"twitter:label1\" content=\"Est. reading time\" \/>\n\t<meta name=\"twitter:data1\" content=\"2 minutes\" \/>\n<script type=\"application\/ld+json\" class=\"yoast-schema-graph\">{\"@context\":\"https:\\\/\\\/schema.org\",\"@graph\":[{\"@type\":\"WebPage\",\"@id\":\"https:\\\/\\\/spim.ubfc.fr\\\/en\\\/ubfc-alumni-network\\\/\",\"url\":\"https:\\\/\\\/spim.ubfc.fr\\\/en\\\/ubfc-alumni-network\\\/\",\"name\":\"UBFC Alumni Network - \u00c9COLE DOCTORALE SPIM\",\"isPartOf\":{\"@id\":\"https:\\\/\\\/spim.ubfc.fr\\\/en\\\/#website\"},\"datePublished\":\"2020-08-13T10:10:57+00:00\",\"dateModified\":\"2021-09-15T06:31:31+00:00\",\"breadcrumb\":{\"@id\":\"https:\\\/\\\/spim.ubfc.fr\\\/en\\\/ubfc-alumni-network\\\/#breadcrumb\"},\"inLanguage\":\"en-US\",\"potentialAction\":[{\"@type\":\"ReadAction\",\"target\":[\"https:\\\/\\\/spim.ubfc.fr\\\/en\\\/ubfc-alumni-network\\\/\"]}]},{\"@type\":\"BreadcrumbList\",\"@id\":\"https:\\\/\\\/spim.ubfc.fr\\\/en\\\/ubfc-alumni-network\\\/#breadcrumb\",\"itemListElement\":[{\"@type\":\"ListItem\",\"position\":1,\"name\":\"Accueil\",\"item\":\"https:\\\/\\\/spim.ubfc.fr\\\/en\\\/\"},{\"@type\":\"ListItem\",\"position\":2,\"name\":\"UBFC Alumni Network\"}]},{\"@type\":\"WebSite\",\"@id\":\"https:\\\/\\\/spim.ubfc.fr\\\/en\\\/#website\",\"url\":\"https:\\\/\\\/spim.ubfc.fr\\\/en\\\/\",\"name\":\"\u00c9cole Doctorale SPIM\",\"description\":\"Ecole Doctorale de Sciences Physiques pour l\u2019Ing\u00e9nieur et Microtechniques - Universit\u00e9 de Bourgogne Franche-Comt\u00e9\",\"publisher\":{\"@id\":\"https:\\\/\\\/spim.ubfc.fr\\\/en\\\/#organization\"},\"potentialAction\":[{\"@type\":\"SearchAction\",\"target\":{\"@type\":\"EntryPoint\",\"urlTemplate\":\"https:\\\/\\\/spim.ubfc.fr\\\/en\\\/?s={search_term_string}\"},\"query-input\":{\"@type\":\"PropertyValueSpecification\",\"valueRequired\":true,\"valueName\":\"search_term_string\"}}],\"inLanguage\":\"en-US\"},{\"@type\":\"Organization\",\"@id\":\"https:\\\/\\\/spim.ubfc.fr\\\/en\\\/#organization\",\"name\":\"\u00c9cole Doctorale SPIM\",\"url\":\"https:\\\/\\\/spim.ubfc.fr\\\/en\\\/\",\"logo\":{\"@type\":\"ImageObject\",\"inLanguage\":\"en-US\",\"@id\":\"https:\\\/\\\/spim.ubfc.fr\\\/en\\\/#\\\/schema\\\/logo\\\/image\\\/\",\"url\":\"https:\\\/\\\/spim.ubfc.fr\\\/wp-content\\\/uploads\\\/sites\\\/17\\\/2020\\\/08\\\/logospim.jpeg\",\"contentUrl\":\"https:\\\/\\\/spim.ubfc.fr\\\/wp-content\\\/uploads\\\/sites\\\/17\\\/2020\\\/08\\\/logospim.jpeg\",\"width\":434,\"height\":144,\"caption\":\"\u00c9cole Doctorale SPIM\"},\"image\":{\"@id\":\"https:\\\/\\\/spim.ubfc.fr\\\/en\\\/#\\\/schema\\\/logo\\\/image\\\/\"}}]}<\/script>\n<!-- \/ Yoast SEO plugin. -->","yoast_head_json":{"title":"UBFC Alumni Network - \u00c9COLE DOCTORALE SPIM","robots":{"index":"index","follow":"follow","max-snippet":"max-snippet:-1","max-image-preview":"max-image-preview:large","max-video-preview":"max-video-preview:-1"},"canonical":"https:\/\/spim.ubfc.fr\/en\/ubfc-alumni-network\/","og_locale":"en_US","og_type":"article","og_title":"UBFC Alumni Network - \u00c9COLE DOCTORALE SPIM","og_description":"UBFC Alumni Network The new UBFC Alumni network provides support and direct contact with its community of current and former students, as well as partners such as laboratories and recruiters. https:\/\/www.ubfc.fr\/formations\/insertion-professionnelle\/reseau-ubfc-alumni\/ The UBFC Alumni network offers access to an intergenerational, multidisciplinary, local and international platform intended for all students, current and former, from UBFC masters &hellip; Continued","og_url":"https:\/\/spim.ubfc.fr\/en\/ubfc-alumni-network\/","og_site_name":"\u00c9COLE DOCTORALE SPIM","article_modified_time":"2021-09-15T06:31:31+00:00","twitter_card":"summary_large_image","twitter_misc":{"Est. reading time":"2 minutes"},"schema":{"@context":"https:\/\/schema.org","@graph":[{"@type":"WebPage","@id":"https:\/\/spim.ubfc.fr\/en\/ubfc-alumni-network\/","url":"https:\/\/spim.ubfc.fr\/en\/ubfc-alumni-network\/","name":"UBFC Alumni Network - \u00c9COLE DOCTORALE SPIM","isPartOf":{"@id":"https:\/\/spim.ubfc.fr\/en\/#website"},"datePublished":"2020-08-13T10:10:57+00:00","dateModified":"2021-09-15T06:31:31+00:00","breadcrumb":{"@id":"https:\/\/spim.ubfc.fr\/en\/ubfc-alumni-network\/#breadcrumb"},"inLanguage":"en-US","potentialAction":[{"@type":"ReadAction","target":["https:\/\/spim.ubfc.fr\/en\/ubfc-alumni-network\/"]}]},{"@type":"BreadcrumbList","@id":"https:\/\/spim.ubfc.fr\/en\/ubfc-alumni-network\/#breadcrumb","itemListElement":[{"@type":"ListItem","position":1,"name":"Accueil","item":"https:\/\/spim.ubfc.fr\/en\/"},{"@type":"ListItem","position":2,"name":"UBFC Alumni Network"}]},{"@type":"WebSite","@id":"https:\/\/spim.ubfc.fr\/en\/#website","url":"https:\/\/spim.ubfc.fr\/en\/","name":"\u00c9cole Doctorale SPIM","description":"Ecole Doctorale de Sciences Physiques pour l\u2019Ing\u00e9nieur et Microtechniques - Universit\u00e9 de Bourgogne Franche-Comt\u00e9","publisher":{"@id":"https:\/\/spim.ubfc.fr\/en\/#organization"},"potentialAction":[{"@type":"SearchAction","target":{"@type":"EntryPoint","urlTemplate":"https:\/\/spim.ubfc.fr\/en\/?s={search_term_string}"},"query-input":{"@type":"PropertyValueSpecification","valueRequired":true,"valueName":"search_term_string"}}],"inLanguage":"en-US"},{"@type":"Organization","@id":"https:\/\/spim.ubfc.fr\/en\/#organization","name":"\u00c9cole Doctorale SPIM","url":"https:\/\/spim.ubfc.fr\/en\/","logo":{"@type":"ImageObject","inLanguage":"en-US","@id":"https:\/\/spim.ubfc.fr\/en\/#\/schema\/logo\/image\/","url":"https:\/\/spim.ubfc.fr\/wp-content\/uploads\/sites\/17\/2020\/08\/logospim.jpeg","contentUrl":"https:\/\/spim.ubfc.fr\/wp-content\/uploads\/sites\/17\/2020\/08\/logospim.jpeg","width":434,"height":144,"caption":"\u00c9cole Doctorale SPIM"},"image":{"@id":"https:\/\/spim.ubfc.fr\/en\/#\/schema\/logo\/image\/"}}]}},"_links":{"self":[{"href":"https:\/\/spim.ubfc.fr\/en\/wp-json\/wp\/v2\/pages\/840","targetHints":{"allow":["GET"]}}],"collection":[{"href":"https:\/\/spim.ubfc.fr\/en\/wp-json\/wp\/v2\/pages"}],"about":[{"href":"https:\/\/spim.ubfc.fr\/en\/wp-json\/wp\/v2\/types\/page"}],"author":[{"embeddable":true,"href":"https:\/\/spim.ubfc.fr\/en\/wp-json\/wp\/v2\/users\/22"}],"replies":[{"embeddable":true,"href":"https:\/\/spim.ubfc.fr\/en\/wp-json\/wp\/v2\/comments?post=840"}],"version-history":[{"count":0,"href":"https:\/\/spim.ubfc.fr\/en\/wp-json\/wp\/v2\/pages\/840\/revisions"}],"wp:attachment":[{"href":"https:\/\/spim.ubfc.fr\/en\/wp-json\/wp\/v2\/media?parent=840"}],"curies":[{"name":"wp","href":"https:\/\/api.w.org\/{rel}","templated":true}]}}