{"id":819,"date":"2020-08-13T09:53:09","date_gmt":"2020-08-13T09:53:09","guid":{"rendered":"http:\/\/spim.ubfc.fr\/off-list-training\/"},"modified":"2025-04-10T14:14:18","modified_gmt":"2025-04-10T14:14:18","slug":"off-list-trainings","status":"publish","type":"page","link":"https:\/\/spim.ubfc.fr\/en\/off-list-trainings\/","title":{"rendered":"Off-list training"},"content":{"rendered":"\t\t<div data-elementor-type=\"wp-page\" data-elementor-id=\"819\" class=\"elementor elementor-819 elementor-377\" data-elementor-post-type=\"page\">\n\t\t\t\t\t\t<section class=\"elementor-section elementor-top-section elementor-element elementor-element-d634bda elementor-section-boxed elementor-section-height-default elementor-section-height-default\" data-id=\"d634bda\" data-element_type=\"section\" data-e-type=\"section\">\n\t\t\t\t\t\t<div class=\"elementor-container elementor-column-gap-default\">\n\t\t\t\t\t<div class=\"elementor-column elementor-col-100 elementor-top-column elementor-element elementor-element-20aeba5\" data-id=\"20aeba5\" data-element_type=\"column\" data-e-type=\"column\">\n\t\t\t<div class=\"elementor-widget-wrap elementor-element-populated\">\n\t\t\t\t\t\t<div class=\"elementor-element elementor-element-36f2f58 elementor-widget elementor-widget-breadcrumbs\" data-id=\"36f2f58\" data-element_type=\"widget\" data-e-type=\"widget\" data-widget_type=\"breadcrumbs.default\">\n\t\t\t\t<div class=\"elementor-widget-container\">\n\t\t\t\t\t<p id=\"breadcrumbs\"><span><span><a href=\"https:\/\/spim.ubfc.fr\/en\/\">Accueil<\/a><\/span><\/span><\/p>\t\t\t\t<\/div>\n\t\t\t\t<\/div>\n\t\t\t\t<div class=\"elementor-element elementor-element-48c250b elementor-widget elementor-widget-heading\" data-id=\"48c250b\" data-element_type=\"widget\" data-e-type=\"widget\" data-widget_type=\"heading.default\">\n\t\t\t\t<div class=\"elementor-widget-container\">\n\t\t\t\t\t<h2 class=\"elementor-heading-title elementor-size-default\">Off-list training<\/h2>\t\t\t\t<\/div>\n\t\t\t\t<\/div>\n\t\t\t\t<div class=\"elementor-element elementor-element-3aac1d5 elementor-widget elementor-widget-text-editor\" data-id=\"3aac1d5\" data-element_type=\"widget\" data-e-type=\"widget\" data-widget_type=\"text-editor.default\">\n\t\t\t\t<div class=\"elementor-widget-container\">\n\t\t\t\t\t\t\t\t\t<p><span style=\"color: #c52d6d; font-size: 18pt;\"><em><strong>BE CAREFUL : Each off-list training must be validated by the doctoral school BEFORE the training : you must send an e-mail to the doctoral school with the detailed program and the validation request form below completed. Without the agreement of the doctoral school, you will not be allowed to follow the training.<\/strong><\/em><\/span><\/p><p class=\"p1\"><span class=\"s1\">The courses validated in the &#8220;sciences&#8221; section are courses referring to the state of the art of the scientific field to which they are addressed. These courses are not meant to providing tools and methods to solve well-formalized problems, but rather to point out the limits of modelling and problem solving in the research field at the global level. A course in the &#8220;sciences&#8221; section therefore aims to situate the tools and methods of a scientific areas in relation to one other, to open up to current scientific problems of an area and to provide indications for the implementation of advanced tools though this might represent only part of the course. On the other hand, these courses are scientific in nature and are not necessarily focused on the subject of a particular PhD dissertation.<\/span><\/p>\t\t\t\t\t\t\t\t<\/div>\n\t\t\t\t<\/div>\n\t\t\t\t<div class=\"elementor-element elementor-element-2be9833 elementor-widget elementor-widget-heading\" data-id=\"2be9833\" data-element_type=\"widget\" data-e-type=\"widget\" data-widget_type=\"heading.default\">\n\t\t\t\t<div class=\"elementor-widget-container\">\n\t\t\t\t\t<h2 class=\"elementor-heading-title elementor-size-default\">How to request validation of an off-list training from the SPIM doctoral school<\/h2>\t\t\t\t<\/div>\n\t\t\t\t<\/div>\n\t\t\t\t<div class=\"elementor-element elementor-element-211240b elementor-widget elementor-widget-text-editor\" data-id=\"211240b\" data-element_type=\"widget\" data-e-type=\"widget\" data-widget_type=\"text-editor.default\">\n\t\t\t\t<div class=\"elementor-widget-container\">\n\t\t\t\t\t\t\t\t\t<p class=\"p1\"><span class=\"s1\">Training courses which are not on the lists validated by the ED SPIM must be subject to prior validation by the ED, to be included in the Individual Training Plan. For this you must fill out this form<\/span><span style=\"color: inherit; font-family: inherit; font-size: 12pt;\"> : <a href=\"https:\/\/spim.ubfc.fr\/wp-content\/uploads\/sites\/17\/2025\/04\/Formulaire-demande-validation-formation-hors-liste-1.pdf\">https:\/\/spim.ubfc.fr\/wp-content\/uploads\/sites\/17\/2025\/04\/Formulaire-demande-validation-formation-hors-liste-1.pdf<\/a><\/span><\/p><p class=\"p1\"><span class=\"s1\"><i>Please note that: you must not forget to attach the detailed training program content with the form. The training cannot be accounted by simply submitting attendance proof of the training. Instead, you must also attach the training program detail with the above-mentioned form. Then the hours will be recorded when the attestation of attendance is provided.<\/i><\/span><\/p><p class=\"p1\"><span class=\"s1\">Send your request to :<\/span><\/p><ul><li class=\"p1\">Alika ROSSETTI (<a href=\"mailto:alika.rossetti@univ-fcomte.fr\">alika.rossetti@univ-fcomte.fr<\/a>) <span class=\"s1\">if you are enrolled in UMLP or SUPMICROTECH ENSMM<br \/><\/span><\/li><li class=\"p1\"><span class=\"s1\">C\u00e9line DAUBIGNEY (<a href=\"mailto:celine.daubigney@u-bourgogne.fr\">celine.daubigney@u-bourgogne.fr<\/a>)<\/span> <span class=\"s1\">if you are enrolled in UBE<\/span><\/li><li class=\"p1\"><span class=\"s1\">Caroline DELAMARCHE <\/span>(<a href=\"mailto:caroline.delamarche@utbm.fr\">caroline.delamarche@utbm.fr<\/a>) if you are enrolled in UTBM<\/li><\/ul>\t\t\t\t\t\t\t\t<\/div>\n\t\t\t\t<\/div>\n\t\t\t\t<div class=\"elementor-element elementor-element-c1ec00b elementor-widget elementor-widget-heading\" data-id=\"c1ec00b\" data-element_type=\"widget\" data-e-type=\"widget\" data-widget_type=\"heading.default\">\n\t\t\t\t<div class=\"elementor-widget-container\">\n\t\t\t\t\t<h2 class=\"elementor-heading-title elementor-size-default\">National Network of Doctoral Schools in Engineering Sciences (SPI)<\/h2>\t\t\t\t<\/div>\n\t\t\t\t<\/div>\n\t\t\t\t<div class=\"elementor-element elementor-element-8a3cf93 elementor-widget elementor-widget-text-editor\" data-id=\"8a3cf93\" data-element_type=\"widget\" data-e-type=\"widget\" data-widget_type=\"text-editor.default\">\n\t\t\t\t<div class=\"elementor-widget-container\">\n\t\t\t\t\t\t\t\t\t<p class=\"p1\"><span class=\"s1\">The National Network of Doctoral Schools in Engineering Sciences (SPI) also offers training, see the website: <a href=\"http:\/\/www.redoc-spi.fr\/c-14-ecoles-doctorales.html\" target=\"_blank\" rel=\"noopener\">http:\/\/www.redoc-spi.fr\/c-14-ecoles-doctorales.html<\/a><\/span><\/p>\n\t\t\t\t\t\t\t\t<\/div>\n\t\t\t\t<\/div>\n\t\t\t\t\t<\/div>\n\t\t<\/div>\n\t\t\t\t\t<\/div>\n\t\t<\/section>\n\t\t\t\t<\/div>\n\t\t","protected":false},"excerpt":{"rendered":"<p>Off-list training BE CAREFUL : Each off-list training must be validated by the doctoral school BEFORE the training : you must send an e-mail to the doctoral school with the detailed program and the validation request form below completed. Without the agreement of the doctoral school, you will not be allowed to follow the training. &hellip; <a href=\"https:\/\/spim.ubfc.fr\/en\/off-list-trainings\/\">Continued<\/a><\/p>\n","protected":false},"author":1,"featured_media":0,"parent":0,"menu_order":0,"comment_status":"closed","ping_status":"closed","template":"","meta":{"_acf_changed":false,"footnotes":""},"class_list":["post-819","page","type-page","status-publish","hentry"],"acf":[],"yoast_head":"<!-- This site is optimized with the Yoast SEO plugin v27.3 - https:\/\/yoast.com\/product\/yoast-seo-wordpress\/ -->\n<title>Off-list training - \u00c9COLE DOCTORALE SPIM<\/title>\n<meta name=\"robots\" content=\"index, follow, max-snippet:-1, max-image-preview:large, max-video-preview:-1\" \/>\n<link rel=\"canonical\" href=\"https:\/\/spim.ubfc.fr\/en\/off-list-trainings\/\" \/>\n<meta property=\"og:locale\" content=\"en_US\" \/>\n<meta property=\"og:type\" content=\"article\" \/>\n<meta property=\"og:title\" content=\"Off-list training - \u00c9COLE DOCTORALE SPIM\" \/>\n<meta property=\"og:description\" content=\"Off-list training BE CAREFUL : Each off-list training must be validated by the doctoral school BEFORE the training : you must send an e-mail to the doctoral school with the detailed program and the validation request form below completed. Without the agreement of the doctoral school, you will not be allowed to follow the training. &hellip; Continued\" \/>\n<meta property=\"og:url\" content=\"https:\/\/spim.ubfc.fr\/en\/off-list-trainings\/\" \/>\n<meta property=\"og:site_name\" content=\"\u00c9COLE DOCTORALE SPIM\" \/>\n<meta property=\"article:modified_time\" content=\"2025-04-10T14:14:18+00:00\" \/>\n<meta name=\"twitter:card\" content=\"summary_large_image\" \/>\n<meta name=\"twitter:label1\" content=\"Est. reading time\" \/>\n\t<meta name=\"twitter:data1\" content=\"2 minutes\" \/>\n<script type=\"application\/ld+json\" class=\"yoast-schema-graph\">{\"@context\":\"https:\\\/\\\/schema.org\",\"@graph\":[{\"@type\":\"WebPage\",\"@id\":\"https:\\\/\\\/spim.ubfc.fr\\\/en\\\/off-list-trainings\\\/\",\"url\":\"https:\\\/\\\/spim.ubfc.fr\\\/en\\\/off-list-trainings\\\/\",\"name\":\"Off-list training - \u00c9COLE DOCTORALE SPIM\",\"isPartOf\":{\"@id\":\"https:\\\/\\\/spim.ubfc.fr\\\/en\\\/#website\"},\"datePublished\":\"2020-08-13T09:53:09+00:00\",\"dateModified\":\"2025-04-10T14:14:18+00:00\",\"breadcrumb\":{\"@id\":\"https:\\\/\\\/spim.ubfc.fr\\\/en\\\/off-list-trainings\\\/#breadcrumb\"},\"inLanguage\":\"en-US\",\"potentialAction\":[{\"@type\":\"ReadAction\",\"target\":[\"https:\\\/\\\/spim.ubfc.fr\\\/en\\\/off-list-trainings\\\/\"]}]},{\"@type\":\"BreadcrumbList\",\"@id\":\"https:\\\/\\\/spim.ubfc.fr\\\/en\\\/off-list-trainings\\\/#breadcrumb\",\"itemListElement\":[{\"@type\":\"ListItem\",\"position\":1,\"name\":\"Accueil\",\"item\":\"https:\\\/\\\/spim.ubfc.fr\\\/en\\\/\"},{\"@type\":\"ListItem\",\"position\":2,\"name\":\"Off-list training\"}]},{\"@type\":\"WebSite\",\"@id\":\"https:\\\/\\\/spim.ubfc.fr\\\/en\\\/#website\",\"url\":\"https:\\\/\\\/spim.ubfc.fr\\\/en\\\/\",\"name\":\"\u00c9cole Doctorale SPIM\",\"description\":\"Ecole Doctorale de Sciences Physiques pour l\u2019Ing\u00e9nieur et Microtechniques - Universit\u00e9 de Bourgogne Franche-Comt\u00e9\",\"publisher\":{\"@id\":\"https:\\\/\\\/spim.ubfc.fr\\\/en\\\/#organization\"},\"potentialAction\":[{\"@type\":\"SearchAction\",\"target\":{\"@type\":\"EntryPoint\",\"urlTemplate\":\"https:\\\/\\\/spim.ubfc.fr\\\/en\\\/?s={search_term_string}\"},\"query-input\":{\"@type\":\"PropertyValueSpecification\",\"valueRequired\":true,\"valueName\":\"search_term_string\"}}],\"inLanguage\":\"en-US\"},{\"@type\":\"Organization\",\"@id\":\"https:\\\/\\\/spim.ubfc.fr\\\/en\\\/#organization\",\"name\":\"\u00c9cole Doctorale SPIM\",\"url\":\"https:\\\/\\\/spim.ubfc.fr\\\/en\\\/\",\"logo\":{\"@type\":\"ImageObject\",\"inLanguage\":\"en-US\",\"@id\":\"https:\\\/\\\/spim.ubfc.fr\\\/en\\\/#\\\/schema\\\/logo\\\/image\\\/\",\"url\":\"https:\\\/\\\/spim.ubfc.fr\\\/wp-content\\\/uploads\\\/sites\\\/17\\\/2020\\\/08\\\/logospim.jpeg\",\"contentUrl\":\"https:\\\/\\\/spim.ubfc.fr\\\/wp-content\\\/uploads\\\/sites\\\/17\\\/2020\\\/08\\\/logospim.jpeg\",\"width\":434,\"height\":144,\"caption\":\"\u00c9cole Doctorale SPIM\"},\"image\":{\"@id\":\"https:\\\/\\\/spim.ubfc.fr\\\/en\\\/#\\\/schema\\\/logo\\\/image\\\/\"}}]}<\/script>\n<!-- \/ Yoast SEO plugin. -->","yoast_head_json":{"title":"Off-list training - \u00c9COLE DOCTORALE SPIM","robots":{"index":"index","follow":"follow","max-snippet":"max-snippet:-1","max-image-preview":"max-image-preview:large","max-video-preview":"max-video-preview:-1"},"canonical":"https:\/\/spim.ubfc.fr\/en\/off-list-trainings\/","og_locale":"en_US","og_type":"article","og_title":"Off-list training - \u00c9COLE DOCTORALE SPIM","og_description":"Off-list training BE CAREFUL : Each off-list training must be validated by the doctoral school BEFORE the training : you must send an e-mail to the doctoral school with the detailed program and the validation request form below completed. Without the agreement of the doctoral school, you will not be allowed to follow the training. &hellip; Continued","og_url":"https:\/\/spim.ubfc.fr\/en\/off-list-trainings\/","og_site_name":"\u00c9COLE DOCTORALE SPIM","article_modified_time":"2025-04-10T14:14:18+00:00","twitter_card":"summary_large_image","twitter_misc":{"Est. reading time":"2 minutes"},"schema":{"@context":"https:\/\/schema.org","@graph":[{"@type":"WebPage","@id":"https:\/\/spim.ubfc.fr\/en\/off-list-trainings\/","url":"https:\/\/spim.ubfc.fr\/en\/off-list-trainings\/","name":"Off-list training - \u00c9COLE DOCTORALE SPIM","isPartOf":{"@id":"https:\/\/spim.ubfc.fr\/en\/#website"},"datePublished":"2020-08-13T09:53:09+00:00","dateModified":"2025-04-10T14:14:18+00:00","breadcrumb":{"@id":"https:\/\/spim.ubfc.fr\/en\/off-list-trainings\/#breadcrumb"},"inLanguage":"en-US","potentialAction":[{"@type":"ReadAction","target":["https:\/\/spim.ubfc.fr\/en\/off-list-trainings\/"]}]},{"@type":"BreadcrumbList","@id":"https:\/\/spim.ubfc.fr\/en\/off-list-trainings\/#breadcrumb","itemListElement":[{"@type":"ListItem","position":1,"name":"Accueil","item":"https:\/\/spim.ubfc.fr\/en\/"},{"@type":"ListItem","position":2,"name":"Off-list training"}]},{"@type":"WebSite","@id":"https:\/\/spim.ubfc.fr\/en\/#website","url":"https:\/\/spim.ubfc.fr\/en\/","name":"\u00c9cole Doctorale SPIM","description":"Ecole Doctorale de Sciences Physiques pour l\u2019Ing\u00e9nieur et Microtechniques - Universit\u00e9 de Bourgogne Franche-Comt\u00e9","publisher":{"@id":"https:\/\/spim.ubfc.fr\/en\/#organization"},"potentialAction":[{"@type":"SearchAction","target":{"@type":"EntryPoint","urlTemplate":"https:\/\/spim.ubfc.fr\/en\/?s={search_term_string}"},"query-input":{"@type":"PropertyValueSpecification","valueRequired":true,"valueName":"search_term_string"}}],"inLanguage":"en-US"},{"@type":"Organization","@id":"https:\/\/spim.ubfc.fr\/en\/#organization","name":"\u00c9cole Doctorale SPIM","url":"https:\/\/spim.ubfc.fr\/en\/","logo":{"@type":"ImageObject","inLanguage":"en-US","@id":"https:\/\/spim.ubfc.fr\/en\/#\/schema\/logo\/image\/","url":"https:\/\/spim.ubfc.fr\/wp-content\/uploads\/sites\/17\/2020\/08\/logospim.jpeg","contentUrl":"https:\/\/spim.ubfc.fr\/wp-content\/uploads\/sites\/17\/2020\/08\/logospim.jpeg","width":434,"height":144,"caption":"\u00c9cole Doctorale SPIM"},"image":{"@id":"https:\/\/spim.ubfc.fr\/en\/#\/schema\/logo\/image\/"}}]}},"_links":{"self":[{"href":"https:\/\/spim.ubfc.fr\/en\/wp-json\/wp\/v2\/pages\/819","targetHints":{"allow":["GET"]}}],"collection":[{"href":"https:\/\/spim.ubfc.fr\/en\/wp-json\/wp\/v2\/pages"}],"about":[{"href":"https:\/\/spim.ubfc.fr\/en\/wp-json\/wp\/v2\/types\/page"}],"author":[{"embeddable":true,"href":"https:\/\/spim.ubfc.fr\/en\/wp-json\/wp\/v2\/users\/1"}],"replies":[{"embeddable":true,"href":"https:\/\/spim.ubfc.fr\/en\/wp-json\/wp\/v2\/comments?post=819"}],"version-history":[{"count":5,"href":"https:\/\/spim.ubfc.fr\/en\/wp-json\/wp\/v2\/pages\/819\/revisions"}],"predecessor-version":[{"id":4537,"href":"https:\/\/spim.ubfc.fr\/en\/wp-json\/wp\/v2\/pages\/819\/revisions\/4537"}],"wp:attachment":[{"href":"https:\/\/spim.ubfc.fr\/en\/wp-json\/wp\/v2\/media?parent=819"}],"curies":[{"name":"wp","href":"https:\/\/api.w.org\/{rel}","templated":true}]}}