{"id":2104,"date":"2021-09-15T06:16:16","date_gmt":"2021-09-15T06:16:16","guid":{"rendered":"http:\/\/spim.ubfc.fr\/doctoral-school-council\/"},"modified":"2023-04-07T13:37:20","modified_gmt":"2023-04-07T13:37:20","slug":"doctoral-school-council","status":"publish","type":"page","link":"https:\/\/spim.ubfc.fr\/en\/doctoral-school-council\/","title":{"rendered":"Doctoral School Council"},"content":{"rendered":"\t\t<div data-elementor-type=\"wp-page\" data-elementor-id=\"2104\" class=\"elementor elementor-2104 elementor-523\" data-elementor-post-type=\"page\">\n\t\t\t\t\t\t<section class=\"elementor-section elementor-top-section elementor-element elementor-element-e305e1a elementor-section-boxed elementor-section-height-default elementor-section-height-default\" data-id=\"e305e1a\" data-element_type=\"section\" data-e-type=\"section\">\n\t\t\t\t\t\t<div class=\"elementor-container elementor-column-gap-default\">\n\t\t\t\t\t<div class=\"elementor-column elementor-col-100 elementor-top-column elementor-element elementor-element-c693292\" data-id=\"c693292\" data-element_type=\"column\" data-e-type=\"column\">\n\t\t\t<div class=\"elementor-widget-wrap elementor-element-populated\">\n\t\t\t\t\t\t<div class=\"elementor-element elementor-element-fee081b elementor-widget elementor-widget-heading\" data-id=\"fee081b\" data-element_type=\"widget\" data-e-type=\"widget\" data-widget_type=\"heading.default\">\n\t\t\t\t<div class=\"elementor-widget-container\">\n\t\t\t\t\t<h2 class=\"elementor-heading-title elementor-size-default\">ED Council<\/h2>\t\t\t\t<\/div>\n\t\t\t\t<\/div>\n\t\t\t\t\t<\/div>\n\t\t<\/div>\n\t\t\t\t\t<\/div>\n\t\t<\/section>\n\t\t\t\t<section class=\"elementor-section elementor-top-section elementor-element elementor-element-7ccb6fa elementor-section-boxed elementor-section-height-default elementor-section-height-default\" data-id=\"7ccb6fa\" data-element_type=\"section\" data-e-type=\"section\">\n\t\t\t\t\t\t<div class=\"elementor-container elementor-column-gap-default\">\n\t\t\t\t\t<div class=\"elementor-column elementor-col-100 elementor-top-column elementor-element elementor-element-ebbff61\" data-id=\"ebbff61\" data-element_type=\"column\" data-e-type=\"column\">\n\t\t\t<div class=\"elementor-widget-wrap elementor-element-populated\">\n\t\t\t\t\t\t<div class=\"elementor-element elementor-element-99d5a3a elementor-widget elementor-widget-text-editor\" data-id=\"99d5a3a\" data-element_type=\"widget\" data-e-type=\"widget\" data-widget_type=\"text-editor.default\">\n\t\t\t\t<div class=\"elementor-widget-container\">\n\t\t\t\t\t\t\t\t\t<p>All councils reports are available here : <a href=\"https:\/\/spim.ubfc.fr\/comptes-rendus\/\">https:\/\/spim.ubfc.fr\/comptes-rendus\/<\/a><\/p>\t\t\t\t\t\t\t\t<\/div>\n\t\t\t\t<\/div>\n\t\t\t\t<div class=\"elementor-element elementor-element-677757e elementor-widget elementor-widget-text-editor\" data-id=\"677757e\" data-element_type=\"widget\" data-e-type=\"widget\" data-widget_type=\"text-editor.default\">\n\t\t\t\t<div class=\"elementor-widget-container\">\n\t\t\t\t\t\t\t\t\t<h1>The Doctoral School Council<\/h1>\n<h2>Composition :<\/h2>\n<p id=\"tw-target-text\" class=\"tw-data-text tw-text-large XcVN5d tw-ta\" dir=\"ltr\" data-placeholder=\"Traduction\"><span class=\"Y2IQFc\" lang=\"en\">It is made up of 25 members who meet at least 3 times a year: <\/span><\/p>\n<p class=\"tw-data-text tw-text-large XcVN5d tw-ta\" dir=\"ltr\" data-placeholder=\"Traduction\"><span class=\"Y2IQFc\" lang=\"en\">&#8211; 13 HDR representatives of the laboratories, appointed by the director of the research unit, and 2 representatives of IAT staff appointed by the director of the research unit: <\/span><\/p>\n<p class=\"tw-data-text tw-text-large XcVN5d tw-ta\" dir=\"ltr\" data-placeholder=\"Traduction\"><span class=\"Y2IQFc\" lang=\"en\">DRIVE: 1 representative; FEMTO-ST: 1 representative per department + 1 IAT; ICB: 1 representative; LIB: 1 representative; ImViA: 1 representative + 1 IAT; Nanomedicine: 1 representative &#8211; 5 PhD students elected with a distribution key (3 from the Besan\u00e7on site, 1 from the Dijon site and 1 from the Nord-Franche-Comt\u00e9 site) <\/span><\/p>\n<p class=\"tw-data-text tw-text-large XcVN5d tw-ta\" dir=\"ltr\" data-placeholder=\"Traduction\"><span class=\"Y2IQFc\" lang=\"en\">&#8211; 5 personalities outside the ED, in scientific fields and in socio-economic sectors &#8211; Permanent guests: the director of the ED, the deputy director of the ED, the directors of research units Its action: <\/span><\/p>\n<p class=\"tw-data-text tw-text-large XcVN5d tw-ta\" dir=\"ltr\" data-placeholder=\"Traduction\"><span class=\"Y2IQFc\" lang=\"en\">monitoring the functioning of the ED and its development, definition of budgetary policy, procedure for choosing doctoral students and thesis funding, organization of doctoral training and validation of derogatory registrations.<\/span><\/p>\n<h2 id=\"tw-target-text\" class=\"tw-data-text tw-text-large XcVN5d tw-ta\" dir=\"ltr\" data-placeholder=\"Traduction\"><span class=\"Y2IQFc\" lang=\"en\">The representatives of the present quinquennium:<\/span><\/h2>\n<p>1) <span class=\"Y2IQFc\" lang=\"en\">Establishments and departments<\/span><\/p>\n<p>&#8211; CIAD : St\u00e9phane GALLAND<\/p>\n<p>&#8211; DRIVE : Sidi Mohammed SENOUCI<\/p>\n<p>&#8211;\u00a0FEMTO-ST :<\/p>\n<p>AS2M : Christophe VARNIER<\/p>\n<p>DISC : Pierre-Cyrille H\u00c9AM<\/p>\n<p>DMA : Xavier ROIZARD<\/p>\n<p>ENERGIE : Micka\u00ebl HILAIRET<\/p>\n<p>MN2S : S\u00e9bastien EUPHRASIE<\/p>\n<p>OPTIQUE : Maxime JACQUOT<\/p>\n<p>TEMPS-FREQUENCE : Serge GALLIOU<\/p>\n<p>&#8211; ICB : C\u00e9cile LANGLADE<\/p>\n<p>&#8211; ImViA : Yannick BENEZETH<\/p>\n<p>&#8211; LIB : Christophe CRUZ<\/p>\n<p>&#8211; <span class=\"Y2IQFc\" lang=\"en\">Representing <\/span>BIATSS : Val\u00e9rie FAUVEZ (FEMTO-ST), Matthieu ROSSE (IMVIA)<\/p>\n<p>2)<span class=\"Y2IQFc\" lang=\"en\">Representatives of the scientific field:<\/span><\/p>\n<p>&#8211; Dr. Mathias HECKELE ( Karlsruhe Institute of Technology (KIT), Institute Microstructure Technology Karlsruhe) who is the international representative<\/p>\n<p>&#8211; <span class=\"Y2IQFc\" lang=\"en\">Other personality to name<\/span><\/p>\n<p><strong>\u00a0<\/strong><\/p>\n<p>3) <span class=\"Y2IQFc\" lang=\"en\">Representatives of the socio-economic field:<\/span><\/p>\n<p>&#8211; Christian BERTRAND (General Electric), Lo\u00efc BRAUN (AR Electronique)<\/p>\n<p>4) <span class=\"Y2IQFc\" lang=\"en\">PhD representatives:<\/span><\/p>\n<p>&#8211; Besan\u00e7on : Hugo DAGUERRE (FEMTO-ST\/AS2M, UFC), Aflah ELOUNEG (FEMTO-ST\/DMA, UFC)<\/p>\n<p>&#8211; Belfort : Pierre ROMET (CIAD, UTBM), Th\u00e9o KZIAZYK (FEMTO-ST\/Energie, UFC)<\/p>\n<p>&#8211; Dijon : Reda BELAICHE (ImViA, UB)<\/p>\n\t\t\t\t\t\t\t\t<\/div>\n\t\t\t\t<\/div>\n\t\t\t\t\t<\/div>\n\t\t<\/div>\n\t\t\t\t\t<\/div>\n\t\t<\/section>\n\t\t\t\t<\/div>\n\t\t","protected":false},"excerpt":{"rendered":"<p>ED Council All councils reports are available here : https:\/\/spim.ubfc.fr\/comptes-rendus\/ The Doctoral School Council Composition : It is made up of 25 members who meet at least 3 times a year: &#8211; 13 HDR representatives of the laboratories, appointed by the director of the research unit, and 2 representatives of IAT staff appointed by the &hellip; <a href=\"https:\/\/spim.ubfc.fr\/en\/doctoral-school-council\/\">Continued<\/a><\/p>\n","protected":false},"author":22,"featured_media":0,"parent":0,"menu_order":0,"comment_status":"closed","ping_status":"closed","template":"","meta":{"_acf_changed":false,"footnotes":""},"class_list":["post-2104","page","type-page","status-publish","hentry"],"acf":[],"yoast_head":"<!-- This site is optimized with the Yoast SEO plugin v27.4 - https:\/\/yoast.com\/product\/yoast-seo-wordpress\/ -->\n<title>Doctoral School Council - \u00c9COLE DOCTORALE SPIM<\/title>\n<meta name=\"robots\" content=\"index, follow, max-snippet:-1, max-image-preview:large, max-video-preview:-1\" \/>\n<link rel=\"canonical\" href=\"https:\/\/spim.ubfc.fr\/en\/doctoral-school-council\/\" \/>\n<meta property=\"og:locale\" content=\"en_US\" \/>\n<meta property=\"og:type\" content=\"article\" \/>\n<meta property=\"og:title\" content=\"Doctoral School Council - \u00c9COLE DOCTORALE SPIM\" \/>\n<meta property=\"og:description\" content=\"ED Council All councils reports are available here : https:\/\/spim.ubfc.fr\/comptes-rendus\/ The Doctoral School Council Composition : It is made up of 25 members who meet at least 3 times a year: &#8211; 13 HDR representatives of the laboratories, appointed by the director of the research unit, and 2 representatives of IAT staff appointed by the &hellip; Continued\" \/>\n<meta property=\"og:url\" content=\"https:\/\/spim.ubfc.fr\/en\/doctoral-school-council\/\" \/>\n<meta property=\"og:site_name\" content=\"\u00c9COLE DOCTORALE SPIM\" \/>\n<meta property=\"article:modified_time\" content=\"2023-04-07T13:37:20+00:00\" \/>\n<meta name=\"twitter:card\" content=\"summary_large_image\" \/>\n<meta name=\"twitter:label1\" content=\"Est. reading time\" \/>\n\t<meta name=\"twitter:data1\" content=\"2 minutes\" \/>\n<script type=\"application\/ld+json\" class=\"yoast-schema-graph\">{\"@context\":\"https:\\\/\\\/schema.org\",\"@graph\":[{\"@type\":\"WebPage\",\"@id\":\"https:\\\/\\\/spim.ubfc.fr\\\/en\\\/doctoral-school-council\\\/\",\"url\":\"https:\\\/\\\/spim.ubfc.fr\\\/en\\\/doctoral-school-council\\\/\",\"name\":\"Doctoral School Council - \u00c9COLE DOCTORALE SPIM\",\"isPartOf\":{\"@id\":\"https:\\\/\\\/spim.ubfc.fr\\\/en\\\/#website\"},\"datePublished\":\"2021-09-15T06:16:16+00:00\",\"dateModified\":\"2023-04-07T13:37:20+00:00\",\"breadcrumb\":{\"@id\":\"https:\\\/\\\/spim.ubfc.fr\\\/en\\\/doctoral-school-council\\\/#breadcrumb\"},\"inLanguage\":\"en-US\",\"potentialAction\":[{\"@type\":\"ReadAction\",\"target\":[\"https:\\\/\\\/spim.ubfc.fr\\\/en\\\/doctoral-school-council\\\/\"]}]},{\"@type\":\"BreadcrumbList\",\"@id\":\"https:\\\/\\\/spim.ubfc.fr\\\/en\\\/doctoral-school-council\\\/#breadcrumb\",\"itemListElement\":[{\"@type\":\"ListItem\",\"position\":1,\"name\":\"Accueil\",\"item\":\"https:\\\/\\\/spim.ubfc.fr\\\/en\\\/\"},{\"@type\":\"ListItem\",\"position\":2,\"name\":\"Doctoral School Council\"}]},{\"@type\":\"WebSite\",\"@id\":\"https:\\\/\\\/spim.ubfc.fr\\\/en\\\/#website\",\"url\":\"https:\\\/\\\/spim.ubfc.fr\\\/en\\\/\",\"name\":\"\u00c9cole Doctorale SPIM\",\"description\":\"Ecole Doctorale de Sciences Physiques pour l\u2019Ing\u00e9nieur et Microtechniques - Universit\u00e9 de Bourgogne Franche-Comt\u00e9\",\"publisher\":{\"@id\":\"https:\\\/\\\/spim.ubfc.fr\\\/en\\\/#organization\"},\"potentialAction\":[{\"@type\":\"SearchAction\",\"target\":{\"@type\":\"EntryPoint\",\"urlTemplate\":\"https:\\\/\\\/spim.ubfc.fr\\\/en\\\/?s={search_term_string}\"},\"query-input\":{\"@type\":\"PropertyValueSpecification\",\"valueRequired\":true,\"valueName\":\"search_term_string\"}}],\"inLanguage\":\"en-US\"},{\"@type\":\"Organization\",\"@id\":\"https:\\\/\\\/spim.ubfc.fr\\\/en\\\/#organization\",\"name\":\"\u00c9cole Doctorale SPIM\",\"url\":\"https:\\\/\\\/spim.ubfc.fr\\\/en\\\/\",\"logo\":{\"@type\":\"ImageObject\",\"inLanguage\":\"en-US\",\"@id\":\"https:\\\/\\\/spim.ubfc.fr\\\/en\\\/#\\\/schema\\\/logo\\\/image\\\/\",\"url\":\"https:\\\/\\\/spim.ubfc.fr\\\/wp-content\\\/uploads\\\/sites\\\/17\\\/2020\\\/08\\\/logospim.jpeg\",\"contentUrl\":\"https:\\\/\\\/spim.ubfc.fr\\\/wp-content\\\/uploads\\\/sites\\\/17\\\/2020\\\/08\\\/logospim.jpeg\",\"width\":434,\"height\":144,\"caption\":\"\u00c9cole Doctorale SPIM\"},\"image\":{\"@id\":\"https:\\\/\\\/spim.ubfc.fr\\\/en\\\/#\\\/schema\\\/logo\\\/image\\\/\"}}]}<\/script>\n<!-- \/ Yoast SEO plugin. -->","yoast_head_json":{"title":"Doctoral School Council - \u00c9COLE DOCTORALE SPIM","robots":{"index":"index","follow":"follow","max-snippet":"max-snippet:-1","max-image-preview":"max-image-preview:large","max-video-preview":"max-video-preview:-1"},"canonical":"https:\/\/spim.ubfc.fr\/en\/doctoral-school-council\/","og_locale":"en_US","og_type":"article","og_title":"Doctoral School Council - \u00c9COLE DOCTORALE SPIM","og_description":"ED Council All councils reports are available here : https:\/\/spim.ubfc.fr\/comptes-rendus\/ The Doctoral School Council Composition : It is made up of 25 members who meet at least 3 times a year: &#8211; 13 HDR representatives of the laboratories, appointed by the director of the research unit, and 2 representatives of IAT staff appointed by the &hellip; Continued","og_url":"https:\/\/spim.ubfc.fr\/en\/doctoral-school-council\/","og_site_name":"\u00c9COLE DOCTORALE SPIM","article_modified_time":"2023-04-07T13:37:20+00:00","twitter_card":"summary_large_image","twitter_misc":{"Est. reading time":"2 minutes"},"schema":{"@context":"https:\/\/schema.org","@graph":[{"@type":"WebPage","@id":"https:\/\/spim.ubfc.fr\/en\/doctoral-school-council\/","url":"https:\/\/spim.ubfc.fr\/en\/doctoral-school-council\/","name":"Doctoral School Council - \u00c9COLE DOCTORALE SPIM","isPartOf":{"@id":"https:\/\/spim.ubfc.fr\/en\/#website"},"datePublished":"2021-09-15T06:16:16+00:00","dateModified":"2023-04-07T13:37:20+00:00","breadcrumb":{"@id":"https:\/\/spim.ubfc.fr\/en\/doctoral-school-council\/#breadcrumb"},"inLanguage":"en-US","potentialAction":[{"@type":"ReadAction","target":["https:\/\/spim.ubfc.fr\/en\/doctoral-school-council\/"]}]},{"@type":"BreadcrumbList","@id":"https:\/\/spim.ubfc.fr\/en\/doctoral-school-council\/#breadcrumb","itemListElement":[{"@type":"ListItem","position":1,"name":"Accueil","item":"https:\/\/spim.ubfc.fr\/en\/"},{"@type":"ListItem","position":2,"name":"Doctoral School Council"}]},{"@type":"WebSite","@id":"https:\/\/spim.ubfc.fr\/en\/#website","url":"https:\/\/spim.ubfc.fr\/en\/","name":"\u00c9cole Doctorale SPIM","description":"Ecole Doctorale de Sciences Physiques pour l\u2019Ing\u00e9nieur et Microtechniques - Universit\u00e9 de Bourgogne Franche-Comt\u00e9","publisher":{"@id":"https:\/\/spim.ubfc.fr\/en\/#organization"},"potentialAction":[{"@type":"SearchAction","target":{"@type":"EntryPoint","urlTemplate":"https:\/\/spim.ubfc.fr\/en\/?s={search_term_string}"},"query-input":{"@type":"PropertyValueSpecification","valueRequired":true,"valueName":"search_term_string"}}],"inLanguage":"en-US"},{"@type":"Organization","@id":"https:\/\/spim.ubfc.fr\/en\/#organization","name":"\u00c9cole Doctorale SPIM","url":"https:\/\/spim.ubfc.fr\/en\/","logo":{"@type":"ImageObject","inLanguage":"en-US","@id":"https:\/\/spim.ubfc.fr\/en\/#\/schema\/logo\/image\/","url":"https:\/\/spim.ubfc.fr\/wp-content\/uploads\/sites\/17\/2020\/08\/logospim.jpeg","contentUrl":"https:\/\/spim.ubfc.fr\/wp-content\/uploads\/sites\/17\/2020\/08\/logospim.jpeg","width":434,"height":144,"caption":"\u00c9cole Doctorale SPIM"},"image":{"@id":"https:\/\/spim.ubfc.fr\/en\/#\/schema\/logo\/image\/"}}]}},"_links":{"self":[{"href":"https:\/\/spim.ubfc.fr\/en\/wp-json\/wp\/v2\/pages\/2104","targetHints":{"allow":["GET"]}}],"collection":[{"href":"https:\/\/spim.ubfc.fr\/en\/wp-json\/wp\/v2\/pages"}],"about":[{"href":"https:\/\/spim.ubfc.fr\/en\/wp-json\/wp\/v2\/types\/page"}],"author":[{"embeddable":true,"href":"https:\/\/spim.ubfc.fr\/en\/wp-json\/wp\/v2\/users\/22"}],"replies":[{"embeddable":true,"href":"https:\/\/spim.ubfc.fr\/en\/wp-json\/wp\/v2\/comments?post=2104"}],"version-history":[{"count":3,"href":"https:\/\/spim.ubfc.fr\/en\/wp-json\/wp\/v2\/pages\/2104\/revisions"}],"predecessor-version":[{"id":3050,"href":"https:\/\/spim.ubfc.fr\/en\/wp-json\/wp\/v2\/pages\/2104\/revisions\/3050"}],"wp:attachment":[{"href":"https:\/\/spim.ubfc.fr\/en\/wp-json\/wp\/v2\/media?parent=2104"}],"curies":[{"name":"wp","href":"https:\/\/api.w.org\/{rel}","templated":true}]}}