{"id":2056,"date":"2021-09-08T08:46:25","date_gmt":"2021-09-08T08:46:25","guid":{"rendered":"http:\/\/spim.ubfc.fr\/reports\/"},"modified":"2021-09-08T08:46:26","modified_gmt":"2021-09-08T08:46:26","slug":"reports","status":"publish","type":"page","link":"https:\/\/spim.ubfc.fr\/en\/reports\/","title":{"rendered":"Reports"},"content":{"rendered":"\t\t<div data-elementor-type=\"wp-page\" data-elementor-id=\"2056\" class=\"elementor elementor-2056 elementor-585\" data-elementor-post-type=\"page\">\n\t\t\t\t\t\t<section class=\"elementor-section elementor-top-section elementor-element elementor-element-cfef93c elementor-section-boxed elementor-section-height-default elementor-section-height-default\" data-id=\"cfef93c\" data-element_type=\"section\" data-e-type=\"section\">\n\t\t\t\t\t\t<div class=\"elementor-container elementor-column-gap-default\">\n\t\t\t\t\t<div class=\"elementor-column elementor-col-100 elementor-top-column elementor-element elementor-element-b86c740\" data-id=\"b86c740\" data-element_type=\"column\" data-e-type=\"column\">\n\t\t\t<div class=\"elementor-widget-wrap elementor-element-populated\">\n\t\t\t\t\t\t<div class=\"elementor-element elementor-element-2adc14b elementor-widget elementor-widget-breadcrumbs\" data-id=\"2adc14b\" data-element_type=\"widget\" data-e-type=\"widget\" data-widget_type=\"breadcrumbs.default\">\n\t\t\t\t<div class=\"elementor-widget-container\">\n\t\t\t\t\t<p id=\"breadcrumbs\"><span><span><a href=\"https:\/\/spim.ubfc.fr\/en\/\">Accueil<\/a><\/span><\/span><\/p>\t\t\t\t<\/div>\n\t\t\t\t<\/div>\n\t\t\t\t<div class=\"elementor-element elementor-element-4f1831b elementor-widget elementor-widget-heading\" data-id=\"4f1831b\" data-element_type=\"widget\" data-e-type=\"widget\" data-widget_type=\"heading.default\">\n\t\t\t\t<div class=\"elementor-widget-container\">\n\t\t\t\t\t<h2 class=\"elementor-heading-title elementor-size-default\">SPIM doctoral school advisory reports<\/h2>\t\t\t\t<\/div>\n\t\t\t\t<\/div>\n\t\t\t\t<div class=\"elementor-element elementor-element-b7117ec elementor-widget elementor-widget-heading\" data-id=\"b7117ec\" data-element_type=\"widget\" data-e-type=\"widget\" data-widget_type=\"heading.default\">\n\t\t\t\t<div class=\"elementor-widget-container\">\n\t\t\t\t\t<h3 class=\"elementor-heading-title elementor-size-default\">2020-2021 academic year<\/h3>\t\t\t\t<\/div>\n\t\t\t\t<\/div>\n\t\t\t\t<div class=\"elementor-element elementor-element-649c3a6 elementor-widget elementor-widget-heading\" data-id=\"649c3a6\" data-element_type=\"widget\" data-e-type=\"widget\" data-widget_type=\"heading.default\">\n\t\t\t\t<div class=\"elementor-widget-container\">\n\t\t\t\t\t<h4 class=\"elementor-heading-title elementor-size-default\">2021<\/h4>\t\t\t\t<\/div>\n\t\t\t\t<\/div>\n\t\t\t\t<div class=\"elementor-element elementor-element-c391d7d elementor-widget elementor-widget-text-editor\" data-id=\"c391d7d\" data-element_type=\"widget\" data-e-type=\"widget\" data-widget_type=\"text-editor.default\">\n\t\t\t\t<div class=\"elementor-widget-container\">\n\t\t\t\t\t\t\t\t\t<p>April 26, 2021 Board Minutes<\/p>\n\t\t\t\t\t\t\t\t<\/div>\n\t\t\t\t<\/div>\n\t\t\t\t<div class=\"elementor-element elementor-element-403a6be elementor-position-inline-start elementor-view-default elementor-mobile-position-block-start elementor-widget elementor-widget-icon-box\" data-id=\"403a6be\" data-element_type=\"widget\" data-e-type=\"widget\" data-widget_type=\"icon-box.default\">\n\t\t\t\t<div class=\"elementor-widget-container\">\n\t\t\t\t\t\t\t<div class=\"elementor-icon-box-wrapper\">\n\n\t\t\t\t\t\t<div class=\"elementor-icon-box-icon\">\n\t\t\t\t<a href=\"http:\/\/spim.ubfc.fr\/wp-content\/uploads\/sites\/17\/2021\/05\/PPT-conseil-ED-SPIM-26-avril-2021-Vf.pdf\" target=\"_blank\" class=\"elementor-icon\" tabindex=\"-1\" aria-label=\" April 26, 2021 PPT Board Meeting\">\n\t\t\t\t<i aria-hidden=\"true\" class=\"fas fa-file-pdf\"><\/i>\t\t\t\t<\/a>\n\t\t\t<\/div>\n\t\t\t\n\t\t\t\t\t\t<div class=\"elementor-icon-box-content\">\n\n\t\t\t\t\t\t\t\t\t<h6 class=\"elementor-icon-box-title\">\n\t\t\t\t\t\t<a href=\"http:\/\/spim.ubfc.fr\/wp-content\/uploads\/sites\/17\/2021\/05\/PPT-conseil-ED-SPIM-26-avril-2021-Vf.pdf\" target=\"_blank\" >\n\t\t\t\t\t\t\t April 26, 2021 PPT Board Meeting\t\t\t\t\t\t<\/a>\n\t\t\t\t\t<\/h6>\n\t\t\t\t\n\t\t\t\t\n\t\t\t<\/div>\n\t\t\t\n\t\t<\/div>\n\t\t\t\t\t\t<\/div>\n\t\t\t\t<\/div>\n\t\t\t\t<div class=\"elementor-element elementor-element-41106b0 elementor-widget elementor-widget-text-editor\" data-id=\"41106b0\" data-element_type=\"widget\" data-e-type=\"widget\" data-widget_type=\"text-editor.default\">\n\t\t\t\t<div class=\"elementor-widget-container\">\n\t\t\t\t\t\t\t\t\t<p>March 26, 2021 Board Minutes<\/p>\n\t\t\t\t\t\t\t\t<\/div>\n\t\t\t\t<\/div>\n\t\t\t\t<div class=\"elementor-element elementor-element-23228e9 elementor-position-inline-start elementor-view-default elementor-mobile-position-block-start elementor-widget elementor-widget-icon-box\" data-id=\"23228e9\" data-element_type=\"widget\" data-e-type=\"widget\" data-widget_type=\"icon-box.default\">\n\t\t\t\t<div class=\"elementor-widget-container\">\n\t\t\t\t\t\t\t<div class=\"elementor-icon-box-wrapper\">\n\n\t\t\t\t\t\t<div class=\"elementor-icon-box-icon\">\n\t\t\t\t<a href=\"http:\/\/spim.ubfc.fr\/wp-content\/uploads\/sites\/17\/2021\/04\/ODJ-Conseil-ED-SPIM-26-mars-2021.pdf\" target=\"_blank\" class=\"elementor-icon\" tabindex=\"-1\" aria-label=\"Council agenda for March 26, 2021\">\n\t\t\t\t<i aria-hidden=\"true\" class=\"fas fa-file-pdf\"><\/i>\t\t\t\t<\/a>\n\t\t\t<\/div>\n\t\t\t\n\t\t\t\t\t\t<div class=\"elementor-icon-box-content\">\n\n\t\t\t\t\t\t\t\t\t<h6 class=\"elementor-icon-box-title\">\n\t\t\t\t\t\t<a href=\"http:\/\/spim.ubfc.fr\/wp-content\/uploads\/sites\/17\/2021\/04\/ODJ-Conseil-ED-SPIM-26-mars-2021.pdf\" target=\"_blank\" >\n\t\t\t\t\t\t\tCouncil agenda for March 26, 2021\t\t\t\t\t\t<\/a>\n\t\t\t\t\t<\/h6>\n\t\t\t\t\n\t\t\t\t\n\t\t\t<\/div>\n\t\t\t\n\t\t<\/div>\n\t\t\t\t\t\t<\/div>\n\t\t\t\t<\/div>\n\t\t\t\t<div class=\"elementor-element elementor-element-2c6fb0e elementor-position-inline-start elementor-view-default elementor-mobile-position-block-start elementor-widget elementor-widget-icon-box\" data-id=\"2c6fb0e\" data-element_type=\"widget\" data-e-type=\"widget\" data-widget_type=\"icon-box.default\">\n\t\t\t\t<div class=\"elementor-widget-container\">\n\t\t\t\t\t\t\t<div class=\"elementor-icon-box-wrapper\">\n\n\t\t\t\t\t\t<div class=\"elementor-icon-box-icon\">\n\t\t\t\t<a href=\"http:\/\/spim.ubfc.fr\/wp-content\/uploads\/sites\/17\/2021\/04\/PPT-conseil-ED-SPIM-26-mars-2021.pdf\" target=\"_blank\" class=\"elementor-icon\" tabindex=\"-1\" aria-label=\"March 26, 2021 PPT Council Meeting\">\n\t\t\t\t<i aria-hidden=\"true\" class=\"fas fa-file-pdf\"><\/i>\t\t\t\t<\/a>\n\t\t\t<\/div>\n\t\t\t\n\t\t\t\t\t\t<div class=\"elementor-icon-box-content\">\n\n\t\t\t\t\t\t\t\t\t<h6 class=\"elementor-icon-box-title\">\n\t\t\t\t\t\t<a href=\"http:\/\/spim.ubfc.fr\/wp-content\/uploads\/sites\/17\/2021\/04\/PPT-conseil-ED-SPIM-26-mars-2021.pdf\" target=\"_blank\" >\n\t\t\t\t\t\t\tMarch 26, 2021 PPT Council Meeting\t\t\t\t\t\t<\/a>\n\t\t\t\t\t<\/h6>\n\t\t\t\t\n\t\t\t\t\n\t\t\t<\/div>\n\t\t\t\n\t\t<\/div>\n\t\t\t\t\t\t<\/div>\n\t\t\t\t<\/div>\n\t\t\t\t<div class=\"elementor-element elementor-element-fe04293 elementor-position-inline-start elementor-view-default elementor-mobile-position-block-start elementor-widget elementor-widget-icon-box\" data-id=\"fe04293\" data-element_type=\"widget\" data-e-type=\"widget\" data-widget_type=\"icon-box.default\">\n\t\t\t\t<div class=\"elementor-widget-container\">\n\t\t\t\t\t\t\t<div class=\"elementor-icon-box-wrapper\">\n\n\t\t\t\t\t\t<div class=\"elementor-icon-box-icon\">\n\t\t\t\t<a href=\"http:\/\/spim.ubfc.fr\/wp-content\/uploads\/sites\/17\/2021\/04\/CR-conseil-ED-SPIM-26-mars-2021.pdf\" target=\"_blank\" class=\"elementor-icon\" tabindex=\"-1\" aria-label=\" Council meeting March 26, 2021\">\n\t\t\t\t<i aria-hidden=\"true\" class=\"fas fa-file-pdf\"><\/i>\t\t\t\t<\/a>\n\t\t\t<\/div>\n\t\t\t\n\t\t\t\t\t\t<div class=\"elementor-icon-box-content\">\n\n\t\t\t\t\t\t\t\t\t<h6 class=\"elementor-icon-box-title\">\n\t\t\t\t\t\t<a href=\"http:\/\/spim.ubfc.fr\/wp-content\/uploads\/sites\/17\/2021\/04\/CR-conseil-ED-SPIM-26-mars-2021.pdf\" target=\"_blank\" >\n\t\t\t\t\t\t\t Council meeting March 26, 2021\t\t\t\t\t\t<\/a>\n\t\t\t\t\t<\/h6>\n\t\t\t\t\n\t\t\t\t\n\t\t\t<\/div>\n\t\t\t\n\t\t<\/div>\n\t\t\t\t\t\t<\/div>\n\t\t\t\t<\/div>\n\t\t\t\t<div class=\"elementor-element elementor-element-3038ce2 elementor-widget elementor-widget-heading\" data-id=\"3038ce2\" data-element_type=\"widget\" data-e-type=\"widget\" data-widget_type=\"heading.default\">\n\t\t\t\t<div class=\"elementor-widget-container\">\n\t\t\t\t\t<h2 class=\"elementor-heading-title elementor-size-default\">2019-2020 academic year<\/h2>\t\t\t\t<\/div>\n\t\t\t\t<\/div>\n\t\t\t\t<div class=\"elementor-element elementor-element-e711bd0 elementor-widget elementor-widget-text-editor\" data-id=\"e711bd0\" data-element_type=\"widget\" data-e-type=\"widget\" data-widget_type=\"text-editor.default\">\n\t\t\t\t<div class=\"elementor-widget-container\">\n\t\t\t\t\t\t\t\t\t<h2><span style=\"font-size: 18pt;\">2020<\/span><\/h2>\n<p>October 26, 2020 Board Minutes<\/p>\n<p><a href=\"http:\/\/spim.ubfc.fr\/wp-content\/uploads\/sites\/17\/2021\/03\/PPT-conseil-ED-SPIM-26-octobre-2020-vf.pdf\">http:\/\/spim.ubfc.fr\/wp-content\/uploads\/sites\/17\/2021\/03\/PPT-conseil-ED-SPIM-26-octobre-2020-vf.pdf<\/a><\/p>\n<p id=\"tw-target-text\" class=\"tw-data-text tw-text-large XcVN5d tw-ta\" dir=\"ltr\" data-placeholder=\"Traduction\"><span class=\"Y2IQFc\" lang=\"en\">April 17, 2020 Board Minutes<\/span><\/p>\n<p><a href=\"http:\/\/CR conseil ED 17 avril 2020\">cr-conseils\/cr-conseil-ed-17-avril-2020<\/a><\/p>\n<p><a href=\"http:\/\/PPT conseil ED SPIM 17 avril 2020 final\">cr-conseils\/ppt-conseil-ed-spim-17-avril-2020-final<\/a><\/p>\n<div id=\"tw-container\" class=\"\" data-cp=\"1\" data-is-ver=\"false\" data-nnttsvi=\"1\" data-sm=\"1\" data-sugg-time=\"500\" data-sugg-url=\"https:\/\/clients1.google.com\/complete\/search\" data-uilc=\"fr\">\n<div id=\"tw-ob\" class=\"tw-src-ltr\">\n<div class=\"oSioSc\">\n<div id=\"tw-target\">\n<div id=\"kAz1tf\" class=\"g9WsWb\">\n<div id=\"tw-target-text-container\" class=\"tw-ta-container F0azHf tw-nfl\" tabindex=\"0\">\n<p id=\"tw-target-text\" class=\"tw-data-text tw-text-large XcVN5d tw-ta\" dir=\"ltr\" data-placeholder=\"Traduction\"><span class=\"Y2IQFc\" lang=\"en\">February 20, 2020 Board Minutes<\/span><\/p>\n<\/div>\n<\/div>\n<\/div>\n<\/div>\n<\/div>\n<\/div>\n<p><em><a href=\"http:\/\/ed-spim.univ-fcomte.fr\/download\/ed-spim\/document\/cr-conseils\/cr-conseil-19-fevrier-2020-tl-1.pdf\" target=\"_blank\" rel=\"noopener\"><img decoding=\"async\" src=\"http:\/\/www-old.univ-fcomte.fr\/download\/site-principal\/image\/charte\/fichiertelecharge\/pdf.gif\" alt=\"T\u00e9l\u00e9charger le document pdf\" width=\"16\" height=\"16\" border=\"0\" \/><\/a><\/em><span class=\"auteur---date-publication gris-fonce ancre\">\u00a0<\/span><a class=\"auteur---date-publication gris-fonce ancre\" href=\"http:\/\/ed-spim.univ-fcomte.fr\/download\/ed-spim\/document\/cr-conseils\/cr-conseil-19-fevrier-2020-tl-1.pdf\" target=\"_blank\" rel=\"noopener\">cr-conseils\/cr-conseil-19-fevrier-2020-tl-1.pdf<\/a><span class=\"auteur---date-publication gris-fonce ancre\">\u00a0(82 Ko)<\/span><\/p>\n<p><span class=\"auteur---date-publication gris-fonce ancre\"><a href=\"http:\/\/ed-spim.univ-fcomte.fr\/download\/ed-spim\/document\/cr-conseils\/ppt-conseil-ed-spim-20-fevrier-2020.pdf\" target=\"_blank\" rel=\"noopener\"><img decoding=\"async\" src=\"http:\/\/www-old.univ-fcomte.fr\/download\/site-principal\/image\/charte\/fichiertelecharge\/pdf.gif\" alt=\"T\u00e9l\u00e9charger le document pdf\" width=\"16\" height=\"16\" border=\"0\" \/><\/a>\u00a0<a href=\"http:\/\/ed-spim.univ-fcomte.fr\/download\/ed-spim\/document\/cr-conseils\/ppt-conseil-ed-spim-20-fevrier-2020.pdf\" target=\"_blank\" rel=\"noopener\">cr-conseils\/ppt-conseil-ed-spim-20-fevrier-2020.pdf <\/a>(998 Ko)<\/span><\/p>\n<p id=\"tw-target-text\" class=\"tw-data-text tw-text-large XcVN5d tw-ta\" dir=\"ltr\" data-placeholder=\"Traduction\"><span class=\"Y2IQFc\" lang=\"en\">February 3, 2020 Board Minutes<\/span><\/p>\n<p><a href=\"http:\/\/ed-spim.univ-fcomte.fr\/download\/ed-spim\/document\/cr-conseils\/cr-conseil-ed-3-fev-2020-tl-1.pdf\" target=\"_blank\" rel=\"noopener\"><img decoding=\"async\" src=\"http:\/\/www-old.univ-fcomte.fr\/download\/site-principal\/image\/charte\/fichiertelecharge\/pdf.gif\" alt=\"T\u00e9l\u00e9charger le document pdf\" width=\"16\" height=\"16\" border=\"0\" \/><\/a>\u00a0<a href=\"http:\/\/ed-spim.univ-fcomte.fr\/download\/ed-spim\/document\/cr-conseils\/cr-conseil-ed-3-fev-2020-tl-1.pdf\" target=\"_blank\" rel=\"noopener\">cr-conseils\/cr-conseil-ed-3-fev-2020-tl-1.pdf<\/a> (92 Ko)<\/p>\n<p><a href=\"http:\/\/ed-spim.univ-fcomte.fr\/download\/ed-spim\/document\/cr-conseils\/ppt-conseil-ed-spim-3-fevrier-2020-vf.pdf\" target=\"_blank\" rel=\"noopener\"><img decoding=\"async\" src=\"http:\/\/www-old.univ-fcomte.fr\/download\/site-principal\/image\/charte\/fichiertelecharge\/pdf.gif\" alt=\"T\u00e9l\u00e9charger le document pdf\" width=\"16\" height=\"16\" border=\"0\" \/><\/a>\u00a0<a href=\"http:\/\/ed-spim.univ-fcomte.fr\/download\/ed-spim\/document\/cr-conseils\/ppt-conseil-ed-spim-3-fevrier-2020-vf.pdf\" target=\"_blank\" rel=\"noopener\">cr-conseils\/ppt-conseil-ed-spim-3-fevrier-2020-vf.pdf<\/a>\u00a0(1.3 Mo)<\/p>\n<h2><span style=\"font-size: 18pt;\">2019<\/span><\/h2>\n<p id=\"tw-target-text\" class=\"tw-data-text tw-text-large XcVN5d tw-ta\" dir=\"ltr\" data-placeholder=\"Traduction\"><span class=\"Y2IQFc\" lang=\"en\">November 25, 2019 Board Minutes<\/span><\/p>\n<p class=\"titre-liste-ouvrage\"><a href=\"http:\/\/ed-spim.univ-fcomte.fr\/download\/ed-spim\/document\/cr-conseils\/cr-conseil-ed-25-nov-2019-tl.pdf\" target=\"_blank\" rel=\"noopener\"><img decoding=\"async\" src=\"http:\/\/www-old.univ-fcomte.fr\/download\/site-principal\/image\/charte\/fichiertelecharge\/pdf.gif\" alt=\"T\u00e9l\u00e9charger le document pdf\" width=\"16\" height=\"16\" border=\"0\" \/><\/a>\u00a0<a href=\"http:\/\/ed-spim.univ-fcomte.fr\/download\/ed-spim\/document\/cr-conseils\/cr-conseil-ed-25-nov-2019-tl.pdf\" target=\"_blank\" rel=\"noopener\">cr-conseils\/cr-conseil-ed-25-nov-2019-tl.pdf<\/a> (88 Ko)<\/p>\n<p class=\"titre-liste-ouvrage\"><a href=\"http:\/\/ed-spim.univ-fcomte.fr\/download\/ed-spim\/document\/cr-conseils\/ppt-conseil-ed-spim-25-nov-2019-tl-final-1.pdf\" target=\"_blank\" rel=\"noopener\"><img decoding=\"async\" src=\"http:\/\/www-old.univ-fcomte.fr\/download\/site-principal\/image\/charte\/fichiertelecharge\/pdf.gif\" alt=\"T\u00e9l\u00e9charger le document pdf\" width=\"16\" height=\"16\" border=\"0\" \/><\/a>\u00a0<a href=\"http:\/\/ed-spim.univ-fcomte.fr\/download\/ed-spim\/document\/cr-conseils\/ppt-conseil-ed-spim-25-nov-2019-tl-final-1.pdf\" target=\"_blank\" rel=\"noopener\">cr-conseils\/ppt-conseil-ed-spim-25-nov-2019-tl-final-1.pdf<\/a>\u00a0(1.19 Mo)<\/p>\n\t\t\t\t\t\t\t\t<\/div>\n\t\t\t\t<\/div>\n\t\t\t\t\t<\/div>\n\t\t<\/div>\n\t\t\t\t\t<\/div>\n\t\t<\/section>\n\t\t\t\t<\/div>\n\t\t","protected":false},"excerpt":{"rendered":"<p>SPIM doctoral school advisory reports 2020-2021 academic year 2021 April 26, 2021 Board Minutes April 26, 2021 PPT Board Meeting March 26, 2021 Board Minutes Council agenda for March 26, 2021 March 26, 2021 PPT Council Meeting Council meeting March 26, 2021 2019-2020 academic year 2020 October 26, 2020 Board Minutes http:\/\/spim.ubfc.fr\/wp-content\/uploads\/sites\/17\/2021\/03\/PPT-conseil-ED-SPIM-26-octobre-2020-vf.pdf April 17, 2020 &hellip; <a href=\"https:\/\/spim.ubfc.fr\/en\/reports\/\">Continued<\/a><\/p>\n","protected":false},"author":22,"featured_media":0,"parent":0,"menu_order":0,"comment_status":"closed","ping_status":"closed","template":"","meta":{"_acf_changed":false,"footnotes":""},"class_list":["post-2056","page","type-page","status-publish","hentry"],"acf":[],"yoast_head":"<!-- This site is optimized with the Yoast SEO plugin v27.3 - https:\/\/yoast.com\/product\/yoast-seo-wordpress\/ -->\n<title>Reports - \u00c9COLE DOCTORALE SPIM<\/title>\n<meta name=\"robots\" content=\"index, follow, max-snippet:-1, max-image-preview:large, max-video-preview:-1\" \/>\n<link rel=\"canonical\" href=\"https:\/\/spim.ubfc.fr\/en\/reports\/\" \/>\n<meta property=\"og:locale\" content=\"en_US\" \/>\n<meta property=\"og:type\" content=\"article\" \/>\n<meta property=\"og:title\" content=\"Reports - \u00c9COLE DOCTORALE SPIM\" \/>\n<meta property=\"og:description\" content=\"SPIM doctoral school advisory reports 2020-2021 academic year 2021 April 26, 2021 Board Minutes April 26, 2021 PPT Board Meeting March 26, 2021 Board Minutes Council agenda for March 26, 2021 March 26, 2021 PPT Council Meeting Council meeting March 26, 2021 2019-2020 academic year 2020 October 26, 2020 Board Minutes http:\/\/spim.ubfc.fr\/wp-content\/uploads\/sites\/17\/2021\/03\/PPT-conseil-ED-SPIM-26-octobre-2020-vf.pdf April 17, 2020 &hellip; Continued\" \/>\n<meta property=\"og:url\" content=\"https:\/\/spim.ubfc.fr\/en\/reports\/\" \/>\n<meta property=\"og:site_name\" content=\"\u00c9COLE DOCTORALE SPIM\" \/>\n<meta property=\"article:modified_time\" content=\"2021-09-08T08:46:26+00:00\" \/>\n<meta property=\"og:image\" content=\"http:\/\/www-old.univ-fcomte.fr\/download\/site-principal\/image\/charte\/fichiertelecharge\/pdf.gif\" \/>\n<meta name=\"twitter:card\" content=\"summary_large_image\" \/>\n<meta name=\"twitter:label1\" content=\"Est. reading time\" \/>\n\t<meta name=\"twitter:data1\" content=\"1 minute\" \/>\n<script type=\"application\/ld+json\" class=\"yoast-schema-graph\">{\"@context\":\"https:\\\/\\\/schema.org\",\"@graph\":[{\"@type\":\"WebPage\",\"@id\":\"https:\\\/\\\/spim.ubfc.fr\\\/en\\\/reports\\\/\",\"url\":\"https:\\\/\\\/spim.ubfc.fr\\\/en\\\/reports\\\/\",\"name\":\"Reports - \u00c9COLE DOCTORALE SPIM\",\"isPartOf\":{\"@id\":\"https:\\\/\\\/spim.ubfc.fr\\\/en\\\/#website\"},\"primaryImageOfPage\":{\"@id\":\"https:\\\/\\\/spim.ubfc.fr\\\/en\\\/reports\\\/#primaryimage\"},\"image\":{\"@id\":\"https:\\\/\\\/spim.ubfc.fr\\\/en\\\/reports\\\/#primaryimage\"},\"thumbnailUrl\":\"http:\\\/\\\/www-old.univ-fcomte.fr\\\/download\\\/site-principal\\\/image\\\/charte\\\/fichiertelecharge\\\/pdf.gif\",\"datePublished\":\"2021-09-08T08:46:25+00:00\",\"dateModified\":\"2021-09-08T08:46:26+00:00\",\"breadcrumb\":{\"@id\":\"https:\\\/\\\/spim.ubfc.fr\\\/en\\\/reports\\\/#breadcrumb\"},\"inLanguage\":\"en-US\",\"potentialAction\":[{\"@type\":\"ReadAction\",\"target\":[\"https:\\\/\\\/spim.ubfc.fr\\\/en\\\/reports\\\/\"]}]},{\"@type\":\"ImageObject\",\"inLanguage\":\"en-US\",\"@id\":\"https:\\\/\\\/spim.ubfc.fr\\\/en\\\/reports\\\/#primaryimage\",\"url\":\"http:\\\/\\\/www-old.univ-fcomte.fr\\\/download\\\/site-principal\\\/image\\\/charte\\\/fichiertelecharge\\\/pdf.gif\",\"contentUrl\":\"http:\\\/\\\/www-old.univ-fcomte.fr\\\/download\\\/site-principal\\\/image\\\/charte\\\/fichiertelecharge\\\/pdf.gif\"},{\"@type\":\"BreadcrumbList\",\"@id\":\"https:\\\/\\\/spim.ubfc.fr\\\/en\\\/reports\\\/#breadcrumb\",\"itemListElement\":[{\"@type\":\"ListItem\",\"position\":1,\"name\":\"Accueil\",\"item\":\"https:\\\/\\\/spim.ubfc.fr\\\/en\\\/\"},{\"@type\":\"ListItem\",\"position\":2,\"name\":\"Reports\"}]},{\"@type\":\"WebSite\",\"@id\":\"https:\\\/\\\/spim.ubfc.fr\\\/en\\\/#website\",\"url\":\"https:\\\/\\\/spim.ubfc.fr\\\/en\\\/\",\"name\":\"\u00c9cole Doctorale SPIM\",\"description\":\"Ecole Doctorale de Sciences Physiques pour l\u2019Ing\u00e9nieur et Microtechniques - Universit\u00e9 de Bourgogne Franche-Comt\u00e9\",\"publisher\":{\"@id\":\"https:\\\/\\\/spim.ubfc.fr\\\/en\\\/#organization\"},\"potentialAction\":[{\"@type\":\"SearchAction\",\"target\":{\"@type\":\"EntryPoint\",\"urlTemplate\":\"https:\\\/\\\/spim.ubfc.fr\\\/en\\\/?s={search_term_string}\"},\"query-input\":{\"@type\":\"PropertyValueSpecification\",\"valueRequired\":true,\"valueName\":\"search_term_string\"}}],\"inLanguage\":\"en-US\"},{\"@type\":\"Organization\",\"@id\":\"https:\\\/\\\/spim.ubfc.fr\\\/en\\\/#organization\",\"name\":\"\u00c9cole Doctorale SPIM\",\"url\":\"https:\\\/\\\/spim.ubfc.fr\\\/en\\\/\",\"logo\":{\"@type\":\"ImageObject\",\"inLanguage\":\"en-US\",\"@id\":\"https:\\\/\\\/spim.ubfc.fr\\\/en\\\/#\\\/schema\\\/logo\\\/image\\\/\",\"url\":\"https:\\\/\\\/spim.ubfc.fr\\\/wp-content\\\/uploads\\\/sites\\\/17\\\/2020\\\/08\\\/logospim.jpeg\",\"contentUrl\":\"https:\\\/\\\/spim.ubfc.fr\\\/wp-content\\\/uploads\\\/sites\\\/17\\\/2020\\\/08\\\/logospim.jpeg\",\"width\":434,\"height\":144,\"caption\":\"\u00c9cole Doctorale SPIM\"},\"image\":{\"@id\":\"https:\\\/\\\/spim.ubfc.fr\\\/en\\\/#\\\/schema\\\/logo\\\/image\\\/\"}}]}<\/script>\n<!-- \/ Yoast SEO plugin. -->","yoast_head_json":{"title":"Reports - \u00c9COLE DOCTORALE SPIM","robots":{"index":"index","follow":"follow","max-snippet":"max-snippet:-1","max-image-preview":"max-image-preview:large","max-video-preview":"max-video-preview:-1"},"canonical":"https:\/\/spim.ubfc.fr\/en\/reports\/","og_locale":"en_US","og_type":"article","og_title":"Reports - \u00c9COLE DOCTORALE SPIM","og_description":"SPIM doctoral school advisory reports 2020-2021 academic year 2021 April 26, 2021 Board Minutes April 26, 2021 PPT Board Meeting March 26, 2021 Board Minutes Council agenda for March 26, 2021 March 26, 2021 PPT Council Meeting Council meeting March 26, 2021 2019-2020 academic year 2020 October 26, 2020 Board Minutes http:\/\/spim.ubfc.fr\/wp-content\/uploads\/sites\/17\/2021\/03\/PPT-conseil-ED-SPIM-26-octobre-2020-vf.pdf April 17, 2020 &hellip; Continued","og_url":"https:\/\/spim.ubfc.fr\/en\/reports\/","og_site_name":"\u00c9COLE DOCTORALE SPIM","article_modified_time":"2021-09-08T08:46:26+00:00","og_image":[{"url":"http:\/\/www-old.univ-fcomte.fr\/download\/site-principal\/image\/charte\/fichiertelecharge\/pdf.gif","type":"","width":"","height":""}],"twitter_card":"summary_large_image","twitter_misc":{"Est. reading time":"1 minute"},"schema":{"@context":"https:\/\/schema.org","@graph":[{"@type":"WebPage","@id":"https:\/\/spim.ubfc.fr\/en\/reports\/","url":"https:\/\/spim.ubfc.fr\/en\/reports\/","name":"Reports - \u00c9COLE DOCTORALE SPIM","isPartOf":{"@id":"https:\/\/spim.ubfc.fr\/en\/#website"},"primaryImageOfPage":{"@id":"https:\/\/spim.ubfc.fr\/en\/reports\/#primaryimage"},"image":{"@id":"https:\/\/spim.ubfc.fr\/en\/reports\/#primaryimage"},"thumbnailUrl":"http:\/\/www-old.univ-fcomte.fr\/download\/site-principal\/image\/charte\/fichiertelecharge\/pdf.gif","datePublished":"2021-09-08T08:46:25+00:00","dateModified":"2021-09-08T08:46:26+00:00","breadcrumb":{"@id":"https:\/\/spim.ubfc.fr\/en\/reports\/#breadcrumb"},"inLanguage":"en-US","potentialAction":[{"@type":"ReadAction","target":["https:\/\/spim.ubfc.fr\/en\/reports\/"]}]},{"@type":"ImageObject","inLanguage":"en-US","@id":"https:\/\/spim.ubfc.fr\/en\/reports\/#primaryimage","url":"http:\/\/www-old.univ-fcomte.fr\/download\/site-principal\/image\/charte\/fichiertelecharge\/pdf.gif","contentUrl":"http:\/\/www-old.univ-fcomte.fr\/download\/site-principal\/image\/charte\/fichiertelecharge\/pdf.gif"},{"@type":"BreadcrumbList","@id":"https:\/\/spim.ubfc.fr\/en\/reports\/#breadcrumb","itemListElement":[{"@type":"ListItem","position":1,"name":"Accueil","item":"https:\/\/spim.ubfc.fr\/en\/"},{"@type":"ListItem","position":2,"name":"Reports"}]},{"@type":"WebSite","@id":"https:\/\/spim.ubfc.fr\/en\/#website","url":"https:\/\/spim.ubfc.fr\/en\/","name":"\u00c9cole Doctorale SPIM","description":"Ecole Doctorale de Sciences Physiques pour l\u2019Ing\u00e9nieur et Microtechniques - Universit\u00e9 de Bourgogne Franche-Comt\u00e9","publisher":{"@id":"https:\/\/spim.ubfc.fr\/en\/#organization"},"potentialAction":[{"@type":"SearchAction","target":{"@type":"EntryPoint","urlTemplate":"https:\/\/spim.ubfc.fr\/en\/?s={search_term_string}"},"query-input":{"@type":"PropertyValueSpecification","valueRequired":true,"valueName":"search_term_string"}}],"inLanguage":"en-US"},{"@type":"Organization","@id":"https:\/\/spim.ubfc.fr\/en\/#organization","name":"\u00c9cole Doctorale SPIM","url":"https:\/\/spim.ubfc.fr\/en\/","logo":{"@type":"ImageObject","inLanguage":"en-US","@id":"https:\/\/spim.ubfc.fr\/en\/#\/schema\/logo\/image\/","url":"https:\/\/spim.ubfc.fr\/wp-content\/uploads\/sites\/17\/2020\/08\/logospim.jpeg","contentUrl":"https:\/\/spim.ubfc.fr\/wp-content\/uploads\/sites\/17\/2020\/08\/logospim.jpeg","width":434,"height":144,"caption":"\u00c9cole Doctorale SPIM"},"image":{"@id":"https:\/\/spim.ubfc.fr\/en\/#\/schema\/logo\/image\/"}}]}},"_links":{"self":[{"href":"https:\/\/spim.ubfc.fr\/en\/wp-json\/wp\/v2\/pages\/2056","targetHints":{"allow":["GET"]}}],"collection":[{"href":"https:\/\/spim.ubfc.fr\/en\/wp-json\/wp\/v2\/pages"}],"about":[{"href":"https:\/\/spim.ubfc.fr\/en\/wp-json\/wp\/v2\/types\/page"}],"author":[{"embeddable":true,"href":"https:\/\/spim.ubfc.fr\/en\/wp-json\/wp\/v2\/users\/22"}],"replies":[{"embeddable":true,"href":"https:\/\/spim.ubfc.fr\/en\/wp-json\/wp\/v2\/comments?post=2056"}],"version-history":[{"count":0,"href":"https:\/\/spim.ubfc.fr\/en\/wp-json\/wp\/v2\/pages\/2056\/revisions"}],"wp:attachment":[{"href":"https:\/\/spim.ubfc.fr\/en\/wp-json\/wp\/v2\/media?parent=2056"}],"curies":[{"name":"wp","href":"https:\/\/api.w.org\/{rel}","templated":true}]}}