{"id":1885,"date":"2021-07-09T12:52:44","date_gmt":"2021-07-09T12:52:44","guid":{"rendered":"http:\/\/spim.ubfc.fr\/evenements\/"},"modified":"2023-02-06T15:10:16","modified_gmt":"2023-02-06T15:10:16","slug":"events","status":"publish","type":"page","link":"https:\/\/spim.ubfc.fr\/en\/events\/","title":{"rendered":"Events"},"content":{"rendered":"\t\t<div data-elementor-type=\"wp-page\" data-elementor-id=\"1885\" class=\"elementor elementor-1885 elementor-1874\" data-elementor-post-type=\"page\">\n\t\t\t\t\t\t<section class=\"elementor-section elementor-top-section elementor-element elementor-element-30a323a elementor-section-boxed elementor-section-height-default elementor-section-height-default\" data-id=\"30a323a\" data-element_type=\"section\" data-e-type=\"section\">\n\t\t\t\t\t\t<div class=\"elementor-container elementor-column-gap-default\">\n\t\t\t\t\t<div class=\"elementor-column elementor-col-100 elementor-top-column elementor-element elementor-element-0c08d68\" data-id=\"0c08d68\" data-element_type=\"column\" data-e-type=\"column\">\n\t\t\t<div class=\"elementor-widget-wrap elementor-element-populated\">\n\t\t\t\t\t\t<div class=\"elementor-element elementor-element-55e3d6d elementor-widget elementor-widget-heading\" data-id=\"55e3d6d\" data-element_type=\"widget\" data-e-type=\"widget\" data-widget_type=\"heading.default\">\n\t\t\t\t<div class=\"elementor-widget-container\">\n\t\t\t\t\t<h1 class=\"elementor-heading-title elementor-size-default\">Events<\/h1>\t\t\t\t<\/div>\n\t\t\t\t<\/div>\n\t\t\t\t<div class=\"elementor-element elementor-element-d19186f elementor-widget elementor-widget-image\" data-id=\"d19186f\" data-element_type=\"widget\" data-e-type=\"widget\" data-widget_type=\"image.default\">\n\t\t\t\t<div class=\"elementor-widget-container\">\n\t\t\t\t\t\t\t\t\t\t\t\t\t\t\t<img decoding=\"async\" width=\"300\" height=\"66\" src=\"https:\/\/spim.ubfc.fr\/wp-content\/uploads\/sites\/17\/2023\/02\/PHD-TALENT-1-300x66.png\" class=\"attachment-medium size-medium wp-image-3023\" alt=\"\" srcset=\"https:\/\/spim.ubfc.fr\/wp-content\/uploads\/sites\/17\/2023\/02\/PHD-TALENT-1-300x66.png 300w, https:\/\/spim.ubfc.fr\/wp-content\/uploads\/sites\/17\/2023\/02\/PHD-TALENT-1-1024x224.png 1024w, https:\/\/spim.ubfc.fr\/wp-content\/uploads\/sites\/17\/2023\/02\/PHD-TALENT-1-768x168.png 768w, https:\/\/spim.ubfc.fr\/wp-content\/uploads\/sites\/17\/2023\/02\/PHD-TALENT-1-1536x336.png 1536w, https:\/\/spim.ubfc.fr\/wp-content\/uploads\/sites\/17\/2023\/02\/PHD-TALENT-1-2048x448.png 2048w\" sizes=\"(max-width: 300px) 100vw, 300px\" \/>\t\t\t\t\t\t\t\t\t\t\t\t\t\t\t<\/div>\n\t\t\t\t<\/div>\n\t\t\t\t<div class=\"elementor-element elementor-element-2bd552d elementor-widget elementor-widget-heading\" data-id=\"2bd552d\" data-element_type=\"widget\" data-e-type=\"widget\" data-widget_type=\"heading.default\">\n\t\t\t\t<div class=\"elementor-widget-container\">\n\t\t\t\t\t<h2 class=\"elementor-heading-title elementor-size-default\">PhDTalent - Speed-meeting with Expleo (End of february - March 2023)<\/h2>\t\t\t\t<\/div>\n\t\t\t\t<\/div>\n\t\t\t\t<div class=\"elementor-element elementor-element-f555c07 elementor-widget elementor-widget-text-editor\" data-id=\"f555c07\" data-element_type=\"widget\" data-e-type=\"widget\" data-widget_type=\"text-editor.default\">\n\t\t\t\t<div class=\"elementor-widget-container\">\n\t\t\t\t\t\t\t\t\t<p>The Expleo company is looking for several PhD talents ! They are looking for more than 100 PhD talents all over France. Several speed meetings are organized : <\/p><p>\u00a0<\/p><ul><li>Le lundi 27 f\u00e9vrier de 9h30 \u00e0 12h30\u00a0: <strong>profil en<\/strong> <strong>Robotique et syst\u00e8mes embarqu\u00e9s (Hardware et software)<\/strong> <a href=\"https:\/\/imsva91-ctp.trendmicro.com:443\/wis\/clicktime\/v1\/query?url=https%3a%2f%2fapp.phdtalent.fr%2fevents%2fspeed%2dmeeting%2fspeed%2dmeeting%2dwith%2dexpleo%2dfrance%2drobotique%2det%2dsystemes%2dembarques%2dhardware%2det%2dsoftware%2fdetails%2f1660&amp;umid=7CEEC6C4-F3A8-0B05-BA8E-8C79C71F980F&amp;auth=0fd6724f999658b6dfc6e5175590485fef79248c-205df8abd36a41bc31b3f58c327b045d032e068c\">https:\/\/app.phdtalent.fr\/events\/speed-meeting\/speed-meeting-with-expleo-france-robotique-et-systemes-embarques-hardware-et-software\/details\/1660<\/a><\/li><li>Le lundi 27 f\u00e9vrier de 14h00 \u00e0 17h00\u00a0: <strong>profil en processus de validation des syst\u00e8mes complexes\/autonomes <\/strong><a href=\"https:\/\/imsva91-ctp.trendmicro.com:443\/wis\/clicktime\/v1\/query?url=https%3a%2f%2fapp.phdtalent.fr%2fevents%2fspeed%2dmeeting%2fspeed%2dmeeting%2dwith%2dexpleo%2dfrance%2dprocessus%2dde%2dvalidation%2ddes%2dsystemes%2dcomplexes%2dautonomes%2fdetails%2f1661&amp;umid=7CEEC6C4-F3A8-0B05-BA8E-8C79C71F980F&amp;auth=0fd6724f999658b6dfc6e5175590485fef79248c-f911cc16f957233394e323f51e1c7bc6dbaccef2\">https:\/\/app.phdtalent.fr\/events\/speed-meeting\/speed-meeting-with-expleo-france-processus-de-validation-des-systemes-complexes-autonomes\/details\/1661<\/a><\/li><li>Le mardi 28 f\u00e9vrier de 14h00 \u00e0 17h00\u00a0: <strong>profil en\u00a0G\u00e9nie industriel et\/ou supply chain <\/strong><a href=\"https:\/\/imsva91-ctp.trendmicro.com:443\/wis\/clicktime\/v1\/query?url=https%3a%2f%2fapp.phdtalent.fr%2fevents%2fspeed%2dmeeting%2fspeed%2dmeeting%2dwith%2dexpleo%2dfrance%2dgenie%2dindustriel%2det%2dou%2dsupply%2dchain%2fdetails%2f1662&amp;umid=7CEEC6C4-F3A8-0B05-BA8E-8C79C71F980F&amp;auth=0fd6724f999658b6dfc6e5175590485fef79248c-c745cd51d654ff7ad52c3ef912b0f09b6ceaf560\">https:\/\/app.phdtalent.fr\/events\/speed-meeting\/speed-meeting-with-expleo-france-genie-industriel-et-ou-supply-chain\/details\/1662<\/a><\/li><li>Le mercredi 1<sup>er<\/sup> mars de 14h00 \u00e0 17h00\u00a0: <strong>profil en\u00a0Simulation des produits\/processus de fabrication <\/strong><a href=\"https:\/\/imsva91-ctp.trendmicro.com:443\/wis\/clicktime\/v1\/query?url=https%3a%2f%2fapp.phdtalent.fr%2fevents%2fspeed%2dmeeting%2fspeed%2dmeeting%2dwith%2dexpleo%2dfrance%2dsimulation%2ddes%2dproduits%2dprocessus%2dde%2dfabrication%2fdetails%2f1663&amp;umid=7CEEC6C4-F3A8-0B05-BA8E-8C79C71F980F&amp;auth=0fd6724f999658b6dfc6e5175590485fef79248c-828c764101b35e1bf8b293684419aec49505c811\">https:\/\/app.phdtalent.fr\/events\/speed-meeting\/speed-meeting-with-expleo-france-simulation-des-produits-processus-de-fabrication\/details\/1663<\/a><\/li><li>Le jeudi 2 mars de 14h00 \u00e0 17h00\u00a0: <strong>profil en<\/strong>\u00a0<strong>Data, IA, Computer vision <\/strong><a href=\"https:\/\/imsva91-ctp.trendmicro.com:443\/wis\/clicktime\/v1\/query?url=https%3a%2f%2fapp.phdtalent.fr%2fevents%2fspeed%2dmeeting%2fspeed%2dmeeting%2dwith%2dexpleo%2dfrance%2ddata%2dia%2dcomputer%2dvision%2fdetails%2f1664&amp;umid=7CEEC6C4-F3A8-0B05-BA8E-8C79C71F980F&amp;auth=0fd6724f999658b6dfc6e5175590485fef79248c-f4b7e96c3eea1c16e7e891ab7170292a20941c08\">https:\/\/app.phdtalent.fr\/events\/speed-meeting\/speed-meeting-with-expleo-france-data-ia-computer-vision\/details\/1664<\/a><\/li><\/ul>\t\t\t\t\t\t\t\t<\/div>\n\t\t\t\t<\/div>\n\t\t\t\t<div class=\"elementor-element elementor-element-f203ec1 elementor-widget elementor-widget-image\" data-id=\"f203ec1\" data-element_type=\"widget\" data-e-type=\"widget\" data-widget_type=\"image.default\">\n\t\t\t\t<div class=\"elementor-widget-container\">\n\t\t\t\t\t\t\t\t\t\t\t\t\t\t\t<img fetchpriority=\"high\" decoding=\"async\" width=\"300\" height=\"225\" src=\"https:\/\/spim.ubfc.fr\/wp-content\/uploads\/sites\/17\/2021\/03\/Soutenance-de-These-300x225.jpg\" class=\"attachment-medium size-medium wp-image-1377\" alt=\"\" srcset=\"https:\/\/spim.ubfc.fr\/wp-content\/uploads\/sites\/17\/2021\/03\/Soutenance-de-These-300x225.jpg 300w, https:\/\/spim.ubfc.fr\/wp-content\/uploads\/sites\/17\/2021\/03\/Soutenance-de-These-1024x767.jpg 1024w, https:\/\/spim.ubfc.fr\/wp-content\/uploads\/sites\/17\/2021\/03\/Soutenance-de-These-768x575.jpg 768w, https:\/\/spim.ubfc.fr\/wp-content\/uploads\/sites\/17\/2021\/03\/Soutenance-de-These.jpg 1500w\" sizes=\"(max-width: 300px) 100vw, 300px\" \/>\t\t\t\t\t\t\t\t\t\t\t\t\t\t\t<\/div>\n\t\t\t\t<\/div>\n\t\t\t\t<div class=\"elementor-element elementor-element-24d41e8 elementor-widget elementor-widget-heading\" data-id=\"24d41e8\" data-element_type=\"widget\" data-e-type=\"widget\" data-widget_type=\"heading.default\">\n\t\t\t\t<div class=\"elementor-widget-container\">\n\t\t\t\t\t<h4 class=\"elementor-heading-title elementor-size-default\">PhD First Day on November 15, 2022 <\/h4>\t\t\t\t<\/div>\n\t\t\t\t<\/div>\n\t\t\t\t<div class=\"elementor-element elementor-element-5dfdc2c elementor-widget elementor-widget-text-editor\" data-id=\"5dfdc2c\" data-element_type=\"widget\" data-e-type=\"widget\" data-widget_type=\"text-editor.default\">\n\t\t\t\t<div class=\"elementor-widget-container\">\n\t\t\t\t\t\t\t\t\t<p>The presentation of the PhD First Day is available below.<\/p>\t\t\t\t\t\t\t\t<\/div>\n\t\t\t\t<\/div>\n\t\t\t\t<div class=\"elementor-element elementor-element-07d9de0 elementor-position-inline-start elementor-view-default elementor-mobile-position-block-start elementor-widget elementor-widget-icon-box\" data-id=\"07d9de0\" data-element_type=\"widget\" data-e-type=\"widget\" data-widget_type=\"icon-box.default\">\n\t\t\t\t<div class=\"elementor-widget-container\">\n\t\t\t\t\t\t\t<div class=\"elementor-icon-box-wrapper\">\n\n\t\t\t\t\t\t<div class=\"elementor-icon-box-icon\">\n\t\t\t\t<a href=\"https:\/\/spim.ubfc.fr\/wp-content\/uploads\/sites\/17\/2022\/11\/ED-SPIM-rentree-2022-vf-1.pdf\" target=\"_blank\" class=\"elementor-icon\" tabindex=\"-1\" aria-label=\"PhD First Day presentation\">\n\t\t\t\t<i aria-hidden=\"true\" class=\"fas fa-file-pdf\"><\/i>\t\t\t\t<\/a>\n\t\t\t<\/div>\n\t\t\t\n\t\t\t\t\t\t<div class=\"elementor-icon-box-content\">\n\n\t\t\t\t\t\t\t\t\t<h6 class=\"elementor-icon-box-title\">\n\t\t\t\t\t\t<a href=\"https:\/\/spim.ubfc.fr\/wp-content\/uploads\/sites\/17\/2022\/11\/ED-SPIM-rentree-2022-vf-1.pdf\" target=\"_blank\" >\n\t\t\t\t\t\t\tPhD First Day presentation\t\t\t\t\t\t<\/a>\n\t\t\t\t\t<\/h6>\n\t\t\t\t\n\t\t\t\t\n\t\t\t<\/div>\n\t\t\t\n\t\t<\/div>\n\t\t\t\t\t\t<\/div>\n\t\t\t\t<\/div>\n\t\t\t\t<div class=\"elementor-element elementor-element-97265af elementor-align-center elementor-widget elementor-widget-button\" data-id=\"97265af\" data-element_type=\"widget\" data-e-type=\"widget\" data-widget_type=\"button.default\">\n\t\t\t\t<div class=\"elementor-widget-container\">\n\t\t\t\t\t\t\t\t\t<div class=\"elementor-button-wrapper\">\n\t\t\t\t\t<a class=\"elementor-button elementor-button-link elementor-size-sm\" href=\"https:\/\/alumni.ubfc.fr\/article\/replay-hacking-health-besancon-5eme-marathon-d-innovation-ouverte-en-sante\/15\/07\/2021\/115\">\n\t\t\t\t\t\t<span class=\"elementor-button-content-wrapper\">\n\t\t\t\t\t\t\t\t\t<span class=\"elementor-button-text\">Alumni UBFC - Hacking Health<\/span>\n\t\t\t\t\t<\/span>\n\t\t\t\t\t<\/a>\n\t\t\t\t<\/div>\n\t\t\t\t\t\t\t\t<\/div>\n\t\t\t\t<\/div>\n\t\t\t\t<div class=\"elementor-element elementor-element-e20b6c8 elementor-align-center elementor-widget elementor-widget-button\" data-id=\"e20b6c8\" data-element_type=\"widget\" data-e-type=\"widget\" data-widget_type=\"button.default\">\n\t\t\t\t<div class=\"elementor-widget-container\">\n\t\t\t\t\t\t\t\t\t<div class=\"elementor-button-wrapper\">\n\t\t\t\t\t<a class=\"elementor-button elementor-button-link elementor-size-sm\" href=\"https:\/\/collegedoctoral.ubfc.fr\/phd-studentsfirst-day\/?lang=en\">\n\t\t\t\t\t\t<span class=\"elementor-button-content-wrapper\">\n\t\t\t\t\t\t\t\t\t<span class=\"elementor-button-text\">Doctoral start day - Doctoral College<\/span>\n\t\t\t\t\t<\/span>\n\t\t\t\t\t<\/a>\n\t\t\t\t<\/div>\n\t\t\t\t\t\t\t\t<\/div>\n\t\t\t\t<\/div>\n\t\t\t\t\t<\/div>\n\t\t<\/div>\n\t\t\t\t\t<\/div>\n\t\t<\/section>\n\t\t\t\t<\/div>\n\t\t","protected":false},"excerpt":{"rendered":"<p>PhDTalent &#8211; Speed-meeting with Expleo (End of february &#8211; March 2023) The Expleo company is looking for several PhD talents ! They are looking for more than 100 PhD talents all over France. Several speed meetings are organized : \u00a0 Le lundi 27 f\u00e9vrier de 9h30 \u00e0 12h30\u00a0: profil en Robotique et syst\u00e8mes embarqu\u00e9s (Hardware &hellip; <a href=\"https:\/\/spim.ubfc.fr\/en\/events\/\">Continued<\/a><\/p>\n","protected":false},"author":22,"featured_media":0,"parent":0,"menu_order":0,"comment_status":"closed","ping_status":"closed","template":"","meta":{"_acf_changed":false,"footnotes":""},"class_list":["post-1885","page","type-page","status-publish","hentry"],"acf":[],"yoast_head":"<!-- This site is optimized with the Yoast SEO plugin v27.4 - https:\/\/yoast.com\/product\/yoast-seo-wordpress\/ -->\n<title>Events - \u00c9COLE DOCTORALE SPIM<\/title>\n<meta name=\"robots\" content=\"index, follow, max-snippet:-1, max-image-preview:large, max-video-preview:-1\" \/>\n<link rel=\"canonical\" href=\"https:\/\/spim.ubfc.fr\/en\/events\/\" \/>\n<meta property=\"og:locale\" content=\"en_US\" \/>\n<meta property=\"og:type\" content=\"article\" \/>\n<meta property=\"og:title\" content=\"Events - \u00c9COLE DOCTORALE SPIM\" \/>\n<meta property=\"og:description\" content=\"PhDTalent &#8211; Speed-meeting with Expleo (End of february &#8211; March 2023) The Expleo company is looking for several PhD talents ! They are looking for more than 100 PhD talents all over France. Several speed meetings are organized : \u00a0 Le lundi 27 f\u00e9vrier de 9h30 \u00e0 12h30\u00a0: profil en Robotique et syst\u00e8mes embarqu\u00e9s (Hardware &hellip; Continued\" \/>\n<meta property=\"og:url\" content=\"https:\/\/spim.ubfc.fr\/en\/events\/\" \/>\n<meta property=\"og:site_name\" content=\"\u00c9COLE DOCTORALE SPIM\" \/>\n<meta property=\"article:modified_time\" content=\"2023-02-06T15:10:16+00:00\" \/>\n<meta property=\"og:image\" content=\"https:\/\/spim.ubfc.fr\/wp-content\/uploads\/sites\/17\/2023\/02\/PHD-TALENT-1-300x66.png\" \/>\n<meta name=\"twitter:card\" content=\"summary_large_image\" \/>\n<meta name=\"twitter:label1\" content=\"Est. reading time\" \/>\n\t<meta name=\"twitter:data1\" content=\"1 minute\" \/>\n<script type=\"application\/ld+json\" class=\"yoast-schema-graph\">{\"@context\":\"https:\\\/\\\/schema.org\",\"@graph\":[{\"@type\":\"WebPage\",\"@id\":\"https:\\\/\\\/spim.ubfc.fr\\\/en\\\/events\\\/\",\"url\":\"https:\\\/\\\/spim.ubfc.fr\\\/en\\\/events\\\/\",\"name\":\"Events - \u00c9COLE DOCTORALE SPIM\",\"isPartOf\":{\"@id\":\"https:\\\/\\\/spim.ubfc.fr\\\/en\\\/#website\"},\"primaryImageOfPage\":{\"@id\":\"https:\\\/\\\/spim.ubfc.fr\\\/en\\\/events\\\/#primaryimage\"},\"image\":{\"@id\":\"https:\\\/\\\/spim.ubfc.fr\\\/en\\\/events\\\/#primaryimage\"},\"thumbnailUrl\":\"https:\\\/\\\/spim.ubfc.fr\\\/wp-content\\\/uploads\\\/sites\\\/17\\\/2023\\\/02\\\/PHD-TALENT-1-300x66.png\",\"datePublished\":\"2021-07-09T12:52:44+00:00\",\"dateModified\":\"2023-02-06T15:10:16+00:00\",\"breadcrumb\":{\"@id\":\"https:\\\/\\\/spim.ubfc.fr\\\/en\\\/events\\\/#breadcrumb\"},\"inLanguage\":\"en-US\",\"potentialAction\":[{\"@type\":\"ReadAction\",\"target\":[\"https:\\\/\\\/spim.ubfc.fr\\\/en\\\/events\\\/\"]}]},{\"@type\":\"ImageObject\",\"inLanguage\":\"en-US\",\"@id\":\"https:\\\/\\\/spim.ubfc.fr\\\/en\\\/events\\\/#primaryimage\",\"url\":\"https:\\\/\\\/spim.ubfc.fr\\\/wp-content\\\/uploads\\\/sites\\\/17\\\/2023\\\/02\\\/PHD-TALENT-1-300x66.png\",\"contentUrl\":\"https:\\\/\\\/spim.ubfc.fr\\\/wp-content\\\/uploads\\\/sites\\\/17\\\/2023\\\/02\\\/PHD-TALENT-1-300x66.png\"},{\"@type\":\"BreadcrumbList\",\"@id\":\"https:\\\/\\\/spim.ubfc.fr\\\/en\\\/events\\\/#breadcrumb\",\"itemListElement\":[{\"@type\":\"ListItem\",\"position\":1,\"name\":\"Accueil\",\"item\":\"https:\\\/\\\/spim.ubfc.fr\\\/en\\\/\"},{\"@type\":\"ListItem\",\"position\":2,\"name\":\"Events\"}]},{\"@type\":\"WebSite\",\"@id\":\"https:\\\/\\\/spim.ubfc.fr\\\/en\\\/#website\",\"url\":\"https:\\\/\\\/spim.ubfc.fr\\\/en\\\/\",\"name\":\"\u00c9cole Doctorale SPIM\",\"description\":\"Ecole Doctorale de Sciences Physiques pour l\u2019Ing\u00e9nieur et Microtechniques - Universit\u00e9 de Bourgogne Franche-Comt\u00e9\",\"publisher\":{\"@id\":\"https:\\\/\\\/spim.ubfc.fr\\\/en\\\/#organization\"},\"potentialAction\":[{\"@type\":\"SearchAction\",\"target\":{\"@type\":\"EntryPoint\",\"urlTemplate\":\"https:\\\/\\\/spim.ubfc.fr\\\/en\\\/?s={search_term_string}\"},\"query-input\":{\"@type\":\"PropertyValueSpecification\",\"valueRequired\":true,\"valueName\":\"search_term_string\"}}],\"inLanguage\":\"en-US\"},{\"@type\":\"Organization\",\"@id\":\"https:\\\/\\\/spim.ubfc.fr\\\/en\\\/#organization\",\"name\":\"\u00c9cole Doctorale SPIM\",\"url\":\"https:\\\/\\\/spim.ubfc.fr\\\/en\\\/\",\"logo\":{\"@type\":\"ImageObject\",\"inLanguage\":\"en-US\",\"@id\":\"https:\\\/\\\/spim.ubfc.fr\\\/en\\\/#\\\/schema\\\/logo\\\/image\\\/\",\"url\":\"https:\\\/\\\/spim.ubfc.fr\\\/wp-content\\\/uploads\\\/sites\\\/17\\\/2020\\\/08\\\/logospim.jpeg\",\"contentUrl\":\"https:\\\/\\\/spim.ubfc.fr\\\/wp-content\\\/uploads\\\/sites\\\/17\\\/2020\\\/08\\\/logospim.jpeg\",\"width\":434,\"height\":144,\"caption\":\"\u00c9cole Doctorale SPIM\"},\"image\":{\"@id\":\"https:\\\/\\\/spim.ubfc.fr\\\/en\\\/#\\\/schema\\\/logo\\\/image\\\/\"}}]}<\/script>\n<!-- \/ Yoast SEO plugin. -->","yoast_head_json":{"title":"Events - \u00c9COLE DOCTORALE SPIM","robots":{"index":"index","follow":"follow","max-snippet":"max-snippet:-1","max-image-preview":"max-image-preview:large","max-video-preview":"max-video-preview:-1"},"canonical":"https:\/\/spim.ubfc.fr\/en\/events\/","og_locale":"en_US","og_type":"article","og_title":"Events - \u00c9COLE DOCTORALE SPIM","og_description":"PhDTalent &#8211; Speed-meeting with Expleo (End of february &#8211; March 2023) The Expleo company is looking for several PhD talents ! They are looking for more than 100 PhD talents all over France. Several speed meetings are organized : \u00a0 Le lundi 27 f\u00e9vrier de 9h30 \u00e0 12h30\u00a0: profil en Robotique et syst\u00e8mes embarqu\u00e9s (Hardware &hellip; Continued","og_url":"https:\/\/spim.ubfc.fr\/en\/events\/","og_site_name":"\u00c9COLE DOCTORALE SPIM","article_modified_time":"2023-02-06T15:10:16+00:00","og_image":[{"url":"https:\/\/spim.ubfc.fr\/wp-content\/uploads\/sites\/17\/2023\/02\/PHD-TALENT-1-300x66.png","type":"","width":"","height":""}],"twitter_card":"summary_large_image","twitter_misc":{"Est. reading time":"1 minute"},"schema":{"@context":"https:\/\/schema.org","@graph":[{"@type":"WebPage","@id":"https:\/\/spim.ubfc.fr\/en\/events\/","url":"https:\/\/spim.ubfc.fr\/en\/events\/","name":"Events - \u00c9COLE DOCTORALE SPIM","isPartOf":{"@id":"https:\/\/spim.ubfc.fr\/en\/#website"},"primaryImageOfPage":{"@id":"https:\/\/spim.ubfc.fr\/en\/events\/#primaryimage"},"image":{"@id":"https:\/\/spim.ubfc.fr\/en\/events\/#primaryimage"},"thumbnailUrl":"https:\/\/spim.ubfc.fr\/wp-content\/uploads\/sites\/17\/2023\/02\/PHD-TALENT-1-300x66.png","datePublished":"2021-07-09T12:52:44+00:00","dateModified":"2023-02-06T15:10:16+00:00","breadcrumb":{"@id":"https:\/\/spim.ubfc.fr\/en\/events\/#breadcrumb"},"inLanguage":"en-US","potentialAction":[{"@type":"ReadAction","target":["https:\/\/spim.ubfc.fr\/en\/events\/"]}]},{"@type":"ImageObject","inLanguage":"en-US","@id":"https:\/\/spim.ubfc.fr\/en\/events\/#primaryimage","url":"https:\/\/spim.ubfc.fr\/wp-content\/uploads\/sites\/17\/2023\/02\/PHD-TALENT-1-300x66.png","contentUrl":"https:\/\/spim.ubfc.fr\/wp-content\/uploads\/sites\/17\/2023\/02\/PHD-TALENT-1-300x66.png"},{"@type":"BreadcrumbList","@id":"https:\/\/spim.ubfc.fr\/en\/events\/#breadcrumb","itemListElement":[{"@type":"ListItem","position":1,"name":"Accueil","item":"https:\/\/spim.ubfc.fr\/en\/"},{"@type":"ListItem","position":2,"name":"Events"}]},{"@type":"WebSite","@id":"https:\/\/spim.ubfc.fr\/en\/#website","url":"https:\/\/spim.ubfc.fr\/en\/","name":"\u00c9cole Doctorale SPIM","description":"Ecole Doctorale de Sciences Physiques pour l\u2019Ing\u00e9nieur et Microtechniques - Universit\u00e9 de Bourgogne Franche-Comt\u00e9","publisher":{"@id":"https:\/\/spim.ubfc.fr\/en\/#organization"},"potentialAction":[{"@type":"SearchAction","target":{"@type":"EntryPoint","urlTemplate":"https:\/\/spim.ubfc.fr\/en\/?s={search_term_string}"},"query-input":{"@type":"PropertyValueSpecification","valueRequired":true,"valueName":"search_term_string"}}],"inLanguage":"en-US"},{"@type":"Organization","@id":"https:\/\/spim.ubfc.fr\/en\/#organization","name":"\u00c9cole Doctorale SPIM","url":"https:\/\/spim.ubfc.fr\/en\/","logo":{"@type":"ImageObject","inLanguage":"en-US","@id":"https:\/\/spim.ubfc.fr\/en\/#\/schema\/logo\/image\/","url":"https:\/\/spim.ubfc.fr\/wp-content\/uploads\/sites\/17\/2020\/08\/logospim.jpeg","contentUrl":"https:\/\/spim.ubfc.fr\/wp-content\/uploads\/sites\/17\/2020\/08\/logospim.jpeg","width":434,"height":144,"caption":"\u00c9cole Doctorale SPIM"},"image":{"@id":"https:\/\/spim.ubfc.fr\/en\/#\/schema\/logo\/image\/"}}]}},"_links":{"self":[{"href":"https:\/\/spim.ubfc.fr\/en\/wp-json\/wp\/v2\/pages\/1885","targetHints":{"allow":["GET"]}}],"collection":[{"href":"https:\/\/spim.ubfc.fr\/en\/wp-json\/wp\/v2\/pages"}],"about":[{"href":"https:\/\/spim.ubfc.fr\/en\/wp-json\/wp\/v2\/types\/page"}],"author":[{"embeddable":true,"href":"https:\/\/spim.ubfc.fr\/en\/wp-json\/wp\/v2\/users\/22"}],"replies":[{"embeddable":true,"href":"https:\/\/spim.ubfc.fr\/en\/wp-json\/wp\/v2\/comments?post=1885"}],"version-history":[{"count":0,"href":"https:\/\/spim.ubfc.fr\/en\/wp-json\/wp\/v2\/pages\/1885\/revisions"}],"wp:attachment":[{"href":"https:\/\/spim.ubfc.fr\/en\/wp-json\/wp\/v2\/media?parent=1885"}],"curies":[{"name":"wp","href":"https:\/\/api.w.org\/{rel}","templated":true}]}}