{"id":1038,"date":"2020-08-14T10:16:54","date_gmt":"2020-08-14T10:16:54","guid":{"rendered":"http:\/\/spim.ubfc.fr\/training-committee\/"},"modified":"2026-03-30T14:14:18","modified_gmt":"2026-03-30T14:14:18","slug":"training-committee","status":"publish","type":"page","link":"https:\/\/spim.ubfc.fr\/en\/training-committee\/","title":{"rendered":"Training committee"},"content":{"rendered":"\t\t<div data-elementor-type=\"wp-page\" data-elementor-id=\"1038\" class=\"elementor elementor-1038 elementor-499\" data-elementor-post-type=\"page\">\n\t\t\t\t\t\t<section class=\"elementor-section elementor-top-section elementor-element elementor-element-93d5032 elementor-section-boxed elementor-section-height-default elementor-section-height-default\" data-id=\"93d5032\" data-element_type=\"section\" data-e-type=\"section\">\n\t\t\t\t\t\t<div class=\"elementor-container elementor-column-gap-default\">\n\t\t\t\t\t<div class=\"elementor-column elementor-col-100 elementor-top-column elementor-element elementor-element-6f4099b\" data-id=\"6f4099b\" data-element_type=\"column\" data-e-type=\"column\">\n\t\t\t<div class=\"elementor-widget-wrap elementor-element-populated\">\n\t\t\t\t\t\t<div class=\"elementor-element elementor-element-a01ab8b elementor-widget elementor-widget-breadcrumbs\" data-id=\"a01ab8b\" data-element_type=\"widget\" data-e-type=\"widget\" data-widget_type=\"breadcrumbs.default\">\n\t\t\t\t<div class=\"elementor-widget-container\">\n\t\t\t\t\t<p id=\"breadcrumbs\"><span><span><a href=\"https:\/\/spim.ubfc.fr\/en\/\">Accueil<\/a><\/span><\/span><\/p>\t\t\t\t<\/div>\n\t\t\t\t<\/div>\n\t\t\t\t<div class=\"elementor-element elementor-element-c9f24b1 elementor-widget elementor-widget-image\" data-id=\"c9f24b1\" data-element_type=\"widget\" data-e-type=\"widget\" data-widget_type=\"image.default\">\n\t\t\t\t<div class=\"elementor-widget-container\">\n\t\t\t\t\t\t\t\t\t\t\t\t\t\t\t<img fetchpriority=\"high\" decoding=\"async\" width=\"1011\" height=\"107\" src=\"https:\/\/spim.ubfc.fr\/wp-content\/uploads\/sites\/17\/2025\/03\/logo_spim_2025_text-1.png\" class=\"attachment-large size-large wp-image-4355\" alt=\"\" srcset=\"https:\/\/spim.ubfc.fr\/wp-content\/uploads\/sites\/17\/2025\/03\/logo_spim_2025_text-1.png 1011w, https:\/\/spim.ubfc.fr\/wp-content\/uploads\/sites\/17\/2025\/03\/logo_spim_2025_text-1-300x32.png 300w, https:\/\/spim.ubfc.fr\/wp-content\/uploads\/sites\/17\/2025\/03\/logo_spim_2025_text-1-768x81.png 768w\" sizes=\"(max-width: 1011px) 100vw, 1011px\" \/>\t\t\t\t\t\t\t\t\t\t\t\t\t\t\t<\/div>\n\t\t\t\t<\/div>\n\t\t\t\t<div class=\"elementor-element elementor-element-92431eb elementor-widget__width-initial elementor-widget elementor-widget-heading\" data-id=\"92431eb\" data-element_type=\"widget\" data-e-type=\"widget\" data-widget_type=\"heading.default\">\n\t\t\t\t<div class=\"elementor-widget-container\">\n\t\t\t\t\t<h2 class=\"elementor-heading-title elementor-size-default\">THE SPIM DOCTORAL SCHOOL TRAINING COMMITTEE<\/h2>\t\t\t\t<\/div>\n\t\t\t\t<\/div>\n\t\t\t\t<div class=\"elementor-element elementor-element-3b8c0fb elementor-widget elementor-widget-spacer\" data-id=\"3b8c0fb\" data-element_type=\"widget\" data-e-type=\"widget\" data-widget_type=\"spacer.default\">\n\t\t\t\t<div class=\"elementor-widget-container\">\n\t\t\t\t\t\t\t<div class=\"elementor-spacer\">\n\t\t\t<div class=\"elementor-spacer-inner\"><\/div>\n\t\t<\/div>\n\t\t\t\t\t\t<\/div>\n\t\t\t\t<\/div>\n\t\t\t\t<div class=\"elementor-element elementor-element-108a1a4 elementor-widget elementor-widget-text-editor\" data-id=\"108a1a4\" data-element_type=\"widget\" data-e-type=\"widget\" data-widget_type=\"text-editor.default\">\n\t\t\t\t<div class=\"elementor-widget-container\">\n\t\t\t\t\t\t\t\t\t<p class=\"p1\"><span class=\"s1\" style=\"font-size: 18pt;\"><b>THE TRAINING COMMITTEE ROLE AND MISSIONS :<\/b><\/span><\/p><ul><li class=\"p1\"><span class=\"s1\">The role of the commission is to make proposals to improve the ED SPIM&#8217;s training program<\/span><\/li><li class=\"p1\"><span class=\"s1\">The committee gives its opinion on the creation or ending of a training course<\/span><\/li><li class=\"p1\"><span class=\"s1\">It creates evaluation sheets. It gives its view on the assessment of a training course, taking into account the evaluation sheets submitted by doctoral students<\/span><\/li><li class=\"p1\"><span class=\"s1\">It contributes to the setting up of the calendar and the organization of the courses.<\/span><\/li><\/ul><p class=\"p3\"><span class=\"s1\" style=\"font-size: 18pt;\"><b>COMPOSITION :<\/b><\/span><\/p><table style=\"width: 83.0353%;\"><tbody><tr><td style=\"width: 54.7059%;\">Fabrice STHAL<\/td><td style=\"width: 45.098%;\">Head of SPIM Doctoral School<\/td><\/tr><tr><td style=\"width: 54.7059%;\">Patrick MARQUIE<\/td><td style=\"width: 45.098%;\">Deputy head of SPIM Doctoral School<\/td><\/tr><tr><td style=\"width: 54.7059%;\">Redwan DAHMOUCHE<\/td><td style=\"width: 45.098%;\">FEMTO-ST\/AS2M<\/td><\/tr><tr><td style=\"width: 54.7059%;\">Marie-Laure BETBEDER<\/td><td style=\"width: 45.098%;\">FEMTO-ST\/DISC<\/td><\/tr><tr><td style=\"width: 54.7059%;\">Xavier ROIZARD<\/td><td style=\"width: 45.098%;\">FEMTO-ST\/ DMA<\/td><\/tr><tr><td style=\"width: 54.7059%;\">Pierre-Ambroise LACOURT\u00a0<\/td><td style=\"width: 45.098%;\">FEMTO-ST\/OPTIQUE<\/td><\/tr><tr><td style=\"width: 54.7059%;\">Fran\u00e7ois LANZETTA<\/td><td style=\"width: 45.098%;\">FEMTO-ST\/ENERGIE<\/td><\/tr><tr><td style=\"width: 54.7059%;\">J\u00e9r\u00f4me DEJEU<\/td><td style=\"width: 45.098%;\">FEMTO-ST\/MN2S<\/td><\/tr><tr><td style=\"width: 54.7059%;\">Samuel MARGUERON<\/td><td style=\"width: 45.098%;\">FEMTO-ST\/TF<\/td><\/tr><tr><td style=\"width: 54.7059%;\">Mahdi MADANI<\/td><td style=\"width: 45.098%;\">ImVIA\u00a0<\/td><\/tr><tr><td style=\"width: 54.7059%;\">Val\u00e9rie DOS SANTOS MARTINS<\/td><td style=\"width: 45.098%;\">DRIVE<\/td><\/tr><tr><td style=\"width: 54.7059%;\">Nader MBAREK<\/td><td style=\"width: 45.098%;\">LIB<\/td><\/tr><tr><td style=\"width: 54.7059%;\">Ouassila NARSIS<\/td><td style=\"width: 45.098%;\">CIAD<\/td><\/tr><tr><td style=\"width: 54.7059%;\">Lucas DEMBINSKI<\/td><td style=\"width: 45.098%;\">ICB<\/td><\/tr><tr><td style=\"width: 54.7059%;\">Zo\u00e9 VIERON<\/td><td style=\"width: 45.098%;\">PhD students representative UMLP<\/td><\/tr><tr><td style=\"width: 54.7059%;\">Romain MOREL<\/td><td style=\"width: 45.098%;\">PhD students representative UMLP<\/td><\/tr><tr><td style=\"width: 54.7059%;\">Adesuwa EBUEHI<\/td><td style=\"width: 45.098%;\">PhD students representative UMLP<\/td><\/tr><tr><td style=\"width: 54.7059%;\">Hugo CASTANEDA<\/td><td style=\"width: 45.098%;\">PhD students representative UBE<\/td><\/tr><tr><td style=\"width: 54.7059%;\">Ibrahim DIARRA<\/td><td style=\"width: 45.098%;\">PhD students representative\u00a0UBE<\/td><\/tr><tr><td style=\"width: 54.7059%;\">Mohamed Redha MAHAMDI<\/td><td style=\"width: 45.098%;\">PhD students representative UBE<\/td><\/tr><tr><td style=\"width: 54.7059%;\">Caroline DELAMARCHE<\/td><td style=\"width: 45.098%;\">Training Manager UTBM<\/td><\/tr><tr><td style=\"width: 54.7059%;\">Emilie FAIVRE<\/td><td style=\"width: 45.098%;\">Training Manager UMLP<\/td><\/tr><\/tbody><\/table>\t\t\t\t\t\t\t\t<\/div>\n\t\t\t\t<\/div>\n\t\t\t\t\t<\/div>\n\t\t<\/div>\n\t\t\t\t\t<\/div>\n\t\t<\/section>\n\t\t\t\t<section class=\"elementor-section elementor-top-section elementor-element elementor-element-eb07625 elementor-section-boxed elementor-section-height-default elementor-section-height-default\" data-id=\"eb07625\" data-element_type=\"section\" data-e-type=\"section\">\n\t\t\t\t\t\t<div class=\"elementor-container elementor-column-gap-default\">\n\t\t\t\t\t<div class=\"elementor-column elementor-col-100 elementor-top-column elementor-element elementor-element-7e5c94a\" data-id=\"7e5c94a\" data-element_type=\"column\" data-e-type=\"column\">\n\t\t\t<div class=\"elementor-widget-wrap elementor-element-populated\">\n\t\t\t\t\t\t<div class=\"elementor-element elementor-element-3e0c80c elementor-widget elementor-widget-heading\" data-id=\"3e0c80c\" data-element_type=\"widget\" data-e-type=\"widget\" data-widget_type=\"heading.default\">\n\t\t\t\t<div class=\"elementor-widget-container\">\n\t\t\t\t\t<h2 class=\"elementor-heading-title elementor-size-default\">Training proposal form to be integrated into the catalogue<\/h2>\t\t\t\t<\/div>\n\t\t\t\t<\/div>\n\t\t\t\t\t<\/div>\n\t\t<\/div>\n\t\t\t\t\t<\/div>\n\t\t<\/section>\n\t\t\t\t<section class=\"elementor-section elementor-top-section elementor-element elementor-element-6fed84b elementor-section-boxed elementor-section-height-default elementor-section-height-default\" data-id=\"6fed84b\" data-element_type=\"section\" data-e-type=\"section\">\n\t\t\t\t\t\t<div class=\"elementor-container elementor-column-gap-default\">\n\t\t\t\t\t<div class=\"elementor-column elementor-col-100 elementor-top-column elementor-element elementor-element-9042c04\" data-id=\"9042c04\" data-element_type=\"column\" data-e-type=\"column\">\n\t\t\t<div class=\"elementor-widget-wrap elementor-element-populated\">\n\t\t\t\t\t\t<div class=\"elementor-element elementor-element-b683e80 elementor-position-inline-start elementor-view-default elementor-mobile-position-block-start elementor-widget elementor-widget-icon-box\" data-id=\"b683e80\" data-element_type=\"widget\" data-e-type=\"widget\" data-widget_type=\"icon-box.default\">\n\t\t\t\t<div class=\"elementor-widget-container\">\n\t\t\t\t\t\t\t<div class=\"elementor-icon-box-wrapper\">\n\n\t\t\t\t\t\t<div class=\"elementor-icon-box-icon\">\n\t\t\t\t<a href=\"https:\/\/spim.ubfc.fr\/wp-content\/uploads\/sites\/17\/2026\/03\/Fiche-proposition-module-ED-SPIM_-2026-1-1.docx\" target=\"_blank\" class=\"elementor-icon\" tabindex=\"-1\" aria-label=\"SPIM Doctoral School form\">\n\t\t\t\t<i aria-hidden=\"true\" class=\"fas fa-file-word\"><\/i>\t\t\t\t<\/a>\n\t\t\t<\/div>\n\t\t\t\n\t\t\t\t\t\t<div class=\"elementor-icon-box-content\">\n\n\t\t\t\t\t\t\t\t\t<h6 class=\"elementor-icon-box-title\">\n\t\t\t\t\t\t<a href=\"https:\/\/spim.ubfc.fr\/wp-content\/uploads\/sites\/17\/2026\/03\/Fiche-proposition-module-ED-SPIM_-2026-1-1.docx\" target=\"_blank\" >\n\t\t\t\t\t\t\tSPIM Doctoral School form\t\t\t\t\t\t<\/a>\n\t\t\t\t\t<\/h6>\n\t\t\t\t\n\t\t\t\t\n\t\t\t<\/div>\n\t\t\t\n\t\t<\/div>\n\t\t\t\t\t\t<\/div>\n\t\t\t\t<\/div>\n\t\t\t\t\t<\/div>\n\t\t<\/div>\n\t\t\t\t\t<\/div>\n\t\t<\/section>\n\t\t\t\t<section class=\"elementor-section elementor-top-section elementor-element elementor-element-ab911a7 elementor-section-boxed elementor-section-height-default elementor-section-height-default\" data-id=\"ab911a7\" data-element_type=\"section\" data-e-type=\"section\">\n\t\t\t\t\t\t<div class=\"elementor-container elementor-column-gap-default\">\n\t\t\t\t\t<div class=\"elementor-column elementor-col-100 elementor-top-column elementor-element elementor-element-9ddce53\" data-id=\"9ddce53\" data-element_type=\"column\" data-e-type=\"column\">\n\t\t\t<div class=\"elementor-widget-wrap elementor-element-populated\">\n\t\t\t\t\t\t<div class=\"elementor-element elementor-element-dc183bb elementor-widget elementor-widget-spacer\" data-id=\"dc183bb\" data-element_type=\"widget\" data-e-type=\"widget\" data-widget_type=\"spacer.default\">\n\t\t\t\t<div class=\"elementor-widget-container\">\n\t\t\t\t\t\t\t<div class=\"elementor-spacer\">\n\t\t\t<div class=\"elementor-spacer-inner\"><\/div>\n\t\t<\/div>\n\t\t\t\t\t\t<\/div>\n\t\t\t\t<\/div>\n\t\t\t\t<div class=\"elementor-element elementor-element-35e8d08 elementor-widget elementor-widget-text-editor\" data-id=\"35e8d08\" data-element_type=\"widget\" data-e-type=\"widget\" data-widget_type=\"text-editor.default\">\n\t\t\t\t<div class=\"elementor-widget-container\">\n\t\t\t\t\t\t\t\t\t<h3><strong>The minutes of the training committee meetings are available on the following link : <a href=\"https:\/\/spim.ubfc.fr\/commission-formation\/\">https:\/\/spim.ubfc.fr\/commission-formation\/<\/a><\/strong><\/h3>\t\t\t\t\t\t\t\t<\/div>\n\t\t\t\t<\/div>\n\t\t\t\t\t<\/div>\n\t\t<\/div>\n\t\t\t\t\t<\/div>\n\t\t<\/section>\n\t\t\t\t<\/div>\n\t\t","protected":false},"excerpt":{"rendered":"<p>THE SPIM DOCTORAL SCHOOL TRAINING COMMITTEE THE TRAINING COMMITTEE ROLE AND MISSIONS : The role of the commission is to make proposals to improve the ED SPIM&#8217;s training program The committee gives its opinion on the creation or ending of a training course It creates evaluation sheets. It gives its view on the assessment of &hellip; <a href=\"https:\/\/spim.ubfc.fr\/en\/training-committee\/\">Continued<\/a><\/p>\n","protected":false},"author":22,"featured_media":0,"parent":0,"menu_order":0,"comment_status":"closed","ping_status":"closed","template":"","meta":{"_acf_changed":false,"footnotes":""},"class_list":["post-1038","page","type-page","status-publish","hentry"],"acf":[],"yoast_head":"<!-- This site is optimized with the Yoast SEO plugin v27.3 - https:\/\/yoast.com\/product\/yoast-seo-wordpress\/ -->\n<title>Training committee - \u00c9COLE DOCTORALE SPIM<\/title>\n<meta name=\"robots\" content=\"index, follow, max-snippet:-1, max-image-preview:large, max-video-preview:-1\" \/>\n<link rel=\"canonical\" href=\"https:\/\/spim.ubfc.fr\/en\/training-committee\/\" \/>\n<meta property=\"og:locale\" content=\"en_US\" \/>\n<meta property=\"og:type\" content=\"article\" \/>\n<meta property=\"og:title\" content=\"Training committee - \u00c9COLE DOCTORALE SPIM\" \/>\n<meta property=\"og:description\" content=\"THE SPIM DOCTORAL SCHOOL TRAINING COMMITTEE THE TRAINING COMMITTEE ROLE AND MISSIONS : The role of the commission is to make proposals to improve the ED SPIM&#8217;s training program The committee gives its opinion on the creation or ending of a training course It creates evaluation sheets. It gives its view on the assessment of &hellip; Continued\" \/>\n<meta property=\"og:url\" content=\"https:\/\/spim.ubfc.fr\/en\/training-committee\/\" \/>\n<meta property=\"og:site_name\" content=\"\u00c9COLE DOCTORALE SPIM\" \/>\n<meta property=\"article:modified_time\" content=\"2026-03-30T14:14:18+00:00\" \/>\n<meta property=\"og:image\" content=\"https:\/\/spim.ubfc.fr\/wp-content\/uploads\/sites\/17\/2025\/03\/logo_spim_2025_text-1.png\" \/>\n\t<meta property=\"og:image:width\" content=\"1011\" \/>\n\t<meta property=\"og:image:height\" content=\"107\" \/>\n\t<meta property=\"og:image:type\" content=\"image\/png\" \/>\n<meta name=\"twitter:card\" content=\"summary_large_image\" \/>\n<meta name=\"twitter:label1\" content=\"Est. reading time\" \/>\n\t<meta name=\"twitter:data1\" content=\"2 minutes\" \/>\n<script type=\"application\/ld+json\" class=\"yoast-schema-graph\">{\"@context\":\"https:\\\/\\\/schema.org\",\"@graph\":[{\"@type\":\"WebPage\",\"@id\":\"https:\\\/\\\/spim.ubfc.fr\\\/en\\\/training-committee\\\/\",\"url\":\"https:\\\/\\\/spim.ubfc.fr\\\/en\\\/training-committee\\\/\",\"name\":\"Training committee - \u00c9COLE DOCTORALE SPIM\",\"isPartOf\":{\"@id\":\"https:\\\/\\\/spim.ubfc.fr\\\/en\\\/#website\"},\"primaryImageOfPage\":{\"@id\":\"https:\\\/\\\/spim.ubfc.fr\\\/en\\\/training-committee\\\/#primaryimage\"},\"image\":{\"@id\":\"https:\\\/\\\/spim.ubfc.fr\\\/en\\\/training-committee\\\/#primaryimage\"},\"thumbnailUrl\":\"https:\\\/\\\/spim.ubfc.fr\\\/wp-content\\\/uploads\\\/sites\\\/17\\\/2025\\\/03\\\/logo_spim_2025_text-1.png\",\"datePublished\":\"2020-08-14T10:16:54+00:00\",\"dateModified\":\"2026-03-30T14:14:18+00:00\",\"breadcrumb\":{\"@id\":\"https:\\\/\\\/spim.ubfc.fr\\\/en\\\/training-committee\\\/#breadcrumb\"},\"inLanguage\":\"en-US\",\"potentialAction\":[{\"@type\":\"ReadAction\",\"target\":[\"https:\\\/\\\/spim.ubfc.fr\\\/en\\\/training-committee\\\/\"]}]},{\"@type\":\"ImageObject\",\"inLanguage\":\"en-US\",\"@id\":\"https:\\\/\\\/spim.ubfc.fr\\\/en\\\/training-committee\\\/#primaryimage\",\"url\":\"https:\\\/\\\/spim.ubfc.fr\\\/wp-content\\\/uploads\\\/sites\\\/17\\\/2025\\\/03\\\/logo_spim_2025_text-1.png\",\"contentUrl\":\"https:\\\/\\\/spim.ubfc.fr\\\/wp-content\\\/uploads\\\/sites\\\/17\\\/2025\\\/03\\\/logo_spim_2025_text-1.png\"},{\"@type\":\"BreadcrumbList\",\"@id\":\"https:\\\/\\\/spim.ubfc.fr\\\/en\\\/training-committee\\\/#breadcrumb\",\"itemListElement\":[{\"@type\":\"ListItem\",\"position\":1,\"name\":\"Accueil\",\"item\":\"https:\\\/\\\/spim.ubfc.fr\\\/en\\\/\"},{\"@type\":\"ListItem\",\"position\":2,\"name\":\"Training committee\"}]},{\"@type\":\"WebSite\",\"@id\":\"https:\\\/\\\/spim.ubfc.fr\\\/en\\\/#website\",\"url\":\"https:\\\/\\\/spim.ubfc.fr\\\/en\\\/\",\"name\":\"\u00c9cole Doctorale SPIM\",\"description\":\"Ecole Doctorale de Sciences Physiques pour l\u2019Ing\u00e9nieur et Microtechniques - Universit\u00e9 de Bourgogne Franche-Comt\u00e9\",\"publisher\":{\"@id\":\"https:\\\/\\\/spim.ubfc.fr\\\/en\\\/#organization\"},\"potentialAction\":[{\"@type\":\"SearchAction\",\"target\":{\"@type\":\"EntryPoint\",\"urlTemplate\":\"https:\\\/\\\/spim.ubfc.fr\\\/en\\\/?s={search_term_string}\"},\"query-input\":{\"@type\":\"PropertyValueSpecification\",\"valueRequired\":true,\"valueName\":\"search_term_string\"}}],\"inLanguage\":\"en-US\"},{\"@type\":\"Organization\",\"@id\":\"https:\\\/\\\/spim.ubfc.fr\\\/en\\\/#organization\",\"name\":\"\u00c9cole Doctorale SPIM\",\"url\":\"https:\\\/\\\/spim.ubfc.fr\\\/en\\\/\",\"logo\":{\"@type\":\"ImageObject\",\"inLanguage\":\"en-US\",\"@id\":\"https:\\\/\\\/spim.ubfc.fr\\\/en\\\/#\\\/schema\\\/logo\\\/image\\\/\",\"url\":\"https:\\\/\\\/spim.ubfc.fr\\\/wp-content\\\/uploads\\\/sites\\\/17\\\/2020\\\/08\\\/logospim.jpeg\",\"contentUrl\":\"https:\\\/\\\/spim.ubfc.fr\\\/wp-content\\\/uploads\\\/sites\\\/17\\\/2020\\\/08\\\/logospim.jpeg\",\"width\":434,\"height\":144,\"caption\":\"\u00c9cole Doctorale SPIM\"},\"image\":{\"@id\":\"https:\\\/\\\/spim.ubfc.fr\\\/en\\\/#\\\/schema\\\/logo\\\/image\\\/\"}}]}<\/script>\n<!-- \/ Yoast SEO plugin. -->","yoast_head_json":{"title":"Training committee - \u00c9COLE DOCTORALE SPIM","robots":{"index":"index","follow":"follow","max-snippet":"max-snippet:-1","max-image-preview":"max-image-preview:large","max-video-preview":"max-video-preview:-1"},"canonical":"https:\/\/spim.ubfc.fr\/en\/training-committee\/","og_locale":"en_US","og_type":"article","og_title":"Training committee - \u00c9COLE DOCTORALE SPIM","og_description":"THE SPIM DOCTORAL SCHOOL TRAINING COMMITTEE THE TRAINING COMMITTEE ROLE AND MISSIONS : The role of the commission is to make proposals to improve the ED SPIM&#8217;s training program The committee gives its opinion on the creation or ending of a training course It creates evaluation sheets. It gives its view on the assessment of &hellip; Continued","og_url":"https:\/\/spim.ubfc.fr\/en\/training-committee\/","og_site_name":"\u00c9COLE DOCTORALE SPIM","article_modified_time":"2026-03-30T14:14:18+00:00","og_image":[{"width":1011,"height":107,"url":"https:\/\/spim.ubfc.fr\/wp-content\/uploads\/sites\/17\/2025\/03\/logo_spim_2025_text-1.png","type":"image\/png"}],"twitter_card":"summary_large_image","twitter_misc":{"Est. reading time":"2 minutes"},"schema":{"@context":"https:\/\/schema.org","@graph":[{"@type":"WebPage","@id":"https:\/\/spim.ubfc.fr\/en\/training-committee\/","url":"https:\/\/spim.ubfc.fr\/en\/training-committee\/","name":"Training committee - \u00c9COLE DOCTORALE SPIM","isPartOf":{"@id":"https:\/\/spim.ubfc.fr\/en\/#website"},"primaryImageOfPage":{"@id":"https:\/\/spim.ubfc.fr\/en\/training-committee\/#primaryimage"},"image":{"@id":"https:\/\/spim.ubfc.fr\/en\/training-committee\/#primaryimage"},"thumbnailUrl":"https:\/\/spim.ubfc.fr\/wp-content\/uploads\/sites\/17\/2025\/03\/logo_spim_2025_text-1.png","datePublished":"2020-08-14T10:16:54+00:00","dateModified":"2026-03-30T14:14:18+00:00","breadcrumb":{"@id":"https:\/\/spim.ubfc.fr\/en\/training-committee\/#breadcrumb"},"inLanguage":"en-US","potentialAction":[{"@type":"ReadAction","target":["https:\/\/spim.ubfc.fr\/en\/training-committee\/"]}]},{"@type":"ImageObject","inLanguage":"en-US","@id":"https:\/\/spim.ubfc.fr\/en\/training-committee\/#primaryimage","url":"https:\/\/spim.ubfc.fr\/wp-content\/uploads\/sites\/17\/2025\/03\/logo_spim_2025_text-1.png","contentUrl":"https:\/\/spim.ubfc.fr\/wp-content\/uploads\/sites\/17\/2025\/03\/logo_spim_2025_text-1.png"},{"@type":"BreadcrumbList","@id":"https:\/\/spim.ubfc.fr\/en\/training-committee\/#breadcrumb","itemListElement":[{"@type":"ListItem","position":1,"name":"Accueil","item":"https:\/\/spim.ubfc.fr\/en\/"},{"@type":"ListItem","position":2,"name":"Training committee"}]},{"@type":"WebSite","@id":"https:\/\/spim.ubfc.fr\/en\/#website","url":"https:\/\/spim.ubfc.fr\/en\/","name":"\u00c9cole Doctorale SPIM","description":"Ecole Doctorale de Sciences Physiques pour l\u2019Ing\u00e9nieur et Microtechniques - Universit\u00e9 de Bourgogne Franche-Comt\u00e9","publisher":{"@id":"https:\/\/spim.ubfc.fr\/en\/#organization"},"potentialAction":[{"@type":"SearchAction","target":{"@type":"EntryPoint","urlTemplate":"https:\/\/spim.ubfc.fr\/en\/?s={search_term_string}"},"query-input":{"@type":"PropertyValueSpecification","valueRequired":true,"valueName":"search_term_string"}}],"inLanguage":"en-US"},{"@type":"Organization","@id":"https:\/\/spim.ubfc.fr\/en\/#organization","name":"\u00c9cole Doctorale SPIM","url":"https:\/\/spim.ubfc.fr\/en\/","logo":{"@type":"ImageObject","inLanguage":"en-US","@id":"https:\/\/spim.ubfc.fr\/en\/#\/schema\/logo\/image\/","url":"https:\/\/spim.ubfc.fr\/wp-content\/uploads\/sites\/17\/2020\/08\/logospim.jpeg","contentUrl":"https:\/\/spim.ubfc.fr\/wp-content\/uploads\/sites\/17\/2020\/08\/logospim.jpeg","width":434,"height":144,"caption":"\u00c9cole Doctorale SPIM"},"image":{"@id":"https:\/\/spim.ubfc.fr\/en\/#\/schema\/logo\/image\/"}}]}},"_links":{"self":[{"href":"https:\/\/spim.ubfc.fr\/en\/wp-json\/wp\/v2\/pages\/1038","targetHints":{"allow":["GET"]}}],"collection":[{"href":"https:\/\/spim.ubfc.fr\/en\/wp-json\/wp\/v2\/pages"}],"about":[{"href":"https:\/\/spim.ubfc.fr\/en\/wp-json\/wp\/v2\/types\/page"}],"author":[{"embeddable":true,"href":"https:\/\/spim.ubfc.fr\/en\/wp-json\/wp\/v2\/users\/22"}],"replies":[{"embeddable":true,"href":"https:\/\/spim.ubfc.fr\/en\/wp-json\/wp\/v2\/comments?post=1038"}],"version-history":[{"count":5,"href":"https:\/\/spim.ubfc.fr\/en\/wp-json\/wp\/v2\/pages\/1038\/revisions"}],"predecessor-version":[{"id":5301,"href":"https:\/\/spim.ubfc.fr\/en\/wp-json\/wp\/v2\/pages\/1038\/revisions\/5301"}],"wp:attachment":[{"href":"https:\/\/spim.ubfc.fr\/en\/wp-json\/wp\/v2\/media?parent=1038"}],"curies":[{"name":"wp","href":"https:\/\/api.w.org\/{rel}","templated":true}]}}