{"id":1028,"date":"2020-08-14T10:08:56","date_gmt":"2020-08-14T10:08:56","guid":{"rendered":"http:\/\/spim.ubfc.fr\/useful-links\/"},"modified":"2021-09-08T09:51:52","modified_gmt":"2021-09-08T09:51:52","slug":"useful-links","status":"publish","type":"page","link":"https:\/\/spim.ubfc.fr\/en\/resources-faq\/useful-links\/","title":{"rendered":"Useful links"},"content":{"rendered":"\t\t<div data-elementor-type=\"wp-page\" data-elementor-id=\"1028\" class=\"elementor elementor-1028 elementor-397\" data-elementor-post-type=\"page\">\n\t\t\t\t\t\t<section class=\"elementor-section elementor-top-section elementor-element elementor-element-30166a2 elementor-section-boxed elementor-section-height-default elementor-section-height-default\" data-id=\"30166a2\" data-element_type=\"section\" data-e-type=\"section\">\n\t\t\t\t\t\t<div class=\"elementor-container elementor-column-gap-default\">\n\t\t\t\t\t<div class=\"elementor-column elementor-col-100 elementor-top-column elementor-element elementor-element-65f8909\" data-id=\"65f8909\" data-element_type=\"column\" data-e-type=\"column\">\n\t\t\t<div class=\"elementor-widget-wrap elementor-element-populated\">\n\t\t\t\t\t\t<div class=\"elementor-element elementor-element-79a8b45 elementor-widget elementor-widget-breadcrumbs\" data-id=\"79a8b45\" data-element_type=\"widget\" data-e-type=\"widget\" data-widget_type=\"breadcrumbs.default\">\n\t\t\t\t<div class=\"elementor-widget-container\">\n\t\t\t\t\t<p id=\"breadcrumbs\"><span><span><a href=\"https:\/\/spim.ubfc.fr\/en\/\">Accueil<\/a><\/span><\/span><\/p>\t\t\t\t<\/div>\n\t\t\t\t<\/div>\n\t\t\t\t<div class=\"elementor-element elementor-element-d9b9af8 elementor-widget elementor-widget-heading\" data-id=\"d9b9af8\" data-element_type=\"widget\" data-e-type=\"widget\" data-widget_type=\"heading.default\">\n\t\t\t\t<div class=\"elementor-widget-container\">\n\t\t\t\t\t<h2 class=\"elementor-heading-title elementor-size-default\">Useful links<\/h2>\t\t\t\t<\/div>\n\t\t\t\t<\/div>\n\t\t\t\t<div class=\"elementor-element elementor-element-3c28c65 elementor-widget elementor-widget-text-editor\" data-id=\"3c28c65\" data-element_type=\"widget\" data-e-type=\"widget\" data-widget_type=\"text-editor.default\">\n\t\t\t\t<div class=\"elementor-widget-container\">\n\t\t\t\t\t\t\t\t\t<div id=\"tw-container\" class=\"\" data-cp=\"1\" data-is-ver=\"false\" data-nnttsvi=\"1\" data-sm=\"1\" data-sugg-time=\"500\" data-sugg-url=\"https:\/\/clients1.google.com\/complete\/search\" data-uilc=\"fr\">\n<div id=\"tw-ob\" class=\"tw-src-ltr\">\n<div class=\"oSioSc\">\n<div id=\"tw-target\">\n<div id=\"kAz1tf\" class=\"g9WsWb\">\n<div id=\"tw-target-text-container\" class=\"tw-ta-container F0azHf tw-nfl\" tabindex=\"0\">\n<p id=\"tw-target-text\" class=\"tw-data-text tw-text-large XcVN5d tw-ta\" dir=\"ltr\" data-placeholder=\"Traduction\"><span class=\"Y2IQFc\" lang=\"en\">UBFC website<\/span>: <a style=\"font-size: 1rem; font-family: Roboto, sans-serif; background-color: #ffffff;\" href=\"https:\/\/www.ubfc.fr\/\">www.ubfc.fr<\/a><\/p>\n<\/div>\n<\/div>\n<\/div>\n<\/div>\n<\/div>\n<\/div>\n\t\t\t\t\t\t\t\t<\/div>\n\t\t\t\t<\/div>\n\t\t\t\t<div class=\"elementor-element elementor-element-a3b3288 elementor-widget elementor-widget-text-editor\" data-id=\"a3b3288\" data-element_type=\"widget\" data-e-type=\"widget\" data-widget_type=\"text-editor.default\">\n\t\t\t\t<div class=\"elementor-widget-container\">\n\t\t\t\t\t\t\t\t\t<p id=\"tw-target-text\" class=\"tw-data-text tw-text-large XcVN5d tw-ta\" dir=\"ltr\" data-placeholder=\"Traduction\"><span class=\"Y2IQFc\" lang=\"en\">The State of Higher Education, Research and Innovation in France, by the Ministry of Higher Education, Research and Innovation<\/span><span style=\"font-size: 1rem;\">: <\/span><a style=\"background-color: #ffffff; font-size: 1rem;\" href=\"https:\/\/publication.enseignementsup-recherche.gouv.fr\/eesr\/FR\/?fbclid=IwAR0AkDzOZPa65Er68h9i5-QLi-fnJpOiX-DdDNRlTXyBi-wW5fULy5TDUKk\">https:\/\/publication.enseignementsup-recherche.gouv.fr<\/a><\/p>\n\t\t\t\t\t\t\t\t<\/div>\n\t\t\t\t<\/div>\n\t\t\t\t<div class=\"elementor-element elementor-element-64045af elementor-widget elementor-widget-text-editor\" data-id=\"64045af\" data-element_type=\"widget\" data-e-type=\"widget\" data-widget_type=\"text-editor.default\">\n\t\t\t\t<div class=\"elementor-widget-container\">\n\t\t\t\t\t\t\t\t\t<p>EIPHI : <a href=\"https:\/\/gradschool.eiphi.ubfc.fr\/\">https:\/\/gradschool.eiphi.ubfc.fr<\/a><\/p>\n\t\t\t\t\t\t\t\t<\/div>\n\t\t\t\t<\/div>\n\t\t\t\t<div class=\"elementor-element elementor-element-a825667 elementor-widget elementor-widget-heading\" data-id=\"a825667\" data-element_type=\"widget\" data-e-type=\"widget\" data-widget_type=\"heading.default\">\n\t\t\t\t<div class=\"elementor-widget-container\">\n\t\t\t\t\t<h2 class=\"elementor-heading-title elementor-size-default\">The SPIM Doctoral school is part of the national network REDOC SPI <\/h2>\t\t\t\t<\/div>\n\t\t\t\t<\/div>\n\t\t\t\t<div class=\"elementor-element elementor-element-a7c6640 elementor-widget elementor-widget-text-editor\" data-id=\"a7c6640\" data-element_type=\"widget\" data-e-type=\"widget\" data-widget_type=\"text-editor.default\">\n\t\t\t\t<div class=\"elementor-widget-container\">\n\t\t\t\t\t\t\t\t\t<p class=\"p1\"><span class=\"s1\">National network of doctoral schools in engineering sciences<\/span><\/p>\n<p class=\"p2\"><span class=\"s2\">\u00a0<a href=\"http:\/\/www.redoc-spi.fr\/\"><span class=\"s3\">http:\/\/www.redoc-spi.fr\/<\/span><\/a><\/span><\/p>\n\t\t\t\t\t\t\t\t<\/div>\n\t\t\t\t<\/div>\n\t\t\t\t<div class=\"elementor-element elementor-element-f7d8f78 elementor-widget elementor-widget-image\" data-id=\"f7d8f78\" data-element_type=\"widget\" data-e-type=\"widget\" data-widget_type=\"image.default\">\n\t\t\t\t<div class=\"elementor-widget-container\">\n\t\t\t\t\t\t\t\t\t\t\t\t\t\t\t<img fetchpriority=\"high\" decoding=\"async\" width=\"763\" height=\"250\" src=\"https:\/\/spim.ubfc.fr\/wp-content\/uploads\/sites\/17\/2020\/03\/Contact.jpg\" class=\"attachment-large size-large wp-image-432\" alt=\"\" srcset=\"https:\/\/spim.ubfc.fr\/wp-content\/uploads\/sites\/17\/2020\/03\/Contact.jpg 763w, https:\/\/spim.ubfc.fr\/wp-content\/uploads\/sites\/17\/2020\/03\/Contact-300x98.jpg 300w\" sizes=\"(max-width: 763px) 100vw, 763px\" \/>\t\t\t\t\t\t\t\t\t\t\t\t\t\t\t<\/div>\n\t\t\t\t<\/div>\n\t\t\t\t<div class=\"elementor-element elementor-element-2fda6e3 elementor-widget elementor-widget-heading\" data-id=\"2fda6e3\" data-element_type=\"widget\" data-e-type=\"widget\" data-widget_type=\"heading.default\">\n\t\t\t\t<div class=\"elementor-widget-container\">\n\t\t\t\t\t<h2 class=\"elementor-heading-title elementor-size-default\">Graduate school UBFC EIPHI  <\/h2>\t\t\t\t<\/div>\n\t\t\t\t<\/div>\n\t\t\t\t<section class=\"elementor-section elementor-inner-section elementor-element elementor-element-cc83290 elementor-section-boxed elementor-section-height-default elementor-section-height-default\" data-id=\"cc83290\" data-element_type=\"section\" data-e-type=\"section\">\n\t\t\t\t\t\t<div class=\"elementor-container elementor-column-gap-default\">\n\t\t\t\t\t<div class=\"elementor-column elementor-col-50 elementor-inner-column elementor-element elementor-element-e2cdf6a\" data-id=\"e2cdf6a\" data-element_type=\"column\" data-e-type=\"column\">\n\t\t\t<div class=\"elementor-widget-wrap elementor-element-populated\">\n\t\t\t\t\t\t<div class=\"elementor-element elementor-element-09932f3 elementor-widget elementor-widget-text-editor\" data-id=\"09932f3\" data-element_type=\"widget\" data-e-type=\"widget\" data-widget_type=\"text-editor.default\">\n\t\t\t\t<div class=\"elementor-widget-container\">\n\t\t\t\t\t\t\t\t\t<p><a href=\"https:\/\/gradschool.eiphi.ubfc.fr\/\" target=\"_blank\" rel=\"noopener\">Page d&#8217;accueil<\/a><\/p>\n\t\t\t\t\t\t\t\t<\/div>\n\t\t\t\t<\/div>\n\t\t\t\t\t<\/div>\n\t\t<\/div>\n\t\t\t\t<div class=\"elementor-column elementor-col-50 elementor-inner-column elementor-element elementor-element-71c188b\" data-id=\"71c188b\" data-element_type=\"column\" data-e-type=\"column\">\n\t\t\t<div class=\"elementor-widget-wrap elementor-element-populated\">\n\t\t\t\t\t\t<div class=\"elementor-element elementor-element-24138eb elementor-widget elementor-widget-image\" data-id=\"24138eb\" data-element_type=\"widget\" data-e-type=\"widget\" data-widget_type=\"image.default\">\n\t\t\t\t<div class=\"elementor-widget-container\">\n\t\t\t\t\t\t\t\t\t\t\t\t\t\t\t<img decoding=\"async\" width=\"300\" height=\"150\" src=\"https:\/\/spim.ubfc.fr\/wp-content\/uploads\/sites\/17\/2020\/08\/logo_eiphi.png\" class=\"attachment-large size-large wp-image-773\" alt=\"\" \/>\t\t\t\t\t\t\t\t\t\t\t\t\t\t\t<\/div>\n\t\t\t\t<\/div>\n\t\t\t\t\t<\/div>\n\t\t<\/div>\n\t\t\t\t\t<\/div>\n\t\t<\/section>\n\t\t\t\t<div class=\"elementor-element elementor-element-bbee9c3 elementor-widget elementor-widget-heading\" data-id=\"bbee9c3\" data-element_type=\"widget\" data-e-type=\"widget\" data-widget_type=\"heading.default\">\n\t\t\t\t<div class=\"elementor-widget-container\">\n\t\t\t\t\t<h2 class=\"elementor-heading-title elementor-size-default\">The network LinkedIn for the SPIM Doctoral School:<\/h2>\t\t\t\t<\/div>\n\t\t\t\t<\/div>\n\t\t\t\t<div class=\"elementor-element elementor-element-608d313 elementor-widget elementor-widget-text-editor\" data-id=\"608d313\" data-element_type=\"widget\" data-e-type=\"widget\" data-widget_type=\"text-editor.default\">\n\t\t\t\t<div class=\"elementor-widget-container\">\n\t\t\t\t\t\t\t\t\t<p><a href=\"https:\/\/www.linkedin.com\/school\/15101464\/\" target=\"_blank\" rel=\"noopener\">R\u00e9seau LinkedIn<\/a><\/p>\n\t\t\t\t\t\t\t\t<\/div>\n\t\t\t\t<\/div>\n\t\t\t\t<div class=\"elementor-element elementor-element-6a21f17 elementor-widget elementor-widget-heading\" data-id=\"6a21f17\" data-element_type=\"widget\" data-e-type=\"widget\" data-widget_type=\"heading.default\">\n\t\t\t\t<div class=\"elementor-widget-container\">\n\t\t\t\t\t<h2 class=\"elementor-heading-title elementor-size-default\">The network linkedIn for the national REDOC SPI association <\/h2>\t\t\t\t<\/div>\n\t\t\t\t<\/div>\n\t\t\t\t<div class=\"elementor-element elementor-element-1aa464f elementor-widget elementor-widget-text-editor\" data-id=\"1aa464f\" data-element_type=\"widget\" data-e-type=\"widget\" data-widget_type=\"text-editor.default\">\n\t\t\t\t<div class=\"elementor-widget-container\">\n\t\t\t\t\t\t\t\t\t<p><a href=\"https:\/\/www.linkedin.com\/groups\/13562645\/\" target=\"_blank\" rel=\"noopener\">R\u00e9seau LinkedIn<\/a><\/p>\n\t\t\t\t\t\t\t\t<\/div>\n\t\t\t\t<\/div>\n\t\t\t\t<div class=\"elementor-element elementor-element-3283b60 elementor-widget elementor-widget-heading\" data-id=\"3283b60\" data-element_type=\"widget\" data-e-type=\"widget\" data-widget_type=\"heading.default\">\n\t\t\t\t<div class=\"elementor-widget-container\">\n\t\t\t\t\t<h2 class=\"elementor-heading-title elementor-size-default\">The UBFC doctoral college including the 6 doctoral schools of UBFC: ED CP, ED DGEP, ED ES, ED LECLA, ED SEPT, ED SPIM<\/h2>\t\t\t\t<\/div>\n\t\t\t\t<\/div>\n\t\t\t\t<div class=\"elementor-element elementor-element-53661bd elementor-widget elementor-widget-text-editor\" data-id=\"53661bd\" data-element_type=\"widget\" data-e-type=\"widget\" data-widget_type=\"text-editor.default\">\n\t\t\t\t<div class=\"elementor-widget-container\">\n\t\t\t\t\t\t\t\t\t<p><a href=\"https:\/\/collegedoctoral.ubfc.fr\/\" target=\"_blank\" rel=\"noopener\">Page d&#8217;accueil<\/a><\/p>\n\t\t\t\t\t\t\t\t<\/div>\n\t\t\t\t<\/div>\n\t\t\t\t<div class=\"elementor-element elementor-element-086172d elementor-widget elementor-widget-heading\" data-id=\"086172d\" data-element_type=\"widget\" data-e-type=\"widget\" data-widget_type=\"heading.default\">\n\t\t\t\t<div class=\"elementor-widget-container\">\n\t\t\t\t\t<h2 class=\"elementor-heading-title elementor-size-default\">Database of theses in France, managed by the Higher Education Bibliographic Agency (ABES) <\/h2>\t\t\t\t<\/div>\n\t\t\t\t<\/div>\n\t\t\t\t<div class=\"elementor-element elementor-element-ecd12bf elementor-widget elementor-widget-text-editor\" data-id=\"ecd12bf\" data-element_type=\"widget\" data-e-type=\"widget\" data-widget_type=\"text-editor.default\">\n\t\t\t\t<div class=\"elementor-widget-container\">\n\t\t\t\t\t\t\t\t\t<p><a href=\"https:\/\/www.theses.fr\/\" target=\"_blank\" rel=\"noopener\">Page d&#8217;accueil<\/a><\/p>\n\t\t\t\t\t\t\t\t<\/div>\n\t\t\t\t<\/div>\n\t\t\t\t\t<\/div>\n\t\t<\/div>\n\t\t\t\t\t<\/div>\n\t\t<\/section>\n\t\t\t\t<\/div>\n\t\t","protected":false},"excerpt":{"rendered":"<p>Useful links UBFC website: www.ubfc.fr The State of Higher Education, Research and Innovation in France, by the Ministry of Higher Education, Research and Innovation: https:\/\/publication.enseignementsup-recherche.gouv.fr EIPHI : https:\/\/gradschool.eiphi.ubfc.fr The SPIM Doctoral school is part of the national network REDOC SPI National network of doctoral schools in engineering sciences \u00a0http:\/\/www.redoc-spi.fr\/ Graduate school UBFC EIPHI Page d&#8217;accueil &hellip; <a href=\"https:\/\/spim.ubfc.fr\/en\/resources-faq\/useful-links\/\">Continued<\/a><\/p>\n","protected":false},"author":1,"featured_media":0,"parent":2080,"menu_order":0,"comment_status":"closed","ping_status":"closed","template":"","meta":{"_acf_changed":false,"footnotes":""},"class_list":["post-1028","page","type-page","status-publish","hentry"],"acf":[],"yoast_head":"<!-- This site is optimized with the Yoast SEO plugin v27.3 - https:\/\/yoast.com\/product\/yoast-seo-wordpress\/ -->\n<title>Useful links - \u00c9COLE DOCTORALE SPIM<\/title>\n<meta name=\"robots\" content=\"index, follow, max-snippet:-1, max-image-preview:large, max-video-preview:-1\" \/>\n<link rel=\"canonical\" href=\"https:\/\/spim.ubfc.fr\/en\/resources-faq\/useful-links\/\" \/>\n<meta property=\"og:locale\" content=\"en_US\" \/>\n<meta property=\"og:type\" content=\"article\" \/>\n<meta property=\"og:title\" content=\"Useful links - \u00c9COLE DOCTORALE SPIM\" \/>\n<meta property=\"og:description\" content=\"Useful links UBFC website: www.ubfc.fr The State of Higher Education, Research and Innovation in France, by the Ministry of Higher Education, Research and Innovation: https:\/\/publication.enseignementsup-recherche.gouv.fr EIPHI : https:\/\/gradschool.eiphi.ubfc.fr The SPIM Doctoral school is part of the national network REDOC SPI National network of doctoral schools in engineering sciences \u00a0http:\/\/www.redoc-spi.fr\/ Graduate school UBFC EIPHI Page d&#8217;accueil &hellip; Continued\" \/>\n<meta property=\"og:url\" content=\"https:\/\/spim.ubfc.fr\/en\/resources-faq\/useful-links\/\" \/>\n<meta property=\"og:site_name\" content=\"\u00c9COLE DOCTORALE SPIM\" \/>\n<meta property=\"article:modified_time\" content=\"2021-09-08T09:51:52+00:00\" \/>\n<meta property=\"og:image\" content=\"http:\/\/spim.ubfc.fr\/wp-content\/uploads\/sites\/17\/2020\/03\/Contact.jpg\" \/>\n<meta name=\"twitter:card\" content=\"summary_large_image\" \/>\n<meta name=\"twitter:label1\" content=\"Est. reading time\" \/>\n\t<meta name=\"twitter:data1\" content=\"1 minute\" \/>\n<script type=\"application\/ld+json\" class=\"yoast-schema-graph\">{\"@context\":\"https:\\\/\\\/schema.org\",\"@graph\":[{\"@type\":\"WebPage\",\"@id\":\"https:\\\/\\\/spim.ubfc.fr\\\/en\\\/resources-faq\\\/useful-links\\\/\",\"url\":\"https:\\\/\\\/spim.ubfc.fr\\\/en\\\/resources-faq\\\/useful-links\\\/\",\"name\":\"Useful links - \u00c9COLE DOCTORALE SPIM\",\"isPartOf\":{\"@id\":\"https:\\\/\\\/spim.ubfc.fr\\\/en\\\/#website\"},\"primaryImageOfPage\":{\"@id\":\"https:\\\/\\\/spim.ubfc.fr\\\/en\\\/resources-faq\\\/useful-links\\\/#primaryimage\"},\"image\":{\"@id\":\"https:\\\/\\\/spim.ubfc.fr\\\/en\\\/resources-faq\\\/useful-links\\\/#primaryimage\"},\"thumbnailUrl\":\"http:\\\/\\\/spim.ubfc.fr\\\/wp-content\\\/uploads\\\/sites\\\/17\\\/2020\\\/03\\\/Contact.jpg\",\"datePublished\":\"2020-08-14T10:08:56+00:00\",\"dateModified\":\"2021-09-08T09:51:52+00:00\",\"breadcrumb\":{\"@id\":\"https:\\\/\\\/spim.ubfc.fr\\\/en\\\/resources-faq\\\/useful-links\\\/#breadcrumb\"},\"inLanguage\":\"en-US\",\"potentialAction\":[{\"@type\":\"ReadAction\",\"target\":[\"https:\\\/\\\/spim.ubfc.fr\\\/en\\\/resources-faq\\\/useful-links\\\/\"]}]},{\"@type\":\"ImageObject\",\"inLanguage\":\"en-US\",\"@id\":\"https:\\\/\\\/spim.ubfc.fr\\\/en\\\/resources-faq\\\/useful-links\\\/#primaryimage\",\"url\":\"http:\\\/\\\/spim.ubfc.fr\\\/wp-content\\\/uploads\\\/sites\\\/17\\\/2020\\\/03\\\/Contact.jpg\",\"contentUrl\":\"http:\\\/\\\/spim.ubfc.fr\\\/wp-content\\\/uploads\\\/sites\\\/17\\\/2020\\\/03\\\/Contact.jpg\"},{\"@type\":\"BreadcrumbList\",\"@id\":\"https:\\\/\\\/spim.ubfc.fr\\\/en\\\/resources-faq\\\/useful-links\\\/#breadcrumb\",\"itemListElement\":[{\"@type\":\"ListItem\",\"position\":1,\"name\":\"Accueil\",\"item\":\"https:\\\/\\\/spim.ubfc.fr\\\/en\\\/\"},{\"@type\":\"ListItem\",\"position\":2,\"name\":\"Resources \\\/ Q&amp;A\",\"item\":\"https:\\\/\\\/spim.ubfc.fr\\\/en\\\/resources-faq\\\/\"},{\"@type\":\"ListItem\",\"position\":3,\"name\":\"Useful links\"}]},{\"@type\":\"WebSite\",\"@id\":\"https:\\\/\\\/spim.ubfc.fr\\\/en\\\/#website\",\"url\":\"https:\\\/\\\/spim.ubfc.fr\\\/en\\\/\",\"name\":\"\u00c9cole Doctorale SPIM\",\"description\":\"Ecole Doctorale de Sciences Physiques pour l\u2019Ing\u00e9nieur et Microtechniques - Universit\u00e9 de Bourgogne Franche-Comt\u00e9\",\"publisher\":{\"@id\":\"https:\\\/\\\/spim.ubfc.fr\\\/en\\\/#organization\"},\"potentialAction\":[{\"@type\":\"SearchAction\",\"target\":{\"@type\":\"EntryPoint\",\"urlTemplate\":\"https:\\\/\\\/spim.ubfc.fr\\\/en\\\/?s={search_term_string}\"},\"query-input\":{\"@type\":\"PropertyValueSpecification\",\"valueRequired\":true,\"valueName\":\"search_term_string\"}}],\"inLanguage\":\"en-US\"},{\"@type\":\"Organization\",\"@id\":\"https:\\\/\\\/spim.ubfc.fr\\\/en\\\/#organization\",\"name\":\"\u00c9cole Doctorale SPIM\",\"url\":\"https:\\\/\\\/spim.ubfc.fr\\\/en\\\/\",\"logo\":{\"@type\":\"ImageObject\",\"inLanguage\":\"en-US\",\"@id\":\"https:\\\/\\\/spim.ubfc.fr\\\/en\\\/#\\\/schema\\\/logo\\\/image\\\/\",\"url\":\"https:\\\/\\\/spim.ubfc.fr\\\/wp-content\\\/uploads\\\/sites\\\/17\\\/2020\\\/08\\\/logospim.jpeg\",\"contentUrl\":\"https:\\\/\\\/spim.ubfc.fr\\\/wp-content\\\/uploads\\\/sites\\\/17\\\/2020\\\/08\\\/logospim.jpeg\",\"width\":434,\"height\":144,\"caption\":\"\u00c9cole Doctorale SPIM\"},\"image\":{\"@id\":\"https:\\\/\\\/spim.ubfc.fr\\\/en\\\/#\\\/schema\\\/logo\\\/image\\\/\"}}]}<\/script>\n<!-- \/ Yoast SEO plugin. -->","yoast_head_json":{"title":"Useful links - \u00c9COLE DOCTORALE SPIM","robots":{"index":"index","follow":"follow","max-snippet":"max-snippet:-1","max-image-preview":"max-image-preview:large","max-video-preview":"max-video-preview:-1"},"canonical":"https:\/\/spim.ubfc.fr\/en\/resources-faq\/useful-links\/","og_locale":"en_US","og_type":"article","og_title":"Useful links - \u00c9COLE DOCTORALE SPIM","og_description":"Useful links UBFC website: www.ubfc.fr The State of Higher Education, Research and Innovation in France, by the Ministry of Higher Education, Research and Innovation: https:\/\/publication.enseignementsup-recherche.gouv.fr EIPHI : https:\/\/gradschool.eiphi.ubfc.fr The SPIM Doctoral school is part of the national network REDOC SPI National network of doctoral schools in engineering sciences \u00a0http:\/\/www.redoc-spi.fr\/ Graduate school UBFC EIPHI Page d&#8217;accueil &hellip; Continued","og_url":"https:\/\/spim.ubfc.fr\/en\/resources-faq\/useful-links\/","og_site_name":"\u00c9COLE DOCTORALE SPIM","article_modified_time":"2021-09-08T09:51:52+00:00","og_image":[{"url":"http:\/\/spim.ubfc.fr\/wp-content\/uploads\/sites\/17\/2020\/03\/Contact.jpg","type":"","width":"","height":""}],"twitter_card":"summary_large_image","twitter_misc":{"Est. reading time":"1 minute"},"schema":{"@context":"https:\/\/schema.org","@graph":[{"@type":"WebPage","@id":"https:\/\/spim.ubfc.fr\/en\/resources-faq\/useful-links\/","url":"https:\/\/spim.ubfc.fr\/en\/resources-faq\/useful-links\/","name":"Useful links - \u00c9COLE DOCTORALE SPIM","isPartOf":{"@id":"https:\/\/spim.ubfc.fr\/en\/#website"},"primaryImageOfPage":{"@id":"https:\/\/spim.ubfc.fr\/en\/resources-faq\/useful-links\/#primaryimage"},"image":{"@id":"https:\/\/spim.ubfc.fr\/en\/resources-faq\/useful-links\/#primaryimage"},"thumbnailUrl":"http:\/\/spim.ubfc.fr\/wp-content\/uploads\/sites\/17\/2020\/03\/Contact.jpg","datePublished":"2020-08-14T10:08:56+00:00","dateModified":"2021-09-08T09:51:52+00:00","breadcrumb":{"@id":"https:\/\/spim.ubfc.fr\/en\/resources-faq\/useful-links\/#breadcrumb"},"inLanguage":"en-US","potentialAction":[{"@type":"ReadAction","target":["https:\/\/spim.ubfc.fr\/en\/resources-faq\/useful-links\/"]}]},{"@type":"ImageObject","inLanguage":"en-US","@id":"https:\/\/spim.ubfc.fr\/en\/resources-faq\/useful-links\/#primaryimage","url":"http:\/\/spim.ubfc.fr\/wp-content\/uploads\/sites\/17\/2020\/03\/Contact.jpg","contentUrl":"http:\/\/spim.ubfc.fr\/wp-content\/uploads\/sites\/17\/2020\/03\/Contact.jpg"},{"@type":"BreadcrumbList","@id":"https:\/\/spim.ubfc.fr\/en\/resources-faq\/useful-links\/#breadcrumb","itemListElement":[{"@type":"ListItem","position":1,"name":"Accueil","item":"https:\/\/spim.ubfc.fr\/en\/"},{"@type":"ListItem","position":2,"name":"Resources \/ Q&amp;A","item":"https:\/\/spim.ubfc.fr\/en\/resources-faq\/"},{"@type":"ListItem","position":3,"name":"Useful links"}]},{"@type":"WebSite","@id":"https:\/\/spim.ubfc.fr\/en\/#website","url":"https:\/\/spim.ubfc.fr\/en\/","name":"\u00c9cole Doctorale SPIM","description":"Ecole Doctorale de Sciences Physiques pour l\u2019Ing\u00e9nieur et Microtechniques - Universit\u00e9 de Bourgogne Franche-Comt\u00e9","publisher":{"@id":"https:\/\/spim.ubfc.fr\/en\/#organization"},"potentialAction":[{"@type":"SearchAction","target":{"@type":"EntryPoint","urlTemplate":"https:\/\/spim.ubfc.fr\/en\/?s={search_term_string}"},"query-input":{"@type":"PropertyValueSpecification","valueRequired":true,"valueName":"search_term_string"}}],"inLanguage":"en-US"},{"@type":"Organization","@id":"https:\/\/spim.ubfc.fr\/en\/#organization","name":"\u00c9cole Doctorale SPIM","url":"https:\/\/spim.ubfc.fr\/en\/","logo":{"@type":"ImageObject","inLanguage":"en-US","@id":"https:\/\/spim.ubfc.fr\/en\/#\/schema\/logo\/image\/","url":"https:\/\/spim.ubfc.fr\/wp-content\/uploads\/sites\/17\/2020\/08\/logospim.jpeg","contentUrl":"https:\/\/spim.ubfc.fr\/wp-content\/uploads\/sites\/17\/2020\/08\/logospim.jpeg","width":434,"height":144,"caption":"\u00c9cole Doctorale SPIM"},"image":{"@id":"https:\/\/spim.ubfc.fr\/en\/#\/schema\/logo\/image\/"}}]}},"_links":{"self":[{"href":"https:\/\/spim.ubfc.fr\/en\/wp-json\/wp\/v2\/pages\/1028","targetHints":{"allow":["GET"]}}],"collection":[{"href":"https:\/\/spim.ubfc.fr\/en\/wp-json\/wp\/v2\/pages"}],"about":[{"href":"https:\/\/spim.ubfc.fr\/en\/wp-json\/wp\/v2\/types\/page"}],"author":[{"embeddable":true,"href":"https:\/\/spim.ubfc.fr\/en\/wp-json\/wp\/v2\/users\/1"}],"replies":[{"embeddable":true,"href":"https:\/\/spim.ubfc.fr\/en\/wp-json\/wp\/v2\/comments?post=1028"}],"version-history":[{"count":0,"href":"https:\/\/spim.ubfc.fr\/en\/wp-json\/wp\/v2\/pages\/1028\/revisions"}],"up":[{"embeddable":true,"href":"https:\/\/spim.ubfc.fr\/en\/wp-json\/wp\/v2\/pages\/2080"}],"wp:attachment":[{"href":"https:\/\/spim.ubfc.fr\/en\/wp-json\/wp\/v2\/media?parent=1028"}],"curies":[{"name":"wp","href":"https:\/\/api.w.org\/{rel}","templated":true}]}}