{"id":1014,"date":"2020-08-14T09:59:35","date_gmt":"2020-08-14T09:59:35","guid":{"rendered":"http:\/\/spim.ubfc.fr\/events\/events\/"},"modified":"2021-07-09T12:57:04","modified_gmt":"2021-07-09T12:57:04","slug":"events2019","status":"publish","type":"page","link":"https:\/\/spim.ubfc.fr\/en\/graduation-ceremony2019\/events2019\/","title":{"rendered":"Events"},"content":{"rendered":"<h2>Events<\/h2>\n<h2>Some events organized every year at UBFC, at national or international level <\/h2>\n<h2>The Doctoral Day for new PhD students <\/h2>\n<p>The Doctoral Day (JRD) is a full day of information for first-year UBFC PhD students. Their presence is mandatory.<\/p>\n<p>The morning brings together all first-year doctoral students: welcome, distribution of documentation, information on training, on the skills acquired in the doctoral program and their valorization, thematic conferences.<\/p>\n<p>In the afternoon, each doctoral school proposes a specific meeting for its PhD students.<\/p>\n<p>Transport and meals for PhD students are organized and paid for by UBFC.<\/p>\n<p><b>The JRD takes place every year in mid-November. The next JRD will take place in Dijon on 17 November<\/b>.<\/p>\n<h2>Ma thesis in 180 seconds <\/h2>\n<p>Initiated for the first time in French language in 2012 in Quebec by the Association francophone pour le savoir (Acfas), the &#8220;Ma th\u00e8se en 180 secondes&#8221; competition was launched in France in 2014 by the CNRS and the CPU.<\/p>\n<p>The competition offers PhD students the opportunity to explain their thesis topic in just three minutes, making it exciting and understandable to everyone. Each PhD student must thus make a clear, concise and yet convincing presentation of their research project, all with the support of a single slide! This is a unique opportunity for them to popularize the content and issues of their work with the general public and to acquire communication skills that go far beyond the simple exercise of style. To meet the challenge, PhD students receive training, with the goal of helping them vulgarize their research and quickly capture the attention of an audience. <\/p>\n<p>Each year, UBFC organizes the Regional Final of the competition: 10 regional finalists are selected to participate, try to win one of the two regional prizes (Audience Prize and Jury Prize) and reach the regional semi-finals, the national final and even the international final!<\/p>\n<p>The PhD students also have the opportunity to make their presentation to the high school students of the Region during the session reserved for them each year, at the end of which the Rectorate awards a High School Student Prize on their behalf to the students&#8217; favourite candidate.<\/p>\n<p><b>The next MT180 session will take place in Besan\u00e7on on Tuesday 23 March 2021, at the Th\u00e9\u00e2tre de l&#8217;Espace<\/b>.<\/p>\n<h2>Graduation ceremony <\/h2>\n<p>Each year the doctoral degrees for all the UBFC doctors of the year are awarded. This graduation ceremony is organized at the level of the UBFC doctoral college. <\/p>\n<p>It is a festive moment to be shared with friends and family and is an opportunity for exchanges between doctors of the different UBFC Doctoral Schools.<\/p>\n<p>The next graduation ceremony will take place on Friday 18 December 2020, in Besan\u00e7on!<b> <\/b><\/p>\n<p><b>La f\u00eate de la science<\/b><\/p>\n<p>The \u201cf\u00eate de la science\u201d is a major popular and scientific event that is organized every year at national level and in the Bourgogne-Franche-Comt\u00e9 region.<\/p>\n<p><a href=\"https:\/\/www.fetedelascience.fr\/\">https:\/\/www.fetedelascience.fr\/<\/a><\/p>\n<h2>The European Researchers&#8217; Night <\/h2>\n<p>This annual event offers everyone the opportunity to meet the researchers, to take part in real scientific experiments and surprising activities.<\/p>\n<p><a href=\"https:\/\/nuitdeschercheurs-france.eu\/?EntrezdanslEnquete\">https:\/\/nuitdeschercheurs-france.eu\/<\/a><\/p>\n","protected":false},"excerpt":{"rendered":"<p>Events Some events organized every year at UBFC, at national or international level The Doctoral Day for new PhD students The Doctoral Day (JRD) is a full day of information for first-year UBFC PhD students. Their presence is mandatory. The morning brings together all first-year doctoral students: welcome, distribution of documentation, information on training, on &hellip; <a href=\"https:\/\/spim.ubfc.fr\/en\/graduation-ceremony2019\/events2019\/\">Continued<\/a><\/p>\n","protected":false},"author":1,"featured_media":0,"parent":1009,"menu_order":0,"comment_status":"closed","ping_status":"closed","template":"","meta":{"_acf_changed":false,"footnotes":""},"class_list":["post-1014","page","type-page","status-publish","hentry"],"acf":[],"yoast_head":"<!-- This site is optimized with the Yoast SEO plugin v27.4 - https:\/\/yoast.com\/product\/yoast-seo-wordpress\/ -->\n<title>Events - \u00c9COLE DOCTORALE SPIM<\/title>\n<meta name=\"robots\" content=\"index, follow, max-snippet:-1, max-image-preview:large, max-video-preview:-1\" \/>\n<link rel=\"canonical\" href=\"https:\/\/spim.ubfc.fr\/en\/graduation-ceremony2019\/events2019\/\" \/>\n<meta property=\"og:locale\" content=\"en_US\" \/>\n<meta property=\"og:type\" content=\"article\" \/>\n<meta property=\"og:title\" content=\"Events - \u00c9COLE DOCTORALE SPIM\" \/>\n<meta property=\"og:description\" content=\"Events Some events organized every year at UBFC, at national or international level The Doctoral Day for new PhD students The Doctoral Day (JRD) is a full day of information for first-year UBFC PhD students. Their presence is mandatory. The morning brings together all first-year doctoral students: welcome, distribution of documentation, information on training, on &hellip; Continued\" \/>\n<meta property=\"og:url\" content=\"https:\/\/spim.ubfc.fr\/en\/graduation-ceremony2019\/events2019\/\" \/>\n<meta property=\"og:site_name\" content=\"\u00c9COLE DOCTORALE SPIM\" \/>\n<meta property=\"article:modified_time\" content=\"2021-07-09T12:57:04+00:00\" \/>\n<meta name=\"twitter:card\" content=\"summary_large_image\" \/>\n<meta name=\"twitter:label1\" content=\"Est. reading time\" \/>\n\t<meta name=\"twitter:data1\" content=\"3 minutes\" \/>\n<script type=\"application\/ld+json\" class=\"yoast-schema-graph\">{\"@context\":\"https:\\\/\\\/schema.org\",\"@graph\":[{\"@type\":\"WebPage\",\"@id\":\"https:\\\/\\\/spim.ubfc.fr\\\/en\\\/graduation-ceremony2019\\\/events2019\\\/\",\"url\":\"https:\\\/\\\/spim.ubfc.fr\\\/en\\\/graduation-ceremony2019\\\/events2019\\\/\",\"name\":\"Events - \u00c9COLE DOCTORALE SPIM\",\"isPartOf\":{\"@id\":\"https:\\\/\\\/spim.ubfc.fr\\\/en\\\/#website\"},\"datePublished\":\"2020-08-14T09:59:35+00:00\",\"dateModified\":\"2021-07-09T12:57:04+00:00\",\"breadcrumb\":{\"@id\":\"https:\\\/\\\/spim.ubfc.fr\\\/en\\\/graduation-ceremony2019\\\/events2019\\\/#breadcrumb\"},\"inLanguage\":\"en-US\",\"potentialAction\":[{\"@type\":\"ReadAction\",\"target\":[\"https:\\\/\\\/spim.ubfc.fr\\\/en\\\/graduation-ceremony2019\\\/events2019\\\/\"]}]},{\"@type\":\"BreadcrumbList\",\"@id\":\"https:\\\/\\\/spim.ubfc.fr\\\/en\\\/graduation-ceremony2019\\\/events2019\\\/#breadcrumb\",\"itemListElement\":[{\"@type\":\"ListItem\",\"position\":1,\"name\":\"Accueil\",\"item\":\"https:\\\/\\\/spim.ubfc.fr\\\/en\\\/\"},{\"@type\":\"ListItem\",\"position\":2,\"name\":\"Graduation ceremony 2019\",\"item\":\"https:\\\/\\\/spim.ubfc.fr\\\/en\\\/graduation-ceremony2019\\\/\"},{\"@type\":\"ListItem\",\"position\":3,\"name\":\"Events\"}]},{\"@type\":\"WebSite\",\"@id\":\"https:\\\/\\\/spim.ubfc.fr\\\/en\\\/#website\",\"url\":\"https:\\\/\\\/spim.ubfc.fr\\\/en\\\/\",\"name\":\"\u00c9cole Doctorale SPIM\",\"description\":\"Ecole Doctorale de Sciences Physiques pour l\u2019Ing\u00e9nieur et Microtechniques - Universit\u00e9 de Bourgogne Franche-Comt\u00e9\",\"publisher\":{\"@id\":\"https:\\\/\\\/spim.ubfc.fr\\\/en\\\/#organization\"},\"potentialAction\":[{\"@type\":\"SearchAction\",\"target\":{\"@type\":\"EntryPoint\",\"urlTemplate\":\"https:\\\/\\\/spim.ubfc.fr\\\/en\\\/?s={search_term_string}\"},\"query-input\":{\"@type\":\"PropertyValueSpecification\",\"valueRequired\":true,\"valueName\":\"search_term_string\"}}],\"inLanguage\":\"en-US\"},{\"@type\":\"Organization\",\"@id\":\"https:\\\/\\\/spim.ubfc.fr\\\/en\\\/#organization\",\"name\":\"\u00c9cole Doctorale SPIM\",\"url\":\"https:\\\/\\\/spim.ubfc.fr\\\/en\\\/\",\"logo\":{\"@type\":\"ImageObject\",\"inLanguage\":\"en-US\",\"@id\":\"https:\\\/\\\/spim.ubfc.fr\\\/en\\\/#\\\/schema\\\/logo\\\/image\\\/\",\"url\":\"https:\\\/\\\/spim.ubfc.fr\\\/wp-content\\\/uploads\\\/sites\\\/17\\\/2020\\\/08\\\/logospim.jpeg\",\"contentUrl\":\"https:\\\/\\\/spim.ubfc.fr\\\/wp-content\\\/uploads\\\/sites\\\/17\\\/2020\\\/08\\\/logospim.jpeg\",\"width\":434,\"height\":144,\"caption\":\"\u00c9cole Doctorale SPIM\"},\"image\":{\"@id\":\"https:\\\/\\\/spim.ubfc.fr\\\/en\\\/#\\\/schema\\\/logo\\\/image\\\/\"}}]}<\/script>\n<!-- \/ Yoast SEO plugin. -->","yoast_head_json":{"title":"Events - \u00c9COLE DOCTORALE SPIM","robots":{"index":"index","follow":"follow","max-snippet":"max-snippet:-1","max-image-preview":"max-image-preview:large","max-video-preview":"max-video-preview:-1"},"canonical":"https:\/\/spim.ubfc.fr\/en\/graduation-ceremony2019\/events2019\/","og_locale":"en_US","og_type":"article","og_title":"Events - \u00c9COLE DOCTORALE SPIM","og_description":"Events Some events organized every year at UBFC, at national or international level The Doctoral Day for new PhD students The Doctoral Day (JRD) is a full day of information for first-year UBFC PhD students. Their presence is mandatory. The morning brings together all first-year doctoral students: welcome, distribution of documentation, information on training, on &hellip; Continued","og_url":"https:\/\/spim.ubfc.fr\/en\/graduation-ceremony2019\/events2019\/","og_site_name":"\u00c9COLE DOCTORALE SPIM","article_modified_time":"2021-07-09T12:57:04+00:00","twitter_card":"summary_large_image","twitter_misc":{"Est. reading time":"3 minutes"},"schema":{"@context":"https:\/\/schema.org","@graph":[{"@type":"WebPage","@id":"https:\/\/spim.ubfc.fr\/en\/graduation-ceremony2019\/events2019\/","url":"https:\/\/spim.ubfc.fr\/en\/graduation-ceremony2019\/events2019\/","name":"Events - \u00c9COLE DOCTORALE SPIM","isPartOf":{"@id":"https:\/\/spim.ubfc.fr\/en\/#website"},"datePublished":"2020-08-14T09:59:35+00:00","dateModified":"2021-07-09T12:57:04+00:00","breadcrumb":{"@id":"https:\/\/spim.ubfc.fr\/en\/graduation-ceremony2019\/events2019\/#breadcrumb"},"inLanguage":"en-US","potentialAction":[{"@type":"ReadAction","target":["https:\/\/spim.ubfc.fr\/en\/graduation-ceremony2019\/events2019\/"]}]},{"@type":"BreadcrumbList","@id":"https:\/\/spim.ubfc.fr\/en\/graduation-ceremony2019\/events2019\/#breadcrumb","itemListElement":[{"@type":"ListItem","position":1,"name":"Accueil","item":"https:\/\/spim.ubfc.fr\/en\/"},{"@type":"ListItem","position":2,"name":"Graduation ceremony 2019","item":"https:\/\/spim.ubfc.fr\/en\/graduation-ceremony2019\/"},{"@type":"ListItem","position":3,"name":"Events"}]},{"@type":"WebSite","@id":"https:\/\/spim.ubfc.fr\/en\/#website","url":"https:\/\/spim.ubfc.fr\/en\/","name":"\u00c9cole Doctorale SPIM","description":"Ecole Doctorale de Sciences Physiques pour l\u2019Ing\u00e9nieur et Microtechniques - Universit\u00e9 de Bourgogne Franche-Comt\u00e9","publisher":{"@id":"https:\/\/spim.ubfc.fr\/en\/#organization"},"potentialAction":[{"@type":"SearchAction","target":{"@type":"EntryPoint","urlTemplate":"https:\/\/spim.ubfc.fr\/en\/?s={search_term_string}"},"query-input":{"@type":"PropertyValueSpecification","valueRequired":true,"valueName":"search_term_string"}}],"inLanguage":"en-US"},{"@type":"Organization","@id":"https:\/\/spim.ubfc.fr\/en\/#organization","name":"\u00c9cole Doctorale SPIM","url":"https:\/\/spim.ubfc.fr\/en\/","logo":{"@type":"ImageObject","inLanguage":"en-US","@id":"https:\/\/spim.ubfc.fr\/en\/#\/schema\/logo\/image\/","url":"https:\/\/spim.ubfc.fr\/wp-content\/uploads\/sites\/17\/2020\/08\/logospim.jpeg","contentUrl":"https:\/\/spim.ubfc.fr\/wp-content\/uploads\/sites\/17\/2020\/08\/logospim.jpeg","width":434,"height":144,"caption":"\u00c9cole Doctorale SPIM"},"image":{"@id":"https:\/\/spim.ubfc.fr\/en\/#\/schema\/logo\/image\/"}}]}},"_links":{"self":[{"href":"https:\/\/spim.ubfc.fr\/en\/wp-json\/wp\/v2\/pages\/1014","targetHints":{"allow":["GET"]}}],"collection":[{"href":"https:\/\/spim.ubfc.fr\/en\/wp-json\/wp\/v2\/pages"}],"about":[{"href":"https:\/\/spim.ubfc.fr\/en\/wp-json\/wp\/v2\/types\/page"}],"author":[{"embeddable":true,"href":"https:\/\/spim.ubfc.fr\/en\/wp-json\/wp\/v2\/users\/1"}],"replies":[{"embeddable":true,"href":"https:\/\/spim.ubfc.fr\/en\/wp-json\/wp\/v2\/comments?post=1014"}],"version-history":[{"count":0,"href":"https:\/\/spim.ubfc.fr\/en\/wp-json\/wp\/v2\/pages\/1014\/revisions"}],"up":[{"embeddable":true,"href":"https:\/\/spim.ubfc.fr\/en\/wp-json\/wp\/v2\/pages\/1009"}],"wp:attachment":[{"href":"https:\/\/spim.ubfc.fr\/en\/wp-json\/wp\/v2\/media?parent=1014"}],"curies":[{"name":"wp","href":"https:\/\/api.w.org\/{rel}","templated":true}]}}